{"id":19979,"date":"2025-11-13T16:35:59","date_gmt":"2025-11-13T15:35:59","guid":{"rendered":"https:\/\/nimeurope.com\/?page_id=19979"},"modified":"2025-11-13T16:43:21","modified_gmt":"2025-11-13T14:43:21","slug":"you-are-a-manager-8","status":"publish","type":"page","link":"https:\/\/nimeurope.com\/en\/you-are-a-manager-8\/","title":{"rendered":"You are a <br>Manager"},"content":{"rendered":"\t\t<div data-elementor-type=\"wp-page\" data-elementor-id=\"19979\" class=\"elementor elementor-19979 elementor-19978\" data-elementor-post-type=\"page\">\n\t\t\t\t\t\t<section class=\"elementor-section elementor-top-section elementor-element elementor-element-10d89002 elementor-section-full_width elementor-section-height-min-height elementor-section-content-middle elementor-section-height-default elementor-section-items-middle\" data-id=\"10d89002\" data-element_type=\"section\" data-settings=\"{&quot;background_background&quot;:&quot;classic&quot;}\">\n\t\t\t\t\t\t<div class=\"elementor-container elementor-column-gap-default\">\n\t\t\t\t\t<div class=\"elementor-column elementor-col-100 elementor-top-column elementor-element elementor-element-3ddf7a3e\" data-id=\"3ddf7a3e\" data-element_type=\"column\" data-settings=\"{&quot;background_background&quot;:&quot;classic&quot;}\">\n\t\t\t<div class=\"elementor-widget-wrap elementor-element-populated\">\n\t\t\t\t\t\t<div class=\"elementor-element elementor-element-70c0bb6b elementor-heading-title elementor-widget elementor-widget-heading\" data-id=\"70c0bb6b\" data-element_type=\"widget\" data-widget_type=\"heading.default\">\n\t\t\t\t<div class=\"elementor-widget-container\">\n\t\t\t\t\t<h1 class=\"elementor-heading-title elementor-size-default\">You are a <br>Manager<\/h1>\t\t\t\t<\/div>\n\t\t\t\t<\/div>\n\t\t\t\t\t<\/div>\n\t\t<\/div>\n\t\t\t\t\t<\/div>\n\t\t<\/section>\n\t\t\t\t<section class=\"elementor-section elementor-top-section elementor-element elementor-element-10fc66af elementor-section-boxed elementor-section-height-default elementor-section-height-default\" data-id=\"10fc66af\" data-element_type=\"section\">\n\t\t\t\t\t\t<div class=\"elementor-container elementor-column-gap-default\">\n\t\t\t\t\t<div class=\"elementor-column elementor-col-100 elementor-top-column elementor-element elementor-element-67c1c336\" data-id=\"67c1c336\" data-element_type=\"column\">\n\t\t\t<div class=\"elementor-widget-wrap elementor-element-populated\">\n\t\t\t\t\t\t<div class=\"elementor-element elementor-element-406eeb69 elementor-widget elementor-widget-spacer\" data-id=\"406eeb69\" data-element_type=\"widget\" data-widget_type=\"spacer.default\">\n\t\t\t\t<div class=\"elementor-widget-container\">\n\t\t\t\t\t\t\t<div class=\"elementor-spacer\">\n\t\t\t<div class=\"elementor-spacer-inner\"><\/div>\n\t\t<\/div>\n\t\t\t\t\t\t<\/div>\n\t\t\t\t<\/div>\n\t\t\t\t<div class=\"elementor-element elementor-element-2830bf2 elementor-widget elementor-widget-heading\" data-id=\"2830bf2\" data-element_type=\"widget\" data-widget_type=\"heading.default\">\n\t\t\t\t<div class=\"elementor-widget-container\">\n\t\t\t\t\t<h2 class=\"elementor-heading-title elementor-size-default\">R\u00e9formez votre direction financi\u00e8re gr\u00e2ce \u00e0 des managers de transition experts en finance d'entreprise<\/h2>\t\t\t\t<\/div>\n\t\t\t\t<\/div>\n\t\t\t\t<div class=\"elementor-element elementor-element-1a1182aa elementor-widget__width-initial elementor-widget elementor-widget-text-editor\" data-id=\"1a1182aa\" data-element_type=\"widget\" data-widget_type=\"text-editor.default\">\n\t\t\t\t<div class=\"elementor-widget-container\">\n\t\t\t\t\t\t\t\t\t<h2>A BEGINNER OR EXPERIENCED MANAGER, YOU BENEFIT FROM OUR PERSONALIZED SUPPORT, A TRADEMARK OF NIM EUROPE.<\/h2>\n<p class=\"p\">Whatever your background is, you are a confirmed executive or manager of high level having successfully exercised responsibilities attesting to your recognized skills.<\/p>\n<p class=\"p\">The missions entrusted to us correspond to varied profiles, generalists or specialists which may require knowledge of a particular sector of activity, distinctive know-how or even a command of a specific language.<\/p>\n<p class=\"p\">You have exercised an operational role in situations of transformation, launching of new projects, relocation, carve-out, outsourcing, digitalization, crisis or growth in SMEs, mid-caps or large groups. You are geographically mobile, open, adaptable, curious, and attest to proven managerial qualities: your skills and experience interest our customers from all sectors of activity.<\/p>\n<p class=\"p\">In addition, 40% of our missions taking place outside the Ile de France, geographic mobility within France and abroad is essential.<\/p>\n<p class=\"p\">The requirements required by our activity respond to clearly defined and developed processes in the following points.<\/p>\n\t\t\t\t\t\t\t\t<\/div>\n\t\t\t\t<\/div>\n\t\t\t\t<div class=\"elementor-element elementor-element-49115ee elementor-align-center elementor-widget elementor-widget-button\" data-id=\"49115ee\" data-element_type=\"widget\" data-widget_type=\"button.default\">\n\t\t\t\t<div class=\"elementor-widget-container\">\n\t\t\t\t\t\t\t\t\t<div class=\"elementor-button-wrapper\">\n\t\t\t\t\t<a class=\"elementor-button elementor-button-link elementor-size-sm\" href=\"#form-finance\">\n\t\t\t\t\t\t<span class=\"elementor-button-content-wrapper\">\n\t\t\t\t\t\t\t\t\t<span class=\"elementor-button-text\">\u00c9changer \u00e0 propos de mes enjeux<\/span>\n\t\t\t\t\t<\/span>\n\t\t\t\t\t<\/a>\n\t\t\t\t<\/div>\n\t\t\t\t\t\t\t\t<\/div>\n\t\t\t\t<\/div>\n\t\t\t\t<div class=\"elementor-element elementor-element-5573ebf elementor-widget__width-initial elementor-widget elementor-widget-text-editor\" data-id=\"5573ebf\" data-element_type=\"widget\" data-widget_type=\"text-editor.default\">\n\t\t\t\t<div class=\"elementor-widget-container\">\n\t\t\t\t\t\t\t\t\t<p data-start=\"676\" data-end=\"1170\">C\u2019est pr\u00e9cis\u00e9ment dans ces contextes que <strong data-start=\"717\" data-end=\"748\">le Management de Transition<\/strong> prend tout son sens. L\u2019intervention d\u2019un <strong data-start=\"790\" data-end=\"825\">Directeur Financier exp\u00e9riment\u00e9<\/strong> permet de <b>s\u00e9curiser la gestion de tr\u00e9sorerie, de fiabiliser l\u2019information financi\u00e8re et de renforcer la gouvernance \u00e9conomique<\/b>. Gr\u00e2ce \u00e0 une approche op\u00e9rationnelle et ind\u00e9pendante, le manager de transition apporte une visibilit\u00e9 imm\u00e9diate sur la situation, tout en mettant en \u0153uvre les actions n\u00e9cessaires \u00e0 la performance et \u00e0 la conformit\u00e9.<\/p>\n<p data-start=\"1172\" data-end=\"1636\">Depuis 2001, <strong data-start=\"1185\" data-end=\"1199\">NIM Europe<\/strong> accompagne les entreprises en France et \u00e0 l\u2019international dans leurs enjeux financiers les plus sensibles. Nos <strong data-start=\"1311\" data-end=\"1350\">Directeurs Financiers de Transition<\/strong> interviennent pour stabiliser une organisation, piloter une transformation, g\u00e9rer une situation de crise ou accompagner un changement d\u2019actionnariat. Chaque mission est con\u00e7ue sur mesure pour r\u00e9pondre aux imp\u00e9ratifs de <strong data-start=\"1570\" data-end=\"1633\">fiabilit\u00e9, de transparence et de cr\u00e9ation de valeur durable<\/strong>.<\/p>\n\t\t\t\t\t\t\t\t<\/div>\n\t\t\t\t<\/div>\n\t\t\t\t\t<\/div>\n\t\t<\/div>\n\t\t\t\t\t<\/div>\n\t\t<\/section>\n\t\t\t\t<section class=\"elementor-section elementor-top-section elementor-element elementor-element-2bbc1cc0 elementor-section-boxed elementor-section-height-default elementor-section-height-default\" data-id=\"2bbc1cc0\" data-element_type=\"section\" id=\"form-finance\" data-settings=\"{&quot;background_background&quot;:&quot;classic&quot;}\">\n\t\t\t\t\t\t<div class=\"elementor-container elementor-column-gap-wide\">\n\t\t\t\t\t<div class=\"elementor-column elementor-col-50 elementor-top-column elementor-element elementor-element-14043d1e\" data-id=\"14043d1e\" data-element_type=\"column\" data-settings=\"{&quot;background_background&quot;:&quot;classic&quot;}\">\n\t\t\t<div class=\"elementor-widget-wrap elementor-element-populated\">\n\t\t\t\t\t\t<div class=\"elementor-element elementor-element-6f3e5b8 elementor-widget elementor-widget-heading\" data-id=\"6f3e5b8\" data-element_type=\"widget\" data-widget_type=\"heading.default\">\n\t\t\t\t<div class=\"elementor-widget-container\">\n\t\t\t\t\t<h2 class=\"elementor-heading-title elementor-size-default\">PARTAGEZ-NOUS VOS ENJEUX<\/h2>\t\t\t\t<\/div>\n\t\t\t\t<\/div>\n\t\t\t\t<div class=\"elementor-element elementor-element-9c14dbd elementor-widget elementor-widget-text-editor\" data-id=\"9c14dbd\" data-element_type=\"widget\" data-widget_type=\"text-editor.default\">\n\t\t\t\t<div class=\"elementor-widget-container\">\n\t\t\t\t\t\t\t\t\t<p>L&#8217;\u00e9quipe NIM Europe s&#8217;appliquera \u00e0 vous proposer la solution qui r\u00e9pondra au mieux aux enjeux de gouvernance de votre organisation.<\/p>\n<p>\u00a0<\/p>\n<p><b>Nos domaines d&#8217;intervention :<\/b><\/p>\n<p>&#8211;<i> Acquisition ou lev\u00e9e de fonds<\/i><\/p>\n<p><i>&#8211; Croissance rapide<\/i><\/p>\n<p><i>&#8211; Crise de liquidit\u00e9<\/i><\/p>\n<p><i>&#8211; Leadership financier temporaire<\/i><\/p>\n<p><i>&#8230;<\/i><\/p>\n<p>\u00a0<\/p>\n<p>Pr\u00e9cisez-nous vos attentes \u27a1\ufe0f<\/p>\n\t\t\t\t\t\t\t\t<\/div>\n\t\t\t\t<\/div>\n\t\t\t\t\t<\/div>\n\t\t<\/div>\n\t\t\t\t<div class=\"elementor-column elementor-col-50 elementor-top-column elementor-element elementor-element-3725800a\" data-id=\"3725800a\" data-element_type=\"column\" data-settings=\"{&quot;background_background&quot;:&quot;classic&quot;}\">\n\t\t\t<div class=\"elementor-widget-wrap elementor-element-populated\">\n\t\t\t\t\t\t<div class=\"elementor-element elementor-element-0fd4654 elementor-widget elementor-widget-html\" data-id=\"0fd4654\" data-element_type=\"widget\" data-widget_type=\"html.default\">\n\t\t\t\t<div class=\"elementor-widget-container\">\n\t\t\t\t\t<iframe aria-label='Contact site' frameborder=\"0\" style=\"height:550px;width:99%;border:none;\" src='https:\/\/forms.zohopublic.eu\/nimeurope\/form\/Contactsite\/formperma\/PAvr975Dl-mBZhrSPg9hbRDnLz3SDu5SdVQssBZAKK0'><\/iframe>\t\t\t\t<\/div>\n\t\t\t\t<\/div>\n\t\t\t\t\t<\/div>\n\t\t<\/div>\n\t\t\t\t\t<\/div>\n\t\t<\/section>\n\t\t<div class=\"elementor-element elementor-element-27b859a e-flex e-con-boxed e-con e-parent\" data-id=\"27b859a\" data-element_type=\"container\">\n\t\t\t\t\t<div class=\"e-con-inner\">\n\t\t<div class=\"elementor-element elementor-element-7378dd0 e-con-full e-grid e-con e-child\" data-id=\"7378dd0\" data-element_type=\"container\">\n\t\t\t\t<div class=\"elementor-element elementor-element-7766a98 elementor-view-default elementor-position-block-start elementor-mobile-position-block-start elementor-widget elementor-widget-icon-box\" data-id=\"7766a98\" data-element_type=\"widget\" data-widget_type=\"icon-box.default\">\n\t\t\t\t<div class=\"elementor-widget-container\">\n\t\t\t\t\t\t\t<div class=\"elementor-icon-box-wrapper\">\n\n\t\t\t\t\t\t<div class=\"elementor-icon-box-icon\">\n\t\t\t\t<span  class=\"elementor-icon\">\n\t\t\t\t<i aria-hidden=\"true\" class=\"far fa-chart-bar\"><\/i>\t\t\t\t<\/span>\n\t\t\t<\/div>\n\t\t\t\n\t\t\t\t\t\t<div class=\"elementor-icon-box-content\">\n\n\t\t\t\t\t\t\t\t\t<h3 class=\"elementor-icon-box-title\">\n\t\t\t\t\t\t<span  >\n\t\t\t\t\t\t\tPilotage de la performance\t\t\t\t\t\t<\/span>\n\t\t\t\t\t<\/h3>\n\t\t\t\t\n\t\t\t\t\t\t\t\t\t<p class=\"elementor-icon-box-description\">\n\t\t\t\t\t\tLorsqu\u2019une entreprise traverse une phase de croissance, de transformation ou de tension, un Directeur Financier de Transition apporte une vision claire de la performance. Il met en place des outils de pilotage fiables, redonne du sens aux indicateurs cl\u00e9s et aide la direction \u00e0 prendre des d\u00e9cisions \u00e9clair\u00e9es et rapides.\t\t\t\t\t<\/p>\n\t\t\t\t\n\t\t\t<\/div>\n\t\t\t\n\t\t<\/div>\n\t\t\t\t\t\t<\/div>\n\t\t\t\t<\/div>\n\t\t\t\t<div class=\"elementor-element elementor-element-041b273 elementor-view-default elementor-position-block-start elementor-mobile-position-block-start elementor-widget elementor-widget-icon-box\" data-id=\"041b273\" data-element_type=\"widget\" data-widget_type=\"icon-box.default\">\n\t\t\t\t<div class=\"elementor-widget-container\">\n\t\t\t\t\t\t\t<div class=\"elementor-icon-box-wrapper\">\n\n\t\t\t\t\t\t<div class=\"elementor-icon-box-icon\">\n\t\t\t\t<span  class=\"elementor-icon\">\n\t\t\t\t<i aria-hidden=\"true\" class=\"fas fa-money-bill-wave-alt\"><\/i>\t\t\t\t<\/span>\n\t\t\t<\/div>\n\t\t\t\n\t\t\t\t\t\t<div class=\"elementor-icon-box-content\">\n\n\t\t\t\t\t\t\t\t\t<h3 class=\"elementor-icon-box-title\">\n\t\t\t\t\t\t<span  >\n\t\t\t\t\t\t\tRestructuration financi\u00e8re\t\t\t\t\t\t<\/span>\n\t\t\t\t\t<\/h3>\n\t\t\t\t\n\t\t\t\t\t\t\t\t\t<p class=\"elementor-icon-box-description\">\n\t\t\t\t\t\tEn situation de difficult\u00e9s \u00e9conomiques, le manager financier de transition intervient pour restaurer l\u2019\u00e9quilibre. Il assure la ma\u00eetrise des flux de tr\u00e9sorerie, \u00e9labore un plan de redressement et n\u00e9gocie avec les partenaires financiers afin de s\u00e9curiser la continuit\u00e9 d\u2019activit\u00e9 et r\u00e9tablir la confiance.\t\t\t\t\t<\/p>\n\t\t\t\t\n\t\t\t<\/div>\n\t\t\t\n\t\t<\/div>\n\t\t\t\t\t\t<\/div>\n\t\t\t\t<\/div>\n\t\t\t\t<div class=\"elementor-element elementor-element-d397d43 elementor-view-default elementor-position-block-start elementor-mobile-position-block-start elementor-widget elementor-widget-icon-box\" data-id=\"d397d43\" data-element_type=\"widget\" data-widget_type=\"icon-box.default\">\n\t\t\t\t<div class=\"elementor-widget-container\">\n\t\t\t\t\t\t\t<div class=\"elementor-icon-box-wrapper\">\n\n\t\t\t\t\t\t<div class=\"elementor-icon-box-icon\">\n\t\t\t\t<span  class=\"elementor-icon\">\n\t\t\t\t<i aria-hidden=\"true\" class=\"fas fa-cash-register\"><\/i>\t\t\t\t<\/span>\n\t\t\t<\/div>\n\t\t\t\n\t\t\t\t\t\t<div class=\"elementor-icon-box-content\">\n\n\t\t\t\t\t\t\t\t\t<h3 class=\"elementor-icon-box-title\">\n\t\t\t\t\t\t<span  >\n\t\t\t\t\t\t\tTransformation de la fonction finance\t\t\t\t\t\t<\/span>\n\t\t\t\t\t<\/h3>\n\t\t\t\t\n\t\t\t\t\t\t\t\t\t<p class=\"elementor-icon-box-description\">\n\t\t\t\t\t\tDigitalisation, \u00e9volution r\u00e9glementaire, mont\u00e9e en comp\u00e9tence des \u00e9quipes : la fonction finance doit s\u2019adapter en permanence. Le Directeur Financier de Transition conduit ces \u00e9volutions avec pragmatisme, structure les processus et optimise la performance des \u00e9quipes comptables et de contr\u00f4le de gestion.\t\t\t\t\t<\/p>\n\t\t\t\t\n\t\t\t<\/div>\n\t\t\t\n\t\t<\/div>\n\t\t\t\t\t\t<\/div>\n\t\t\t\t<\/div>\n\t\t\t\t<div class=\"elementor-element elementor-element-0f40f16 elementor-view-default elementor-position-block-start elementor-mobile-position-block-start elementor-widget elementor-widget-icon-box\" data-id=\"0f40f16\" data-element_type=\"widget\" data-widget_type=\"icon-box.default\">\n\t\t\t\t<div class=\"elementor-widget-container\">\n\t\t\t\t\t\t\t<div class=\"elementor-icon-box-wrapper\">\n\n\t\t\t\t\t\t<div class=\"elementor-icon-box-icon\">\n\t\t\t\t<span  class=\"elementor-icon\">\n\t\t\t\t<i aria-hidden=\"true\" class=\"fas fa-highlighter\"><\/i>\t\t\t\t<\/span>\n\t\t\t<\/div>\n\t\t\t\n\t\t\t\t\t\t<div class=\"elementor-icon-box-content\">\n\n\t\t\t\t\t\t\t\t\t<h3 class=\"elementor-icon-box-title\">\n\t\t\t\t\t\t<span  >\n\t\t\t\t\t\t\tOp\u00e9rations strat\u00e9giques\t\t\t\t\t\t<\/span>\n\t\t\t\t\t<\/h3>\n\t\t\t\t\n\t\t\t\t\t\t\t\t\t<p class=\"elementor-icon-box-description\">\n\t\t\t\t\t\tDans le cadre d\u2019une acquisition, d\u2019une cession ou d\u2019une lev\u00e9e de fonds, l\u2019entreprise a besoin d\u2019une direction financi\u00e8re exp\u00e9riment\u00e9e et disponible imm\u00e9diatement. Le manager de transition pilote les audits, fiabilise les donn\u00e9es financi\u00e8res et accompagne les instances dirigeantes dans la r\u00e9ussite des op\u00e9rations \u00e0 fort enjeu.\t\t\t\t\t<\/p>\n\t\t\t\t\n\t\t\t<\/div>\n\t\t\t\n\t\t<\/div>\n\t\t\t\t\t\t<\/div>\n\t\t\t\t<\/div>\n\t\t<div class=\"elementor-element elementor-element-0d57f7a e-flex e-con-boxed e-con e-child\" data-id=\"0d57f7a\" data-element_type=\"container\">\n\t\t\t\t\t<div class=\"e-con-inner\">\n\t\t\t\t\t<\/div>\n\t\t\t\t<\/div>\n\t\t\t\t<\/div>\n\t\t\t\t\t<\/div>\n\t\t\t\t<\/div>\n\t\t\t\t<\/div>\n\t\t","protected":false},"excerpt":{"rendered":"<p>You are a Manager R\u00e9formez votre direction financi\u00e8re gr\u00e2ce \u00e0 des managers de transition experts en finance d&#8217;entreprise A BEGINNER OR EXPERIENCED MANAGER, YOU BENEFIT FROM OUR PERSONALIZED SUPPORT, A TRADEMARK OF NIM EUROPE. Whatever your background is, you are a confirmed executive or manager of high level having successfully exercised responsibilities attesting to your [&hellip;]<\/p>\n","protected":false},"author":30,"featured_media":0,"parent":0,"menu_order":0,"comment_status":"closed","ping_status":"closed","template":"","meta":{"footnotes":""},"class_list":["post-19979","page","type-page","status-publish","hentry","entry"],"yoast_head":"<!-- This site is optimized with the Yoast SEO plugin v26.8 - https:\/\/yoast.com\/product\/yoast-seo-wordpress\/ -->\n<title>Interim Manager - Candidates | Nim Europe<\/title>\n<meta name=\"description\" content=\"Executives and interim managers immediately available for operational assignments. NIM Europe\" \/>\n<meta name=\"robots\" content=\"index, follow, max-snippet:-1, max-image-preview:large, max-video-preview:-1\" \/>\n<link rel=\"canonical\" href=\"https:\/\/nimeurope.com\/en\/you-are-a-manager-8\/\" \/>\n<meta property=\"og:locale\" content=\"en_US\" \/>\n<meta property=\"og:type\" content=\"article\" \/>\n<meta property=\"og:title\" content=\"Interim Manager - Candidates | Nim Europe\" \/>\n<meta property=\"og:description\" content=\"Executives and interim managers immediately available for operational assignments. NIM Europe\" \/>\n<meta property=\"og:url\" content=\"https:\/\/nimeurope.com\/en\/you-are-a-manager-8\/\" \/>\n<meta property=\"og:site_name\" content=\"NIM Europe\" \/>\n<meta property=\"og:image\" content=\"https:\/\/nimeurope.com\/wp-content\/uploads\/2019\/05\/nim_logo_m-min.jpg\" \/>\n\t<meta property=\"og:image:width\" content=\"600\" \/>\n\t<meta property=\"og:image:height\" content=\"300\" \/>\n\t<meta property=\"og:image:type\" content=\"image\/jpeg\" \/>\n<meta name=\"twitter:label1\" content=\"Est. reading time\" \/>\n\t<meta name=\"twitter:data1\" content=\"1 minute\" \/>\n<script type=\"application\/ld+json\" class=\"yoast-schema-graph\">{\"@context\":\"https:\/\/schema.org\",\"@graph\":[{\"@type\":\"WebPage\",\"@id\":\"https:\/\/nimeurope.com\/en\/you-are-a-manager-8\/\",\"url\":\"https:\/\/nimeurope.com\/en\/you-are-a-manager-8\/\",\"name\":\"Interim Manager - Candidates | Nim Europe\",\"isPartOf\":{\"@id\":\"https:\/\/nimeurope.com\/en\/#website\"},\"datePublished\":\"2025-11-13T15:35:59+00:00\",\"description\":\"Executives and interim managers immediately available for operational assignments. NIM Europe\",\"breadcrumb\":{\"@id\":\"https:\/\/nimeurope.com\/en\/you-are-a-manager-8\/#breadcrumb\"},\"inLanguage\":\"en-US\",\"potentialAction\":[{\"@type\":\"ReadAction\",\"target\":[\"https:\/\/nimeurope.com\/en\/you-are-a-manager-8\/\"]}]},{\"@type\":\"BreadcrumbList\",\"@id\":\"https:\/\/nimeurope.com\/en\/you-are-a-manager-8\/#breadcrumb\",\"itemListElement\":[{\"@type\":\"ListItem\",\"position\":1,\"name\":\"Home\",\"item\":\"https:\/\/nimeurope.com\/en\/home\/\"},{\"@type\":\"ListItem\",\"position\":2,\"name\":\"You are a Manager\"}]},{\"@type\":\"WebSite\",\"@id\":\"https:\/\/nimeurope.com\/en\/#website\",\"url\":\"https:\/\/nimeurope.com\/en\/\",\"name\":\"NIM Europe\",\"description\":\"Nimeurope\",\"potentialAction\":[{\"@type\":\"SearchAction\",\"target\":{\"@type\":\"EntryPoint\",\"urlTemplate\":\"https:\/\/nimeurope.com\/en\/?s={search_term_string}\"},\"query-input\":{\"@type\":\"PropertyValueSpecification\",\"valueRequired\":true,\"valueName\":\"search_term_string\"}}],\"inLanguage\":\"en-US\"}]}<\/script>\n<!-- \/ Yoast SEO plugin. -->","yoast_head_json":{"title":"Interim Manager - Candidates | Nim Europe","description":"Executives and interim managers immediately available for operational assignments. NIM Europe","robots":{"index":"index","follow":"follow","max-snippet":"max-snippet:-1","max-image-preview":"max-image-preview:large","max-video-preview":"max-video-preview:-1"},"canonical":"https:\/\/nimeurope.com\/en\/you-are-a-manager-8\/","og_locale":"en_US","og_type":"article","og_title":"Interim Manager - Candidates | Nim Europe","og_description":"Executives and interim managers immediately available for operational assignments. NIM Europe","og_url":"https:\/\/nimeurope.com\/en\/you-are-a-manager-8\/","og_site_name":"NIM Europe","og_image":[{"width":600,"height":300,"url":"https:\/\/nimeurope.com\/wp-content\/uploads\/2019\/05\/nim_logo_m-min.jpg","type":"image\/jpeg"}],"twitter_misc":{"Est. reading time":"1 minute"},"schema":{"@context":"https:\/\/schema.org","@graph":[{"@type":"WebPage","@id":"https:\/\/nimeurope.com\/en\/you-are-a-manager-8\/","url":"https:\/\/nimeurope.com\/en\/you-are-a-manager-8\/","name":"Interim Manager - Candidates | Nim Europe","isPartOf":{"@id":"https:\/\/nimeurope.com\/en\/#website"},"datePublished":"2025-11-13T15:35:59+00:00","description":"Executives and interim managers immediately available for operational assignments. NIM Europe","breadcrumb":{"@id":"https:\/\/nimeurope.com\/en\/you-are-a-manager-8\/#breadcrumb"},"inLanguage":"en-US","potentialAction":[{"@type":"ReadAction","target":["https:\/\/nimeurope.com\/en\/you-are-a-manager-8\/"]}]},{"@type":"BreadcrumbList","@id":"https:\/\/nimeurope.com\/en\/you-are-a-manager-8\/#breadcrumb","itemListElement":[{"@type":"ListItem","position":1,"name":"Home","item":"https:\/\/nimeurope.com\/en\/home\/"},{"@type":"ListItem","position":2,"name":"You are a Manager"}]},{"@type":"WebSite","@id":"https:\/\/nimeurope.com\/en\/#website","url":"https:\/\/nimeurope.com\/en\/","name":"NIM Europe","description":"Nimeurope","potentialAction":[{"@type":"SearchAction","target":{"@type":"EntryPoint","urlTemplate":"https:\/\/nimeurope.com\/en\/?s={search_term_string}"},"query-input":{"@type":"PropertyValueSpecification","valueRequired":true,"valueName":"search_term_string"}}],"inLanguage":"en-US"}]}},"_links":{"self":[{"href":"https:\/\/nimeurope.com\/en\/wp-json\/wp\/v2\/pages\/19979","targetHints":{"allow":["GET"]}}],"collection":[{"href":"https:\/\/nimeurope.com\/en\/wp-json\/wp\/v2\/pages"}],"about":[{"href":"https:\/\/nimeurope.com\/en\/wp-json\/wp\/v2\/types\/page"}],"author":[{"embeddable":true,"href":"https:\/\/nimeurope.com\/en\/wp-json\/wp\/v2\/users\/30"}],"replies":[{"embeddable":true,"href":"https:\/\/nimeurope.com\/en\/wp-json\/wp\/v2\/comments?post=19979"}],"version-history":[{"count":0,"href":"https:\/\/nimeurope.com\/en\/wp-json\/wp\/v2\/pages\/19979\/revisions"}],"wp:attachment":[{"href":"https:\/\/nimeurope.com\/en\/wp-json\/wp\/v2\/media?parent=19979"}],"curies":[{"name":"wp","href":"https:\/\/api.w.org\/{rel}","templated":true}]}}