{"id":19971,"date":"2025-11-13T16:27:18","date_gmt":"2025-11-13T15:27:18","guid":{"rendered":"https:\/\/nimeurope.com\/?page_id=19971"},"modified":"2025-11-13T17:15:23","modified_gmt":"2025-11-13T15:15:23","slug":"you-are-a-manager-7","status":"publish","type":"page","link":"https:\/\/nimeurope.com\/en\/you-are-a-manager-7\/","title":{"rendered":"You are a <br>Manager"},"content":{"rendered":"\t\t<div data-elementor-type=\"wp-page\" data-elementor-id=\"19971\" class=\"elementor elementor-19971 elementor-19970\" data-elementor-post-type=\"page\">\n\t\t\t\t\t\t<section class=\"elementor-section elementor-top-section elementor-element elementor-element-10d89002 elementor-section-full_width elementor-section-height-min-height elementor-section-content-middle elementor-section-height-default elementor-section-items-middle\" data-id=\"10d89002\" data-element_type=\"section\" data-settings=\"{&quot;background_background&quot;:&quot;classic&quot;,&quot;shape_divider_top&quot;:&quot;opacity-tilt&quot;}\">\n\t\t\t\t\t<div class=\"elementor-shape elementor-shape-top\" aria-hidden=\"true\" data-negative=\"false\">\n\t\t\t<svg xmlns=\"http:\/\/www.w3.org\/2000\/svg\" viewBox=\"0 0 2600 131.1\" preserveAspectRatio=\"none\">\n\t<path class=\"elementor-shape-fill\" d=\"M0 0L2600 0 2600 69.1 0 0z\"\/>\n\t<path class=\"elementor-shape-fill\" style=\"opacity:0.5\" d=\"M0 0L2600 0 2600 69.1 0 69.1z\"\/>\n\t<path class=\"elementor-shape-fill\" style=\"opacity:0.25\" d=\"M2600 0L0 0 0 130.1 2600 69.1z\"\/>\n<\/svg>\t\t<\/div>\n\t\t\t\t\t<div class=\"elementor-container elementor-column-gap-default\">\n\t\t\t\t\t<div class=\"elementor-column elementor-col-100 elementor-top-column elementor-element elementor-element-3ddf7a3e\" data-id=\"3ddf7a3e\" data-element_type=\"column\" data-settings=\"{&quot;background_background&quot;:&quot;classic&quot;}\">\n\t\t\t<div class=\"elementor-widget-wrap elementor-element-populated\">\n\t\t\t\t\t\t<div class=\"elementor-element elementor-element-70c0bb6b elementor-heading-title elementor-widget elementor-widget-heading\" data-id=\"70c0bb6b\" data-element_type=\"widget\" data-widget_type=\"heading.default\">\n\t\t\t\t<div class=\"elementor-widget-container\">\n\t\t\t\t\t<h1 class=\"elementor-heading-title elementor-size-default\">You are a <br>Manager<\/h1>\t\t\t\t<\/div>\n\t\t\t\t<\/div>\n\t\t\t\t\t<\/div>\n\t\t<\/div>\n\t\t\t\t\t<\/div>\n\t\t<\/section>\n\t\t\t\t<section class=\"elementor-section elementor-top-section elementor-element elementor-element-10fc66af elementor-section-boxed elementor-section-height-default elementor-section-height-default\" data-id=\"10fc66af\" data-element_type=\"section\">\n\t\t\t\t\t\t<div class=\"elementor-container elementor-column-gap-default\">\n\t\t\t\t\t<div class=\"elementor-column elementor-col-100 elementor-top-column elementor-element elementor-element-67c1c336\" data-id=\"67c1c336\" data-element_type=\"column\">\n\t\t\t<div class=\"elementor-widget-wrap elementor-element-populated\">\n\t\t\t\t\t\t<div class=\"elementor-element elementor-element-406eeb69 elementor-widget elementor-widget-spacer\" data-id=\"406eeb69\" data-element_type=\"widget\" data-widget_type=\"spacer.default\">\n\t\t\t\t<div class=\"elementor-widget-container\">\n\t\t\t\t\t\t\t<div class=\"elementor-spacer\">\n\t\t\t<div class=\"elementor-spacer-inner\"><\/div>\n\t\t<\/div>\n\t\t\t\t\t\t<\/div>\n\t\t\t\t<\/div>\n\t\t\t\t<div class=\"elementor-element elementor-element-2830bf2 elementor-widget elementor-widget-heading\" data-id=\"2830bf2\" data-element_type=\"widget\" data-widget_type=\"heading.default\">\n\t\t\t\t<div class=\"elementor-widget-container\">\n\t\t\t\t\t<h2 class=\"elementor-heading-title elementor-size-default\">R\u00e9organisez vos processus op\u00e9ratinnels et votre Supply Chain gr\u00e2ce \u00e0 des managers de transition<\/h2>\t\t\t\t<\/div>\n\t\t\t\t<\/div>\n\t\t\t\t<div class=\"elementor-element elementor-element-1a1182aa elementor-widget__width-initial elementor-widget elementor-widget-text-editor\" data-id=\"1a1182aa\" data-element_type=\"widget\" data-widget_type=\"text-editor.default\">\n\t\t\t\t<div class=\"elementor-widget-container\">\n\t\t\t\t\t\t\t\t\t<h2>A BEGINNER OR EXPERIENCED MANAGER, YOU BENEFIT FROM OUR PERSONALIZED SUPPORT, A TRADEMARK OF NIM EUROPE.<\/h2>\n<p class=\"p\">Whatever your background is, you are a confirmed executive or manager of high level having successfully exercised responsibilities attesting to your recognized skills.<\/p>\n<p class=\"p\">The missions entrusted to us correspond to varied profiles, generalists or specialists which may require knowledge of a particular sector of activity, distinctive know-how or even a command of a specific language.<\/p>\n<p class=\"p\">You have exercised an operational role in situations of transformation, launching of new projects, relocation, carve-out, outsourcing, digitalization, crisis or growth in SMEs, mid-caps or large groups. You are geographically mobile, open, adaptable, curious, and attest to proven managerial qualities: your skills and experience interest our customers from all sectors of activity.<\/p>\n<p class=\"p\">In addition, 40% of our missions taking place outside the Ile de France, geographic mobility within France and abroad is essential.<\/p>\n<p class=\"p\">The requirements required by our activity respond to clearly defined and developed processes in the following points.<\/p>\n\t\t\t\t\t\t\t\t<\/div>\n\t\t\t\t<\/div>\n\t\t\t\t<div class=\"elementor-element elementor-element-49115ee elementor-align-center elementor-widget elementor-widget-button\" data-id=\"49115ee\" data-element_type=\"widget\" data-widget_type=\"button.default\">\n\t\t\t\t<div class=\"elementor-widget-container\">\n\t\t\t\t\t\t\t\t\t<div class=\"elementor-button-wrapper\">\n\t\t\t\t\t<a class=\"elementor-button elementor-button-link elementor-size-sm\" href=\"#form-operations\">\n\t\t\t\t\t\t<span class=\"elementor-button-content-wrapper\">\n\t\t\t\t\t\t\t\t\t<span class=\"elementor-button-text\">\u00c9changer \u00e0 propos de mes enjeux<\/span>\n\t\t\t\t\t<\/span>\n\t\t\t\t\t<\/a>\n\t\t\t\t<\/div>\n\t\t\t\t\t\t\t\t<\/div>\n\t\t\t\t<\/div>\n\t\t\t\t<div class=\"elementor-element elementor-element-5573ebf elementor-widget__width-initial elementor-widget elementor-widget-text-editor\" data-id=\"5573ebf\" data-element_type=\"widget\" data-widget_type=\"text-editor.default\">\n\t\t\t\t<div class=\"elementor-widget-container\">\n\t\t\t\t\t\t\t\t\t<p data-start=\"727\" data-end=\"1260\">Dans ces contextes, l\u2019intervention d\u2019un <strong data-start=\"767\" data-end=\"836\">Manager de Transition sp\u00e9cialis\u00e9 en Op\u00e9rations ou en Supply Chain<\/strong> permet de redonner de la visibilit\u00e9 et du contr\u00f4le \u00e0 l\u2019organisation. Dirigeant exp\u00e9riment\u00e9, il identifie les leviers d\u2019efficacit\u00e9, r\u00e9organise les flux, optimise les co\u00fbts et mobilise les \u00e9quipes autour d\u2019une culture de la performance durable. Son approche pragmatique et orient\u00e9e r\u00e9sultats permet d\u2019obtenir des am\u00e9liorations tangibles en un temps court, tout en pr\u00e9parant les fondations d\u2019une transformation \u00e0 long terme.<\/p>\n<p data-start=\"1262\" data-end=\"1856\">Depuis 2001, <strong data-start=\"1275\" data-end=\"1289\">NIM Europe<\/strong> accompagne les entreprises industrielles, commerciales et de services en France et \u00e0 l\u2019international dans leurs enjeux d\u2019<strong data-start=\"1411\" data-end=\"1485\">excellence op\u00e9rationnelle, de logistique et de supply chain management<\/strong>. Nos Managers de Transition \u2014 Directeurs des Op\u00e9rations, Directeurs Industriels ou Responsables Supply Chain \u2014 interviennent pour piloter des transformations, r\u00e9tablir la performance, s\u00e9curiser la production ou accompagner des phases de croissance. Chaque mission vise \u00e0 renforcer la <strong data-start=\"1770\" data-end=\"1853\">ma\u00eetrise op\u00e9rationnelle, la qualit\u00e9 et la comp\u00e9titivit\u00e9 globale de l\u2019entreprise<\/strong>.<\/p>\n\t\t\t\t\t\t\t\t<\/div>\n\t\t\t\t<\/div>\n\t\t\t\t\t<\/div>\n\t\t<\/div>\n\t\t\t\t\t<\/div>\n\t\t<\/section>\n\t\t\t\t<section class=\"elementor-section elementor-top-section elementor-element elementor-element-2bbc1cc0 elementor-section-boxed elementor-section-height-default elementor-section-height-default\" data-id=\"2bbc1cc0\" data-element_type=\"section\" id=\"form-operations\" data-settings=\"{&quot;background_background&quot;:&quot;classic&quot;}\">\n\t\t\t\t\t\t<div class=\"elementor-container elementor-column-gap-wide\">\n\t\t\t\t\t<div class=\"elementor-column elementor-col-50 elementor-top-column elementor-element elementor-element-14043d1e\" data-id=\"14043d1e\" data-element_type=\"column\" data-settings=\"{&quot;background_background&quot;:&quot;classic&quot;}\">\n\t\t\t<div class=\"elementor-widget-wrap elementor-element-populated\">\n\t\t\t\t\t\t<div class=\"elementor-element elementor-element-6f3e5b8 elementor-widget elementor-widget-heading\" data-id=\"6f3e5b8\" data-element_type=\"widget\" data-widget_type=\"heading.default\">\n\t\t\t\t<div class=\"elementor-widget-container\">\n\t\t\t\t\t<h2 class=\"elementor-heading-title elementor-size-default\">PARTAGEZ-NOUS VOS ENJEUX<\/h2>\t\t\t\t<\/div>\n\t\t\t\t<\/div>\n\t\t\t\t<div class=\"elementor-element elementor-element-9c14dbd elementor-widget elementor-widget-text-editor\" data-id=\"9c14dbd\" data-element_type=\"widget\" data-widget_type=\"text-editor.default\">\n\t\t\t\t<div class=\"elementor-widget-container\">\n\t\t\t\t\t\t\t\t\t<p>L&#8217;\u00e9quipe NIM Europe s&#8217;appliquera \u00e0 vous proposer la solution qui r\u00e9pondra au mieux aux enjeux de op\u00e9rationnels de votre organisation.<\/p>\n<p><b>Nos domaines d&#8217;intervention :<\/b><\/p>\n<p>&#8211;<i>\u00a0R\u00e9industrialisation<\/i><\/p>\n<p><i>&#8211; Application du Lean Management<\/i><\/p>\n<p><i>&#8211; Am\u00e9lioration de vos processus &amp; m\u00e9thodes<\/i><\/p>\n<p><i>&#8211; R\u00e9organisation de votre Supply chain<\/i><\/p>\n<p><i>&#8230;<\/i><\/p>\n<p>Pr\u00e9cisez-nous vos attentes \u27a1\ufe0f<\/p>\n\t\t\t\t\t\t\t\t<\/div>\n\t\t\t\t<\/div>\n\t\t\t\t\t<\/div>\n\t\t<\/div>\n\t\t\t\t<div class=\"elementor-column elementor-col-50 elementor-top-column elementor-element elementor-element-3725800a\" data-id=\"3725800a\" data-element_type=\"column\" data-settings=\"{&quot;background_background&quot;:&quot;classic&quot;}\">\n\t\t\t<div class=\"elementor-widget-wrap elementor-element-populated\">\n\t\t\t\t\t\t<div class=\"elementor-element elementor-element-0fd4654 elementor-widget elementor-widget-html\" data-id=\"0fd4654\" data-element_type=\"widget\" data-widget_type=\"html.default\">\n\t\t\t\t<div class=\"elementor-widget-container\">\n\t\t\t\t\t<iframe aria-label='Contact site' frameborder=\"0\" style=\"height:550px;width:99%;border:none;\" src='https:\/\/forms.zohopublic.eu\/nimeurope\/form\/Contactsite\/formperma\/PAvr975Dl-mBZhrSPg9hbRDnLz3SDu5SdVQssBZAKK0'><\/iframe>\t\t\t\t<\/div>\n\t\t\t\t<\/div>\n\t\t\t\t\t<\/div>\n\t\t<\/div>\n\t\t\t\t\t<\/div>\n\t\t<\/section>\n\t\t<div class=\"elementor-element elementor-element-27b859a e-flex e-con-boxed e-con e-parent\" data-id=\"27b859a\" data-element_type=\"container\">\n\t\t\t\t\t<div class=\"e-con-inner\">\n\t\t<div class=\"elementor-element elementor-element-7378dd0 e-con-full e-grid e-con e-child\" data-id=\"7378dd0\" data-element_type=\"container\">\n\t\t\t\t<div class=\"elementor-element elementor-element-7766a98 elementor-view-default elementor-position-block-start elementor-mobile-position-block-start elementor-widget elementor-widget-icon-box\" data-id=\"7766a98\" data-element_type=\"widget\" data-widget_type=\"icon-box.default\">\n\t\t\t\t<div class=\"elementor-widget-container\">\n\t\t\t\t\t\t\t<div class=\"elementor-icon-box-wrapper\">\n\n\t\t\t\t\t\t<div class=\"elementor-icon-box-icon\">\n\t\t\t\t<span  class=\"elementor-icon\">\n\t\t\t\t<i aria-hidden=\"true\" class=\"fas fa-medal\"><\/i>\t\t\t\t<\/span>\n\t\t\t<\/div>\n\t\t\t\n\t\t\t\t\t\t<div class=\"elementor-icon-box-content\">\n\n\t\t\t\t\t\t\t\t\t<h3 class=\"elementor-icon-box-title\">\n\t\t\t\t\t\t<span  >\n\t\t\t\t\t\t\tExcellence op\u00e9rationnelle\t\t\t\t\t\t<\/span>\n\t\t\t\t\t<\/h3>\n\t\t\t\t\n\t\t\t\t\t\t\t\t\t<p class=\"elementor-icon-box-description\">\n\t\t\t\t\t\tPour retrouver agilit\u00e9 et performance, le Manager de Transition optimise les processus de production, am\u00e9liore la qualit\u00e9 et r\u00e9duit les co\u00fbts. Gr\u00e2ce \u00e0 une approche pragmatique et orient\u00e9e r\u00e9sultats, il mobilise les \u00e9quipes autour d\u2019une culture de l\u2019am\u00e9lioration continue et de la performance durable.\t\t\t\t\t<\/p>\n\t\t\t\t\n\t\t\t<\/div>\n\t\t\t\n\t\t<\/div>\n\t\t\t\t\t\t<\/div>\n\t\t\t\t<\/div>\n\t\t\t\t<div class=\"elementor-element elementor-element-041b273 elementor-view-default elementor-position-block-start elementor-mobile-position-block-start elementor-widget elementor-widget-icon-box\" data-id=\"041b273\" data-element_type=\"widget\" data-widget_type=\"icon-box.default\">\n\t\t\t\t<div class=\"elementor-widget-container\">\n\t\t\t\t\t\t\t<div class=\"elementor-icon-box-wrapper\">\n\n\t\t\t\t\t\t<div class=\"elementor-icon-box-icon\">\n\t\t\t\t<span  class=\"elementor-icon\">\n\t\t\t\t<i aria-hidden=\"true\" class=\"fas fa-dolly\"><\/i>\t\t\t\t<\/span>\n\t\t\t<\/div>\n\t\t\t\n\t\t\t\t\t\t<div class=\"elementor-icon-box-content\">\n\n\t\t\t\t\t\t\t\t\t<h3 class=\"elementor-icon-box-title\">\n\t\t\t\t\t\t<span  >\n\t\t\t\t\t\t\tOptimisation de la Supply Chain\t\t\t\t\t\t<\/span>\n\t\t\t\t\t<\/h3>\n\t\t\t\t\n\t\t\t\t\t\t\t\t\t<p class=\"elementor-icon-box-description\">\n\t\t\t\t\t\tFace aux tensions sur les approvisionnements ou \u00e0 la volatilit\u00e9 des march\u00e9s, le Manager de Transition Supply Chain renforce la fiabilit\u00e9 et la r\u00e9activit\u00e9 des flux. Il revoit les sch\u00e9mas logistiques, s\u00e9curise les partenariats fournisseurs et met en place des outils de pilotage pour garantir la disponibilit\u00e9 et la ma\u00eetrise des co\u00fbts.\t\t\t\t\t<\/p>\n\t\t\t\t\n\t\t\t<\/div>\n\t\t\t\n\t\t<\/div>\n\t\t\t\t\t\t<\/div>\n\t\t\t\t<\/div>\n\t\t\t\t<div class=\"elementor-element elementor-element-d397d43 elementor-view-default elementor-position-block-start elementor-mobile-position-block-start elementor-widget elementor-widget-icon-box\" data-id=\"d397d43\" data-element_type=\"widget\" data-widget_type=\"icon-box.default\">\n\t\t\t\t<div class=\"elementor-widget-container\">\n\t\t\t\t\t\t\t<div class=\"elementor-icon-box-wrapper\">\n\n\t\t\t\t\t\t<div class=\"elementor-icon-box-icon\">\n\t\t\t\t<span  class=\"elementor-icon\">\n\t\t\t\t<i aria-hidden=\"true\" class=\"fas fa-industry\"><\/i>\t\t\t\t<\/span>\n\t\t\t<\/div>\n\t\t\t\n\t\t\t\t\t\t<div class=\"elementor-icon-box-content\">\n\n\t\t\t\t\t\t\t\t\t<h3 class=\"elementor-icon-box-title\">\n\t\t\t\t\t\t<span  >\n\t\t\t\t\t\t\tTransformation industrielle\t\t\t\t\t\t<\/span>\n\t\t\t\t\t<\/h3>\n\t\t\t\t\n\t\t\t\t\t\t\t\t\t<p class=\"elementor-icon-box-description\">\n\t\t\t\t\t\tLors d\u2019une mont\u00e9e en charge, d\u2019une r\u00e9organisation ou d\u2019une relocalisation, le Directeur des Op\u00e9rations de Transition conduit les projets de transformation avec m\u00e9thode. Il pilote la modernisation des outils industriels, optimise la productivit\u00e9 et accompagne les \u00e9quipes dans l\u2019adoption de nouvelles pratiques de travail.\t\t\t\t\t<\/p>\n\t\t\t\t\n\t\t\t<\/div>\n\t\t\t\n\t\t<\/div>\n\t\t\t\t\t\t<\/div>\n\t\t\t\t<\/div>\n\t\t\t\t<div class=\"elementor-element elementor-element-0f40f16 elementor-view-default elementor-position-block-start elementor-mobile-position-block-start elementor-widget elementor-widget-icon-box\" data-id=\"0f40f16\" data-element_type=\"widget\" data-widget_type=\"icon-box.default\">\n\t\t\t\t<div class=\"elementor-widget-container\">\n\t\t\t\t\t\t\t<div class=\"elementor-icon-box-wrapper\">\n\n\t\t\t\t\t\t<div class=\"elementor-icon-box-icon\">\n\t\t\t\t<span  class=\"elementor-icon\">\n\t\t\t\t<i aria-hidden=\"true\" class=\"fas fa-flag\"><\/i>\t\t\t\t<\/span>\n\t\t\t<\/div>\n\t\t\t\n\t\t\t\t\t\t<div class=\"elementor-icon-box-content\">\n\n\t\t\t\t\t\t\t\t\t<h3 class=\"elementor-icon-box-title\">\n\t\t\t\t\t\t<span  >\n\t\t\t\t\t\t\tGestion de crise et continuit\u00e9\t\t\t\t\t\t<\/span>\n\t\t\t\t\t<\/h3>\n\t\t\t\t\n\t\t\t\t\t\t\t\t\t<p class=\"elementor-icon-box-description\">\n\t\t\t\t\t\tEn cas de rupture d\u2019approvisionnement, d\u2019incident industriel ou de d\u00e9sorganisation des flux, le Manager de Transition intervient pour r\u00e9tablir la stabilit\u00e9. Il structure une r\u00e9ponse rapide, coordonne les acteurs cl\u00e9s et met en place des plans d\u2019action correctifs pour assurer la continuit\u00e9 de l\u2019activit\u00e9 et la satisfaction client.\t\t\t\t\t<\/p>\n\t\t\t\t\n\t\t\t<\/div>\n\t\t\t\n\t\t<\/div>\n\t\t\t\t\t\t<\/div>\n\t\t\t\t<\/div>\n\t\t<div class=\"elementor-element elementor-element-0d57f7a e-flex e-con-boxed e-con e-child\" data-id=\"0d57f7a\" data-element_type=\"container\">\n\t\t\t\t\t<div class=\"e-con-inner\">\n\t\t\t\t\t<\/div>\n\t\t\t\t<\/div>\n\t\t\t\t<\/div>\n\t\t\t\t\t<\/div>\n\t\t\t\t<\/div>\n\t\t\t\t<\/div>\n\t\t","protected":false},"excerpt":{"rendered":"<p>You are a Manager R\u00e9organisez vos processus op\u00e9ratinnels et votre Supply Chain gr\u00e2ce \u00e0 des managers de transition A BEGINNER OR EXPERIENCED MANAGER, YOU BENEFIT FROM OUR PERSONALIZED SUPPORT, A TRADEMARK OF NIM EUROPE. Whatever your background is, you are a confirmed executive or manager of high level having successfully exercised responsibilities attesting to your [&hellip;]<\/p>\n","protected":false},"author":30,"featured_media":0,"parent":0,"menu_order":0,"comment_status":"closed","ping_status":"closed","template":"","meta":{"footnotes":""},"class_list":["post-19971","page","type-page","status-publish","hentry","entry"],"yoast_head":"<!-- This site is optimized with the Yoast SEO plugin v26.8 - https:\/\/yoast.com\/product\/yoast-seo-wordpress\/ -->\n<title>Interim Manager - Candidates | Nim Europe<\/title>\n<meta name=\"description\" content=\"Executives and interim managers immediately available for operational assignments. NIM Europe\" \/>\n<meta name=\"robots\" content=\"index, follow, max-snippet:-1, max-image-preview:large, max-video-preview:-1\" \/>\n<link rel=\"canonical\" href=\"https:\/\/nimeurope.com\/en\/you-are-a-manager-7\/\" \/>\n<meta property=\"og:locale\" content=\"en_US\" \/>\n<meta property=\"og:type\" content=\"article\" \/>\n<meta property=\"og:title\" content=\"Interim Manager - Candidates | Nim Europe\" \/>\n<meta property=\"og:description\" content=\"Executives and interim managers immediately available for operational assignments. NIM Europe\" \/>\n<meta property=\"og:url\" content=\"https:\/\/nimeurope.com\/en\/you-are-a-manager-7\/\" \/>\n<meta property=\"og:site_name\" content=\"NIM Europe\" \/>\n<meta property=\"og:image\" content=\"https:\/\/nimeurope.com\/wp-content\/uploads\/2019\/05\/nim_logo_m-min.jpg\" \/>\n\t<meta property=\"og:image:width\" content=\"600\" \/>\n\t<meta property=\"og:image:height\" content=\"300\" \/>\n\t<meta property=\"og:image:type\" content=\"image\/jpeg\" \/>\n<meta name=\"twitter:label1\" content=\"Est. reading time\" \/>\n\t<meta name=\"twitter:data1\" content=\"1 minute\" \/>\n<script type=\"application\/ld+json\" class=\"yoast-schema-graph\">{\"@context\":\"https:\/\/schema.org\",\"@graph\":[{\"@type\":\"WebPage\",\"@id\":\"https:\/\/nimeurope.com\/en\/you-are-a-manager-7\/\",\"url\":\"https:\/\/nimeurope.com\/en\/you-are-a-manager-7\/\",\"name\":\"Interim Manager - Candidates | Nim Europe\",\"isPartOf\":{\"@id\":\"https:\/\/nimeurope.com\/en\/#website\"},\"datePublished\":\"2025-11-13T15:27:18+00:00\",\"description\":\"Executives and interim managers immediately available for operational assignments. NIM Europe\",\"breadcrumb\":{\"@id\":\"https:\/\/nimeurope.com\/en\/you-are-a-manager-7\/#breadcrumb\"},\"inLanguage\":\"en-US\",\"potentialAction\":[{\"@type\":\"ReadAction\",\"target\":[\"https:\/\/nimeurope.com\/en\/you-are-a-manager-7\/\"]}]},{\"@type\":\"BreadcrumbList\",\"@id\":\"https:\/\/nimeurope.com\/en\/you-are-a-manager-7\/#breadcrumb\",\"itemListElement\":[{\"@type\":\"ListItem\",\"position\":1,\"name\":\"Home\",\"item\":\"https:\/\/nimeurope.com\/en\/home\/\"},{\"@type\":\"ListItem\",\"position\":2,\"name\":\"You are a Manager\"}]},{\"@type\":\"WebSite\",\"@id\":\"https:\/\/nimeurope.com\/en\/#website\",\"url\":\"https:\/\/nimeurope.com\/en\/\",\"name\":\"NIM Europe\",\"description\":\"Nimeurope\",\"potentialAction\":[{\"@type\":\"SearchAction\",\"target\":{\"@type\":\"EntryPoint\",\"urlTemplate\":\"https:\/\/nimeurope.com\/en\/?s={search_term_string}\"},\"query-input\":{\"@type\":\"PropertyValueSpecification\",\"valueRequired\":true,\"valueName\":\"search_term_string\"}}],\"inLanguage\":\"en-US\"}]}<\/script>\n<!-- \/ Yoast SEO plugin. -->","yoast_head_json":{"title":"Interim Manager - Candidates | Nim Europe","description":"Executives and interim managers immediately available for operational assignments. NIM Europe","robots":{"index":"index","follow":"follow","max-snippet":"max-snippet:-1","max-image-preview":"max-image-preview:large","max-video-preview":"max-video-preview:-1"},"canonical":"https:\/\/nimeurope.com\/en\/you-are-a-manager-7\/","og_locale":"en_US","og_type":"article","og_title":"Interim Manager - Candidates | Nim Europe","og_description":"Executives and interim managers immediately available for operational assignments. NIM Europe","og_url":"https:\/\/nimeurope.com\/en\/you-are-a-manager-7\/","og_site_name":"NIM Europe","og_image":[{"width":600,"height":300,"url":"https:\/\/nimeurope.com\/wp-content\/uploads\/2019\/05\/nim_logo_m-min.jpg","type":"image\/jpeg"}],"twitter_misc":{"Est. reading time":"1 minute"},"schema":{"@context":"https:\/\/schema.org","@graph":[{"@type":"WebPage","@id":"https:\/\/nimeurope.com\/en\/you-are-a-manager-7\/","url":"https:\/\/nimeurope.com\/en\/you-are-a-manager-7\/","name":"Interim Manager - Candidates | Nim Europe","isPartOf":{"@id":"https:\/\/nimeurope.com\/en\/#website"},"datePublished":"2025-11-13T15:27:18+00:00","description":"Executives and interim managers immediately available for operational assignments. NIM Europe","breadcrumb":{"@id":"https:\/\/nimeurope.com\/en\/you-are-a-manager-7\/#breadcrumb"},"inLanguage":"en-US","potentialAction":[{"@type":"ReadAction","target":["https:\/\/nimeurope.com\/en\/you-are-a-manager-7\/"]}]},{"@type":"BreadcrumbList","@id":"https:\/\/nimeurope.com\/en\/you-are-a-manager-7\/#breadcrumb","itemListElement":[{"@type":"ListItem","position":1,"name":"Home","item":"https:\/\/nimeurope.com\/en\/home\/"},{"@type":"ListItem","position":2,"name":"You are a Manager"}]},{"@type":"WebSite","@id":"https:\/\/nimeurope.com\/en\/#website","url":"https:\/\/nimeurope.com\/en\/","name":"NIM Europe","description":"Nimeurope","potentialAction":[{"@type":"SearchAction","target":{"@type":"EntryPoint","urlTemplate":"https:\/\/nimeurope.com\/en\/?s={search_term_string}"},"query-input":{"@type":"PropertyValueSpecification","valueRequired":true,"valueName":"search_term_string"}}],"inLanguage":"en-US"}]}},"_links":{"self":[{"href":"https:\/\/nimeurope.com\/en\/wp-json\/wp\/v2\/pages\/19971","targetHints":{"allow":["GET"]}}],"collection":[{"href":"https:\/\/nimeurope.com\/en\/wp-json\/wp\/v2\/pages"}],"about":[{"href":"https:\/\/nimeurope.com\/en\/wp-json\/wp\/v2\/types\/page"}],"author":[{"embeddable":true,"href":"https:\/\/nimeurope.com\/en\/wp-json\/wp\/v2\/users\/30"}],"replies":[{"embeddable":true,"href":"https:\/\/nimeurope.com\/en\/wp-json\/wp\/v2\/comments?post=19971"}],"version-history":[{"count":0,"href":"https:\/\/nimeurope.com\/en\/wp-json\/wp\/v2\/pages\/19971\/revisions"}],"wp:attachment":[{"href":"https:\/\/nimeurope.com\/en\/wp-json\/wp\/v2\/media?parent=19971"}],"curies":[{"name":"wp","href":"https:\/\/api.w.org\/{rel}","templated":true}]}}