{"id":19929,"date":"2025-11-13T15:01:03","date_gmt":"2025-11-13T14:01:03","guid":{"rendered":"https:\/\/nimeurope.com\/?page_id=19929"},"modified":"2025-11-13T15:03:03","modified_gmt":"2025-11-13T13:03:03","slug":"you-are-a-manager-4","status":"publish","type":"page","link":"https:\/\/nimeurope.com\/en\/you-are-a-manager-4\/","title":{"rendered":"You are a <br>Manager"},"content":{"rendered":"\t\t<div data-elementor-type=\"wp-page\" data-elementor-id=\"19929\" class=\"elementor elementor-19929 elementor-19928\" data-elementor-post-type=\"page\">\n\t\t\t\t\t\t<section class=\"elementor-section elementor-top-section elementor-element elementor-element-10d89002 elementor-section-full_width elementor-section-height-min-height elementor-section-content-middle elementor-section-height-default elementor-section-items-middle\" data-id=\"10d89002\" data-element_type=\"section\" data-settings=\"{&quot;background_background&quot;:&quot;classic&quot;}\">\n\t\t\t\t\t\t<div class=\"elementor-container elementor-column-gap-default\">\n\t\t\t\t\t<div class=\"elementor-column elementor-col-100 elementor-top-column elementor-element elementor-element-3ddf7a3e\" data-id=\"3ddf7a3e\" data-element_type=\"column\" data-settings=\"{&quot;background_background&quot;:&quot;classic&quot;}\">\n\t\t\t<div class=\"elementor-widget-wrap elementor-element-populated\">\n\t\t\t\t\t\t<div class=\"elementor-element elementor-element-70c0bb6b elementor-heading-title elementor-widget elementor-widget-heading\" data-id=\"70c0bb6b\" data-element_type=\"widget\" data-widget_type=\"heading.default\">\n\t\t\t\t<div class=\"elementor-widget-container\">\n\t\t\t\t\t<h1 class=\"elementor-heading-title elementor-size-default\">You are a <br>Manager<\/h1>\t\t\t\t<\/div>\n\t\t\t\t<\/div>\n\t\t\t\t\t<\/div>\n\t\t<\/div>\n\t\t\t\t\t<\/div>\n\t\t<\/section>\n\t\t\t\t<section class=\"elementor-section elementor-top-section elementor-element elementor-element-10fc66af elementor-section-boxed elementor-section-height-default elementor-section-height-default\" data-id=\"10fc66af\" data-element_type=\"section\">\n\t\t\t\t\t\t<div class=\"elementor-container elementor-column-gap-default\">\n\t\t\t\t\t<div class=\"elementor-column elementor-col-100 elementor-top-column elementor-element elementor-element-67c1c336\" data-id=\"67c1c336\" data-element_type=\"column\">\n\t\t\t<div class=\"elementor-widget-wrap elementor-element-populated\">\n\t\t\t\t\t\t<div class=\"elementor-element elementor-element-406eeb69 elementor-widget elementor-widget-spacer\" data-id=\"406eeb69\" data-element_type=\"widget\" data-widget_type=\"spacer.default\">\n\t\t\t\t<div class=\"elementor-widget-container\">\n\t\t\t\t\t\t\t<div class=\"elementor-spacer\">\n\t\t\t<div class=\"elementor-spacer-inner\"><\/div>\n\t\t<\/div>\n\t\t\t\t\t\t<\/div>\n\t\t\t\t<\/div>\n\t\t\t\t<div class=\"elementor-element elementor-element-2830bf2 elementor-widget elementor-widget-heading\" data-id=\"2830bf2\" data-element_type=\"widget\" data-widget_type=\"heading.default\">\n\t\t\t\t<div class=\"elementor-widget-container\">\n\t\t\t\t\t<h2 class=\"elementor-heading-title elementor-size-default\">Accompagnez vos d\u00e9fis de gouvernance avec des dirigeants de transition exp\u00e9riment\u00e9s<\/h2>\t\t\t\t<\/div>\n\t\t\t\t<\/div>\n\t\t\t\t<div class=\"elementor-element elementor-element-1a1182aa elementor-widget__width-initial elementor-widget elementor-widget-text-editor\" data-id=\"1a1182aa\" data-element_type=\"widget\" data-widget_type=\"text-editor.default\">\n\t\t\t\t<div class=\"elementor-widget-container\">\n\t\t\t\t\t\t\t\t\t<h2>A BEGINNER OR EXPERIENCED MANAGER, YOU BENEFIT FROM OUR PERSONALIZED SUPPORT, A TRADEMARK OF NIM EUROPE.<\/h2>\r\n<p class=\"p\">Whatever your background is, you are a confirmed executive or manager of high level having successfully exercised responsibilities attesting to your recognized skills.<\/p>\r\n<p class=\"p\">The missions entrusted to us correspond to varied profiles, generalists or specialists which may require knowledge of a particular sector of activity, distinctive know-how or even a command of a specific language.<\/p>\r\n<p class=\"p\">You have exercised an operational role in situations of transformation, launching of new projects, relocation, carve-out, outsourcing, digitalization, crisis or growth in SMEs, mid-caps or large groups. You are geographically mobile, open, adaptable, curious, and attest to proven managerial qualities: your skills and experience interest our customers from all sectors of activity.<\/p>\r\n<p class=\"p\">In addition, 40% of our missions taking place outside the Ile de France, geographic mobility within France and abroad is essential.<\/p>\r\n<p class=\"p\">The requirements required by our activity respond to clearly defined and developed processes in the following points.<\/p>\t\t\t\t\t\t\t\t<\/div>\n\t\t\t\t<\/div>\n\t\t\t\t\t<\/div>\n\t\t<\/div>\n\t\t\t\t\t<\/div>\n\t\t<\/section>\n\t\t\t\t<section class=\"elementor-section elementor-top-section elementor-element elementor-element-2bbc1cc0 elementor-section-boxed elementor-section-height-default elementor-section-height-default\" data-id=\"2bbc1cc0\" data-element_type=\"section\" data-settings=\"{&quot;background_background&quot;:&quot;classic&quot;}\">\n\t\t\t\t\t\t<div class=\"elementor-container elementor-column-gap-wide\">\n\t\t\t\t\t<div class=\"elementor-column elementor-col-50 elementor-top-column elementor-element elementor-element-14043d1e\" data-id=\"14043d1e\" data-element_type=\"column\" data-settings=\"{&quot;background_background&quot;:&quot;classic&quot;}\">\n\t\t\t<div class=\"elementor-widget-wrap elementor-element-populated\">\n\t\t\t\t\t\t<div class=\"elementor-element elementor-element-6f3e5b8 elementor-widget elementor-widget-heading\" data-id=\"6f3e5b8\" data-element_type=\"widget\" data-widget_type=\"heading.default\">\n\t\t\t\t<div class=\"elementor-widget-container\">\n\t\t\t\t\t<h2 class=\"elementor-heading-title elementor-size-default\">PARTAGEZ-NOUS VOS ENJEUX<\/h2>\t\t\t\t<\/div>\n\t\t\t\t<\/div>\n\t\t\t\t<div class=\"elementor-element elementor-element-9c14dbd elementor-widget elementor-widget-text-editor\" data-id=\"9c14dbd\" data-element_type=\"widget\" data-widget_type=\"text-editor.default\">\n\t\t\t\t<div class=\"elementor-widget-container\">\n\t\t\t\t\t\t\t\t\t<p>L&#8217;\u00e9quipe NIM Europe s&#8217;appliquera \u00e0 vous proposer la solution qui r\u00e9pondra au mieux aux enjeux de gouvernance de votre organisation.<\/p>\n<p><br><\/p>\n<p><b>Nos domaines d&#8217;intervention :<\/b><\/p>\n<p>&#8211;<i> Remplacement d&#8217;un dirigeant<\/i><\/p>\n<p><i>&#8211; Changement d\u2019actionnariat<\/i><\/p>\n<p><i>&#8211; Transformation strat\u00e9gique<\/i><\/p>\n<p><i>&#8211; Gestion de crise<\/i><\/p>\n<p><i>&#8211; R\u00e9organisation structurelle<\/i><\/p>\n<p><i>&#8230;<\/i><\/p>\n<p><br><\/p>\n<p>Pr\u00e9cisez-nous vos attentes \u27a1\ufe0f<\/p>\t\t\t\t\t\t\t\t<\/div>\n\t\t\t\t<\/div>\n\t\t\t\t\t<\/div>\n\t\t<\/div>\n\t\t\t\t<div class=\"elementor-column elementor-col-50 elementor-top-column elementor-element elementor-element-3725800a\" data-id=\"3725800a\" data-element_type=\"column\" data-settings=\"{&quot;background_background&quot;:&quot;classic&quot;}\">\n\t\t\t<div class=\"elementor-widget-wrap elementor-element-populated\">\n\t\t\t\t\t\t<div class=\"elementor-element elementor-element-0fd4654 elementor-widget elementor-widget-html\" data-id=\"0fd4654\" data-element_type=\"widget\" data-widget_type=\"html.default\">\n\t\t\t\t<div class=\"elementor-widget-container\">\n\t\t\t\t\t<iframe aria-label='Contact site' frameborder=\"0\" style=\"height:550px;width:99%;border:none;\" src='https:\/\/forms.zohopublic.eu\/nimeurope\/form\/Contactsite\/formperma\/PAvr975Dl-mBZhrSPg9hbRDnLz3SDu5SdVQssBZAKK0'><\/iframe>\t\t\t\t<\/div>\n\t\t\t\t<\/div>\n\t\t\t\t\t<\/div>\n\t\t<\/div>\n\t\t\t\t\t<\/div>\n\t\t<\/section>\n\t\t<div class=\"elementor-element elementor-element-27b859a e-flex e-con-boxed e-con e-parent\" data-id=\"27b859a\" data-element_type=\"container\">\n\t\t\t\t\t<div class=\"e-con-inner\">\n\t\t<div class=\"elementor-element elementor-element-7378dd0 e-con-full e-grid e-con e-child\" data-id=\"7378dd0\" data-element_type=\"container\">\n\t\t\t\t<div class=\"elementor-element elementor-element-7766a98 elementor-view-default elementor-position-block-start elementor-mobile-position-block-start elementor-widget elementor-widget-icon-box\" data-id=\"7766a98\" data-element_type=\"widget\" data-widget_type=\"icon-box.default\">\n\t\t\t\t<div class=\"elementor-widget-container\">\n\t\t\t\t\t\t\t<div class=\"elementor-icon-box-wrapper\">\n\n\t\t\t\t\t\t<div class=\"elementor-icon-box-icon\">\n\t\t\t\t<span  class=\"elementor-icon\">\n\t\t\t\t<i aria-hidden=\"true\" class=\"far fa-moon\"><\/i>\t\t\t\t<\/span>\n\t\t\t<\/div>\n\t\t\t\n\t\t\t\t\t\t<div class=\"elementor-icon-box-content\">\n\n\t\t\t\t\t\t\t\t\t<h3 class=\"elementor-icon-box-title\">\n\t\t\t\t\t\t<span  >\n\t\t\t\t\t\t\tVacance de direction\t\t\t\t\t\t<\/span>\n\t\t\t\t\t<\/h3>\n\t\t\t\t\n\t\t\t\t\t\t\t\t\t<p class=\"elementor-icon-box-description\">\n\t\t\t\t\t\tLorsqu\u2019un dirigeant quitte l\u2019entreprise de mani\u00e8re soudaine \u2014 d\u00e9part impr\u00e9vu, maladie, d\u00e9saccord strat\u00e9gique \u2014 la continuit\u00e9 du pilotage devient un enjeu critique. Un Manager de Transition assure imm\u00e9diatement la stabilit\u00e9 du management et la poursuite des d\u00e9cisions op\u00e9rationnelles, le temps de recruter ou de repositionner la gouvernance.\t\t\t\t\t<\/p>\n\t\t\t\t\n\t\t\t<\/div>\n\t\t\t\n\t\t<\/div>\n\t\t\t\t\t\t<\/div>\n\t\t\t\t<\/div>\n\t\t\t\t<div class=\"elementor-element elementor-element-041b273 elementor-view-default elementor-position-block-start elementor-mobile-position-block-start elementor-widget elementor-widget-icon-box\" data-id=\"041b273\" data-element_type=\"widget\" data-widget_type=\"icon-box.default\">\n\t\t\t\t<div class=\"elementor-widget-container\">\n\t\t\t\t\t\t\t<div class=\"elementor-icon-box-wrapper\">\n\n\t\t\t\t\t\t<div class=\"elementor-icon-box-icon\">\n\t\t\t\t<span  class=\"elementor-icon\">\n\t\t\t\t<i aria-hidden=\"true\" class=\"fas fa-chess-knight\"><\/i>\t\t\t\t<\/span>\n\t\t\t<\/div>\n\t\t\t\n\t\t\t\t\t\t<div class=\"elementor-icon-box-content\">\n\n\t\t\t\t\t\t\t\t\t<h3 class=\"elementor-icon-box-title\">\n\t\t\t\t\t\t<span  >\n\t\t\t\t\t\t\tChangement d\u2019actionnariat\t\t\t\t\t\t<\/span>\n\t\t\t\t\t<\/h3>\n\t\t\t\t\n\t\t\t\t\t\t\t\t\t<p class=\"elementor-icon-box-description\">\n\t\t\t\t\t\tUne fusion, une cession ou une entr\u00e9e d\u2019investisseurs peut fragiliser l\u2019\u00e9quilibre d\u00e9cisionnel et cr\u00e9er des tensions au sein du comit\u00e9 de direction. L\u2019intervention d\u2019un dirigeant de transition permet d\u2019assurer la coh\u00e9rence du pilotage strat\u00e9gique, de pr\u00e9server la confiance des \u00e9quipes et de faciliter la phase de transmission ou d\u2019int\u00e9gration.\t\t\t\t\t<\/p>\n\t\t\t\t\n\t\t\t<\/div>\n\t\t\t\n\t\t<\/div>\n\t\t\t\t\t\t<\/div>\n\t\t\t\t<\/div>\n\t\t\t\t<div class=\"elementor-element elementor-element-d397d43 elementor-view-default elementor-position-block-start elementor-mobile-position-block-start elementor-widget elementor-widget-icon-box\" data-id=\"d397d43\" data-element_type=\"widget\" data-widget_type=\"icon-box.default\">\n\t\t\t\t<div class=\"elementor-widget-container\">\n\t\t\t\t\t\t\t<div class=\"elementor-icon-box-wrapper\">\n\n\t\t\t\t\t\t<div class=\"elementor-icon-box-icon\">\n\t\t\t\t<span  class=\"elementor-icon\">\n\t\t\t\t<i aria-hidden=\"true\" class=\"fas fa-hammer\"><\/i>\t\t\t\t<\/span>\n\t\t\t<\/div>\n\t\t\t\n\t\t\t\t\t\t<div class=\"elementor-icon-box-content\">\n\n\t\t\t\t\t\t\t\t\t<h3 class=\"elementor-icon-box-title\">\n\t\t\t\t\t\t<span  >\n\t\t\t\t\t\t\tTransformation strat\u00e9gique\t\t\t\t\t\t<\/span>\n\t\t\t\t\t<\/h3>\n\t\t\t\t\n\t\t\t\t\t\t\t\t\t<p class=\"elementor-icon-box-description\">\n\t\t\t\t\t\tR\u00e9orientation du mod\u00e8le \u00e9conomique, red\u00e9finition des priorit\u00e9s ou restructuration interne : ces moments exigent une gouvernance forte et un leadership clair. Un Manager de Transition apporte l\u2019exp\u00e9rience et la neutralit\u00e9 n\u00e9cessaires pour conduire le changement avec m\u00e9thode, tout en maintenant la performance et l\u2019engagement collectif.\t\t\t\t\t<\/p>\n\t\t\t\t\n\t\t\t<\/div>\n\t\t\t\n\t\t<\/div>\n\t\t\t\t\t\t<\/div>\n\t\t\t\t<\/div>\n\t\t\t\t<div class=\"elementor-element elementor-element-0f40f16 elementor-view-default elementor-position-block-start elementor-mobile-position-block-start elementor-widget elementor-widget-icon-box\" data-id=\"0f40f16\" data-element_type=\"widget\" data-widget_type=\"icon-box.default\">\n\t\t\t\t<div class=\"elementor-widget-container\">\n\t\t\t\t\t\t\t<div class=\"elementor-icon-box-wrapper\">\n\n\t\t\t\t\t\t<div class=\"elementor-icon-box-icon\">\n\t\t\t\t<span  class=\"elementor-icon\">\n\t\t\t\t<i aria-hidden=\"true\" class=\"fas fa-frown-open\"><\/i>\t\t\t\t<\/span>\n\t\t\t<\/div>\n\t\t\t\n\t\t\t\t\t\t<div class=\"elementor-icon-box-content\">\n\n\t\t\t\t\t\t\t\t\t<h3 class=\"elementor-icon-box-title\">\n\t\t\t\t\t\t<span  >\n\t\t\t\t\t\t\tCrise manag\u00e9riale\t\t\t\t\t\t<\/span>\n\t\t\t\t\t<\/h3>\n\t\t\t\t\n\t\t\t\t\t\t\t\t\t<p class=\"elementor-icon-box-description\">\n\t\t\t\t\t\tConflits internes, perte de confiance, d\u00e9salignement entre la direction et les \u00e9quipes\u2026 ces situations menacent directement la stabilit\u00e9 et la r\u00e9putation de l\u2019entreprise. Le Manager de Transition intervient comme catalyseur de r\u00e9organisation et de redynamisation, r\u00e9tablissant un climat de confiance et une gouvernance op\u00e9rationnelle solide.\t\t\t\t\t<\/p>\n\t\t\t\t\n\t\t\t<\/div>\n\t\t\t\n\t\t<\/div>\n\t\t\t\t\t\t<\/div>\n\t\t\t\t<\/div>\n\t\t<div class=\"elementor-element elementor-element-0d57f7a e-flex e-con-boxed e-con e-child\" data-id=\"0d57f7a\" data-element_type=\"container\">\n\t\t\t\t\t<div class=\"e-con-inner\">\n\t\t\t\t\t<\/div>\n\t\t\t\t<\/div>\n\t\t\t\t<\/div>\n\t\t\t\t\t<\/div>\n\t\t\t\t<\/div>\n\t\t\t\t<\/div>\n\t\t","protected":false},"excerpt":{"rendered":"<p>You are a Manager Accompagnez vos d\u00e9fis de gouvernance avec des dirigeants de transition exp\u00e9riment\u00e9s A BEGINNER OR EXPERIENCED MANAGER, YOU BENEFIT FROM OUR PERSONALIZED SUPPORT, A TRADEMARK OF NIM EUROPE. Whatever your background is, you are a confirmed executive or manager of high level having successfully exercised responsibilities attesting to your recognized skills. The [&hellip;]<\/p>\n","protected":false},"author":30,"featured_media":0,"parent":0,"menu_order":0,"comment_status":"closed","ping_status":"closed","template":"","meta":{"footnotes":""},"class_list":["post-19929","page","type-page","status-publish","hentry","entry"],"yoast_head":"<!-- This site is optimized with the Yoast SEO plugin v26.8 - https:\/\/yoast.com\/product\/yoast-seo-wordpress\/ -->\n<title>Interim Manager - Candidates | Nim Europe<\/title>\n<meta name=\"description\" content=\"Executives and interim managers immediately available for operational assignments. NIM Europe\" \/>\n<meta name=\"robots\" content=\"index, follow, max-snippet:-1, max-image-preview:large, max-video-preview:-1\" \/>\n<link rel=\"canonical\" href=\"https:\/\/nimeurope.com\/en\/you-are-a-manager-4\/\" \/>\n<meta property=\"og:locale\" content=\"en_US\" \/>\n<meta property=\"og:type\" content=\"article\" \/>\n<meta property=\"og:title\" content=\"Interim Manager - Candidates | Nim Europe\" \/>\n<meta property=\"og:description\" content=\"Executives and interim managers immediately available for operational assignments. NIM Europe\" \/>\n<meta property=\"og:url\" content=\"https:\/\/nimeurope.com\/en\/you-are-a-manager-4\/\" \/>\n<meta property=\"og:site_name\" content=\"NIM Europe\" \/>\n<meta property=\"og:image\" content=\"https:\/\/nimeurope.com\/wp-content\/uploads\/2019\/05\/nim_logo_m-min.jpg\" \/>\n\t<meta property=\"og:image:width\" content=\"600\" \/>\n\t<meta property=\"og:image:height\" content=\"300\" \/>\n\t<meta property=\"og:image:type\" content=\"image\/jpeg\" \/>\n<meta name=\"twitter:label1\" content=\"Est. reading time\" \/>\n\t<meta name=\"twitter:data1\" content=\"1 minute\" \/>\n<script type=\"application\/ld+json\" class=\"yoast-schema-graph\">{\"@context\":\"https:\/\/schema.org\",\"@graph\":[{\"@type\":\"WebPage\",\"@id\":\"https:\/\/nimeurope.com\/en\/you-are-a-manager-4\/\",\"url\":\"https:\/\/nimeurope.com\/en\/you-are-a-manager-4\/\",\"name\":\"Interim Manager - Candidates | Nim Europe\",\"isPartOf\":{\"@id\":\"https:\/\/nimeurope.com\/en\/#website\"},\"datePublished\":\"2025-11-13T14:01:03+00:00\",\"description\":\"Executives and interim managers immediately available for operational assignments. NIM Europe\",\"breadcrumb\":{\"@id\":\"https:\/\/nimeurope.com\/en\/you-are-a-manager-4\/#breadcrumb\"},\"inLanguage\":\"en-US\",\"potentialAction\":[{\"@type\":\"ReadAction\",\"target\":[\"https:\/\/nimeurope.com\/en\/you-are-a-manager-4\/\"]}]},{\"@type\":\"BreadcrumbList\",\"@id\":\"https:\/\/nimeurope.com\/en\/you-are-a-manager-4\/#breadcrumb\",\"itemListElement\":[{\"@type\":\"ListItem\",\"position\":1,\"name\":\"Home\",\"item\":\"https:\/\/nimeurope.com\/en\/home\/\"},{\"@type\":\"ListItem\",\"position\":2,\"name\":\"You are a Manager\"}]},{\"@type\":\"WebSite\",\"@id\":\"https:\/\/nimeurope.com\/en\/#website\",\"url\":\"https:\/\/nimeurope.com\/en\/\",\"name\":\"NIM Europe\",\"description\":\"Nimeurope\",\"potentialAction\":[{\"@type\":\"SearchAction\",\"target\":{\"@type\":\"EntryPoint\",\"urlTemplate\":\"https:\/\/nimeurope.com\/en\/?s={search_term_string}\"},\"query-input\":{\"@type\":\"PropertyValueSpecification\",\"valueRequired\":true,\"valueName\":\"search_term_string\"}}],\"inLanguage\":\"en-US\"}]}<\/script>\n<!-- \/ Yoast SEO plugin. -->","yoast_head_json":{"title":"Interim Manager - Candidates | Nim Europe","description":"Executives and interim managers immediately available for operational assignments. NIM Europe","robots":{"index":"index","follow":"follow","max-snippet":"max-snippet:-1","max-image-preview":"max-image-preview:large","max-video-preview":"max-video-preview:-1"},"canonical":"https:\/\/nimeurope.com\/en\/you-are-a-manager-4\/","og_locale":"en_US","og_type":"article","og_title":"Interim Manager - Candidates | Nim Europe","og_description":"Executives and interim managers immediately available for operational assignments. NIM Europe","og_url":"https:\/\/nimeurope.com\/en\/you-are-a-manager-4\/","og_site_name":"NIM Europe","og_image":[{"width":600,"height":300,"url":"https:\/\/nimeurope.com\/wp-content\/uploads\/2019\/05\/nim_logo_m-min.jpg","type":"image\/jpeg"}],"twitter_misc":{"Est. reading time":"1 minute"},"schema":{"@context":"https:\/\/schema.org","@graph":[{"@type":"WebPage","@id":"https:\/\/nimeurope.com\/en\/you-are-a-manager-4\/","url":"https:\/\/nimeurope.com\/en\/you-are-a-manager-4\/","name":"Interim Manager - Candidates | Nim Europe","isPartOf":{"@id":"https:\/\/nimeurope.com\/en\/#website"},"datePublished":"2025-11-13T14:01:03+00:00","description":"Executives and interim managers immediately available for operational assignments. NIM Europe","breadcrumb":{"@id":"https:\/\/nimeurope.com\/en\/you-are-a-manager-4\/#breadcrumb"},"inLanguage":"en-US","potentialAction":[{"@type":"ReadAction","target":["https:\/\/nimeurope.com\/en\/you-are-a-manager-4\/"]}]},{"@type":"BreadcrumbList","@id":"https:\/\/nimeurope.com\/en\/you-are-a-manager-4\/#breadcrumb","itemListElement":[{"@type":"ListItem","position":1,"name":"Home","item":"https:\/\/nimeurope.com\/en\/home\/"},{"@type":"ListItem","position":2,"name":"You are a Manager"}]},{"@type":"WebSite","@id":"https:\/\/nimeurope.com\/en\/#website","url":"https:\/\/nimeurope.com\/en\/","name":"NIM Europe","description":"Nimeurope","potentialAction":[{"@type":"SearchAction","target":{"@type":"EntryPoint","urlTemplate":"https:\/\/nimeurope.com\/en\/?s={search_term_string}"},"query-input":{"@type":"PropertyValueSpecification","valueRequired":true,"valueName":"search_term_string"}}],"inLanguage":"en-US"}]}},"_links":{"self":[{"href":"https:\/\/nimeurope.com\/en\/wp-json\/wp\/v2\/pages\/19929","targetHints":{"allow":["GET"]}}],"collection":[{"href":"https:\/\/nimeurope.com\/en\/wp-json\/wp\/v2\/pages"}],"about":[{"href":"https:\/\/nimeurope.com\/en\/wp-json\/wp\/v2\/types\/page"}],"author":[{"embeddable":true,"href":"https:\/\/nimeurope.com\/en\/wp-json\/wp\/v2\/users\/30"}],"replies":[{"embeddable":true,"href":"https:\/\/nimeurope.com\/en\/wp-json\/wp\/v2\/comments?post=19929"}],"version-history":[{"count":0,"href":"https:\/\/nimeurope.com\/en\/wp-json\/wp\/v2\/pages\/19929\/revisions"}],"wp:attachment":[{"href":"https:\/\/nimeurope.com\/en\/wp-json\/wp\/v2\/media?parent=19929"}],"curies":[{"name":"wp","href":"https:\/\/api.w.org\/{rel}","templated":true}]}}