{"id":19847,"date":"2025-07-15T17:09:47","date_gmt":"2025-07-15T16:09:47","guid":{"rendered":"https:\/\/nim.yupeek.com\/?page_id=19847"},"modified":"2025-07-15T17:11:25","modified_gmt":"2025-07-15T16:11:25","slug":"you-are-a-manager-2","status":"publish","type":"page","link":"https:\/\/nimeurope.com\/en\/you-are-a-manager-2\/","title":{"rendered":"You are a <br>Manager"},"content":{"rendered":"\t\t<div data-elementor-type=\"wp-page\" data-elementor-id=\"19847\" class=\"elementor elementor-19847 elementor-19846\" data-elementor-post-type=\"page\">\n\t\t\t\t\t\t<section class=\"elementor-section elementor-top-section elementor-element elementor-element-10d89002 elementor-section-full_width elementor-section-height-min-height elementor-section-content-middle elementor-section-height-default elementor-section-items-middle\" data-id=\"10d89002\" data-element_type=\"section\" data-settings=\"{&quot;background_background&quot;:&quot;classic&quot;}\">\n\t\t\t\t\t\t<div class=\"elementor-container elementor-column-gap-default\">\n\t\t\t\t\t<div class=\"elementor-column elementor-col-100 elementor-top-column elementor-element elementor-element-3ddf7a3e\" data-id=\"3ddf7a3e\" data-element_type=\"column\" data-settings=\"{&quot;background_background&quot;:&quot;classic&quot;}\">\n\t\t\t<div class=\"elementor-widget-wrap elementor-element-populated\">\n\t\t\t\t\t\t<div class=\"elementor-element elementor-element-70c0bb6b elementor-heading-title elementor-widget elementor-widget-heading\" data-id=\"70c0bb6b\" data-element_type=\"widget\" data-widget_type=\"heading.default\">\n\t\t\t\t<div class=\"elementor-widget-container\">\n\t\t\t\t\t<h1 class=\"elementor-heading-title elementor-size-default\">You are a <br>Manager<\/h1>\t\t\t\t<\/div>\n\t\t\t\t<\/div>\n\t\t\t\t\t<\/div>\n\t\t<\/div>\n\t\t\t\t\t<\/div>\n\t\t<\/section>\n\t\t\t\t<section class=\"elementor-section elementor-top-section elementor-element elementor-element-10fc66af elementor-section-boxed elementor-section-height-default elementor-section-height-default\" data-id=\"10fc66af\" data-element_type=\"section\">\n\t\t\t\t\t\t<div class=\"elementor-container elementor-column-gap-default\">\n\t\t\t\t\t<div class=\"elementor-column elementor-col-100 elementor-top-column elementor-element elementor-element-67c1c336\" data-id=\"67c1c336\" data-element_type=\"column\">\n\t\t\t<div class=\"elementor-widget-wrap elementor-element-populated\">\n\t\t\t\t\t\t<div class=\"elementor-element elementor-element-406eeb69 elementor-widget elementor-widget-spacer\" data-id=\"406eeb69\" data-element_type=\"widget\" data-widget_type=\"spacer.default\">\n\t\t\t\t<div class=\"elementor-widget-container\">\n\t\t\t\t\t\t\t<div class=\"elementor-spacer\">\n\t\t\t<div class=\"elementor-spacer-inner\"><\/div>\n\t\t<\/div>\n\t\t\t\t\t\t<\/div>\n\t\t\t\t<\/div>\n\t\t\t\t<div class=\"elementor-element elementor-element-2830bf2 elementor-widget elementor-widget-heading\" data-id=\"2830bf2\" data-element_type=\"widget\" data-widget_type=\"heading.default\">\n\t\t\t\t<div class=\"elementor-widget-container\">\n\t\t\t\t\t<h2 class=\"elementor-heading-title elementor-size-default\">NIMSuisse \u2013 L\u2019excellence du Management de transition en Suisse<\/h2>\t\t\t\t<\/div>\n\t\t\t\t<\/div>\n\t\t\t\t<div class=\"elementor-element elementor-element-1a1182aa elementor-widget__width-initial elementor-widget elementor-widget-text-editor\" data-id=\"1a1182aa\" data-element_type=\"widget\" data-widget_type=\"text-editor.default\">\n\t\t\t\t<div class=\"elementor-widget-container\">\n\t\t\t\t\t\t\t\t\t<h2>A BEGINNER OR EXPERIENCED MANAGER, YOU BENEFIT FROM OUR PERSONALIZED SUPPORT, A TRADEMARK OF NIM EUROPE.<\/h2>\n<p class=\"p\">Whatever your background is, you are a confirmed executive or manager of high level having successfully exercised responsibilities attesting to your recognized skills.<\/p>\n<p class=\"p\">The missions entrusted to us correspond to varied profiles, generalists or specialists which may require knowledge of a particular sector of activity, distinctive know-how or even a command of a specific language.<\/p>\n<p class=\"p\">You have exercised an operational role in situations of transformation, launching of new projects, relocation, carve-out, outsourcing, digitalization, crisis or growth in SMEs, mid-caps or large groups. You are geographically mobile, open, adaptable, curious, and attest to proven managerial qualities: your skills and experience interest our customers from all sectors of activity.<\/p>\n<p class=\"p\">In addition, 40% of our missions taking place outside the Ile de France, geographic mobility within France and abroad is essential.<\/p>\n<p class=\"p\">The requirements required by our activity respond to clearly defined and developed processes in the following points.<\/p>\n\t\t\t\t\t\t\t\t<\/div>\n\t\t\t\t<\/div>\n\t\t\t\t\t<\/div>\n\t\t<\/div>\n\t\t\t\t\t<\/div>\n\t\t<\/section>\n\t\t\t\t<section class=\"elementor-section elementor-top-section elementor-element elementor-element-2bbc1cc0 elementor-section-boxed elementor-section-height-default elementor-section-height-default\" data-id=\"2bbc1cc0\" data-element_type=\"section\" data-settings=\"{&quot;background_background&quot;:&quot;classic&quot;}\">\n\t\t\t\t\t\t<div class=\"elementor-container elementor-column-gap-wide\">\n\t\t\t\t\t<div class=\"elementor-column elementor-col-50 elementor-top-column elementor-element elementor-element-14043d1e\" data-id=\"14043d1e\" data-element_type=\"column\" data-settings=\"{&quot;background_background&quot;:&quot;classic&quot;}\">\n\t\t\t<div class=\"elementor-widget-wrap\">\n\t\t\t\t\t\t\t<\/div>\n\t\t<\/div>\n\t\t\t\t<div class=\"elementor-column elementor-col-50 elementor-top-column elementor-element elementor-element-3725800a\" data-id=\"3725800a\" data-element_type=\"column\" data-settings=\"{&quot;background_background&quot;:&quot;classic&quot;}\">\n\t\t\t<div class=\"elementor-widget-wrap elementor-element-populated\">\n\t\t\t\t\t\t<div class=\"elementor-element elementor-element-3789d08b elementor-widget elementor-widget-heading\" data-id=\"3789d08b\" data-element_type=\"widget\" data-widget_type=\"heading.default\">\n\t\t\t\t<div class=\"elementor-widget-container\">\n\t\t\t\t\t<span class=\"elementor-heading-title elementor-size-default\">Des besoins de Management de transition en Suisse ?<\/span>\t\t\t\t<\/div>\n\t\t\t\t<\/div>\n\t\t<div class=\"elementor-element elementor-element-3106399d e-flex e-con-boxed e-con e-child\" data-id=\"3106399d\" data-element_type=\"container\">\n\t\t\t\t\t<div class=\"e-con-inner\">\n\t\t<div class=\"elementor-element elementor-element-458cdc88 e-con-full e-flex e-con e-child\" data-id=\"458cdc88\" data-element_type=\"container\">\n\t\t\t\t<div class=\"elementor-element elementor-element-33f8c0a4 span-white-on-green elementor-widget elementor-widget-heading\" data-id=\"33f8c0a4\" data-element_type=\"widget\" data-settings=\"{&quot;motion_fx_motion_fx_mouse&quot;:&quot;yes&quot;}\" data-widget_type=\"heading.default\">\n\t\t\t\t<div class=\"elementor-widget-container\">\n\t\t\t\t\t<span class=\"elementor-heading-title elementor-size-default\"><a href=\"https:\/\/nimeurope.com\/en\/deposer-votre-cv\/\">Contacter NIMSuisse<\/a><\/span>\t\t\t\t<\/div>\n\t\t\t\t<\/div>\n\t\t\t\t<\/div>\n\t\t<div class=\"elementor-element elementor-element-11a52b75 e-con-full e-flex e-con e-child\" data-id=\"11a52b75\" data-element_type=\"container\">\n\t\t\t\t<div class=\"elementor-element elementor-element-72e57a09 arrow-white-on-green elementor-view-default elementor-widget elementor-widget-icon\" data-id=\"72e57a09\" data-element_type=\"widget\" data-widget_type=\"icon.default\">\n\t\t\t\t<div class=\"elementor-widget-container\">\n\t\t\t\t\t\t\t<div class=\"elementor-icon-wrapper\">\n\t\t\t<a class=\"elementor-icon\" href=\"https:\/\/nimeurope.com\/en\/deposer-votre-cv\/\">\n\t\t\t<svg xmlns=\"http:\/\/www.w3.org\/2000\/svg\" width=\"94\" height=\"94\" viewBox=\"0 0 94 94\" fill=\"none\"><g clip-path=\"url(#clip0_1030_32)\"><path d=\"M92 46.9968C92 71.808 71.8109 91.9983 46.9991 92H46.9989C22.1883 91.9999 2 71.8114 2 47.0005C2 22.1894 22.1884 2 46.9991 2C71.81 2 92 22.1869 92 46.9968Z\" stroke=\"white\" stroke-width=\"4\"><\/path><path d=\"M68 46.9999C68 48.1047 67.0176 49 65.8056 49H28.1947C26.9824 49 26 48.1047 26 46.9999C26 45.8951 26.9824 45 28.1947 45H65.8053C67.0176 45 68 45.8951 68 46.9999Z\" fill=\"white\"><\/path><path d=\"M69 46.9991L54.8855 63.2388C54.0886 64.156 52.6927 64.2587 51.7676 63.4685C50.8424 62.6774 50.7394 61.2935 51.5357 60.3772L63.1629 46.9991L51.5357 33.6228C50.7399 32.7062 50.8424 31.3209 51.7676 30.5314C52.6927 29.7414 54.0884 29.844 54.8855 30.7611L69 46.9991Z\" fill=\"white\"><\/path><\/g><defs><clipPath id=\"clip0_1030_32\"><rect width=\"94\" height=\"94\" fill=\"white\"><\/rect><\/clipPath><\/defs><\/svg>\t\t\t<\/a>\n\t\t<\/div>\n\t\t\t\t\t\t<\/div>\n\t\t\t\t<\/div>\n\t\t\t\t<\/div>\n\t\t\t\t\t<\/div>\n\t\t\t\t<\/div>\n\t\t\t\t\t<\/div>\n\t\t<\/div>\n\t\t\t\t\t<\/div>\n\t\t<\/section>\n\t\t<div class=\"elementor-element elementor-element-27b859a e-flex e-con-boxed e-con e-parent\" data-id=\"27b859a\" data-element_type=\"container\">\n\t\t\t\t\t<div class=\"e-con-inner\">\n\t\t<div class=\"elementor-element elementor-element-7378dd0 e-con-full e-grid e-con e-child\" data-id=\"7378dd0\" data-element_type=\"container\">\n\t\t\t\t<div class=\"elementor-element elementor-element-7766a98 elementor-view-default elementor-position-block-start elementor-mobile-position-block-start elementor-widget elementor-widget-icon-box\" data-id=\"7766a98\" data-element_type=\"widget\" data-widget_type=\"icon-box.default\">\n\t\t\t\t<div class=\"elementor-widget-container\">\n\t\t\t\t\t\t\t<div class=\"elementor-icon-box-wrapper\">\n\n\t\t\t\t\t\t<div class=\"elementor-icon-box-icon\">\n\t\t\t\t<span  class=\"elementor-icon\">\n\t\t\t\t<i aria-hidden=\"true\" class=\"far fa-flag\"><\/i>\t\t\t\t<\/span>\n\t\t\t<\/div>\n\t\t\t\n\t\t\t\t\t\t<div class=\"elementor-icon-box-content\">\n\n\t\t\t\t\t\t\t\t\t<h3 class=\"elementor-icon-box-title\">\n\t\t\t\t\t\t<span  >\n\t\t\t\t\t\t\tD\u00e9veloppement strat\u00e9gique\t\t\t\t\t\t<\/span>\n\t\t\t\t\t<\/h3>\n\t\t\t\t\n\t\t\t\t\t\t\t\t\t<p class=\"elementor-icon-box-description\">\n\t\t\t\t\t\tNIMSuisse accompagne les entreprises dans leur expansion sur le march\u00e9 suisse, leur ouverture \u00e0 l\u2019international depuis la Suisse, la gestion d\u2019un double \u00e9tablissement franco-suisse, ainsi que dans leur croissance organique. Nous intervenons \u00e9galement pour soutenir le lancement de nouvelles activit\u00e9s ou de nouveaux produits.\t\t\t\t\t<\/p>\n\t\t\t\t\n\t\t\t<\/div>\n\t\t\t\n\t\t<\/div>\n\t\t\t\t\t\t<\/div>\n\t\t\t\t<\/div>\n\t\t\t\t<div class=\"elementor-element elementor-element-041b273 elementor-view-default elementor-position-block-start elementor-mobile-position-block-start elementor-widget elementor-widget-icon-box\" data-id=\"041b273\" data-element_type=\"widget\" data-widget_type=\"icon-box.default\">\n\t\t\t\t<div class=\"elementor-widget-container\">\n\t\t\t\t\t\t\t<div class=\"elementor-icon-box-wrapper\">\n\n\t\t\t\t\t\t<div class=\"elementor-icon-box-icon\">\n\t\t\t\t<span  class=\"elementor-icon\">\n\t\t\t\t<i aria-hidden=\"true\" class=\"fas fa-drafting-compass\"><\/i>\t\t\t\t<\/span>\n\t\t\t<\/div>\n\t\t\t\n\t\t\t\t\t\t<div class=\"elementor-icon-box-content\">\n\n\t\t\t\t\t\t\t\t\t<h3 class=\"elementor-icon-box-title\">\n\t\t\t\t\t\t<span  >\n\t\t\t\t\t\t\tTransformation des organisations\t\t\t\t\t\t<\/span>\n\t\t\t\t\t<\/h3>\n\t\t\t\t\n\t\t\t\t\t\t\t\t\t<p class=\"elementor-icon-box-description\">\n\t\t\t\t\t\tNos Managers de Transition pilotent des op\u00e9rations complexes telles que des fusions-acquisitions, des transformations globales d\u2019entreprise, des refontes de processus ou encore la mise en \u0153uvre de programmes et projets strat\u00e9giques \u00e0 forte valeur ajout\u00e9e.\t\t\t\t\t<\/p>\n\t\t\t\t\n\t\t\t<\/div>\n\t\t\t\n\t\t<\/div>\n\t\t\t\t\t\t<\/div>\n\t\t\t\t<\/div>\n\t\t\t\t<div class=\"elementor-element elementor-element-d397d43 elementor-view-default elementor-position-block-start elementor-mobile-position-block-start elementor-widget elementor-widget-icon-box\" data-id=\"d397d43\" data-element_type=\"widget\" data-widget_type=\"icon-box.default\">\n\t\t\t\t<div class=\"elementor-widget-container\">\n\t\t\t\t\t\t\t<div class=\"elementor-icon-box-wrapper\">\n\n\t\t\t\t\t\t<div class=\"elementor-icon-box-icon\">\n\t\t\t\t<span  class=\"elementor-icon\">\n\t\t\t\t<i aria-hidden=\"true\" class=\"fas fa-brush\"><\/i>\t\t\t\t<\/span>\n\t\t\t<\/div>\n\t\t\t\n\t\t\t\t\t\t<div class=\"elementor-icon-box-content\">\n\n\t\t\t\t\t\t\t\t\t<h3 class=\"elementor-icon-box-title\">\n\t\t\t\t\t\t<span  >\n\t\t\t\t\t\t\tOptimisation de la performance\t\t\t\t\t\t<\/span>\n\t\t\t\t\t<\/h3>\n\t\t\t\t\n\t\t\t\t\t\t\t\t\t<p class=\"elementor-icon-box-description\">\n\t\t\t\t\t\tNous d\u00e9ployons des plans de performance pour renforcer la productivit\u00e9 et la comp\u00e9titivit\u00e9, g\u00e9rer des situations de crise ou de retournement, pr\u00e9venir les risques, et accompagner les d\u00e9veloppements industriels, g\u00e9ographiques ou fonctionnels.\t\t\t\t\t<\/p>\n\t\t\t\t\n\t\t\t<\/div>\n\t\t\t\n\t\t<\/div>\n\t\t\t\t\t\t<\/div>\n\t\t\t\t<\/div>\n\t\t\t\t<div class=\"elementor-element elementor-element-0f40f16 elementor-view-default elementor-position-block-start elementor-mobile-position-block-start elementor-widget elementor-widget-icon-box\" data-id=\"0f40f16\" data-element_type=\"widget\" data-widget_type=\"icon-box.default\">\n\t\t\t\t<div class=\"elementor-widget-container\">\n\t\t\t\t\t\t\t<div class=\"elementor-icon-box-wrapper\">\n\n\t\t\t\t\t\t<div class=\"elementor-icon-box-icon\">\n\t\t\t\t<span  class=\"elementor-icon\">\n\t\t\t\t<i aria-hidden=\"true\" class=\"fab fa-confluence\"><\/i>\t\t\t\t<\/span>\n\t\t\t<\/div>\n\t\t\t\n\t\t\t\t\t\t<div class=\"elementor-icon-box-content\">\n\n\t\t\t\t\t\t\t\t\t<h3 class=\"elementor-icon-box-title\">\n\t\t\t\t\t\t<span  >\n\t\t\t\t\t\t\tManagement de relais\t\t\t\t\t\t<\/span>\n\t\t\t\t\t<\/h3>\n\t\t\t\t\n\t\t\t\t\t\t\t\t\t<p class=\"elementor-icon-box-description\">\n\t\t\t\t\t\tNous assurons la continuit\u00e9 des fonctions cl\u00e9s lors de d\u00e9parts ou de transitions, anticipons les recrutements strat\u00e9giques, structurons les plans de succession et intervenons dans le cadre d\u2019op\u00e9rations de type Management Buy-Out.\t\t\t\t\t<\/p>\n\t\t\t\t\n\t\t\t<\/div>\n\t\t\t\n\t\t<\/div>\n\t\t\t\t\t\t<\/div>\n\t\t\t\t<\/div>\n\t\t<div class=\"elementor-element elementor-element-0d57f7a e-flex e-con-boxed e-con e-child\" data-id=\"0d57f7a\" data-element_type=\"container\">\n\t\t\t\t\t<div class=\"e-con-inner\">\n\t\t\t\t\t<\/div>\n\t\t\t\t<\/div>\n\t\t\t\t<\/div>\n\t\t\t\t\t<\/div>\n\t\t\t\t<\/div>\n\t\t\t\t<\/div>\n\t\t","protected":false},"excerpt":{"rendered":"<p>You are a Manager NIMSuisse \u2013 L\u2019excellence du Management de transition en Suisse A BEGINNER OR EXPERIENCED MANAGER, YOU BENEFIT FROM OUR PERSONALIZED SUPPORT, A TRADEMARK OF NIM EUROPE. Whatever your background is, you are a confirmed executive or manager of high level having successfully exercised responsibilities attesting to your recognized skills. The missions entrusted [&hellip;]<\/p>\n","protected":false},"author":30,"featured_media":18332,"parent":0,"menu_order":0,"comment_status":"closed","ping_status":"closed","template":"","meta":{"footnotes":""},"class_list":["post-19847","page","type-page","status-publish","has-post-thumbnail","hentry","entry","has-media"],"yoast_head":"<!-- This site is optimized with the Yoast SEO plugin v26.8 - https:\/\/yoast.com\/product\/yoast-seo-wordpress\/ -->\n<title>Interim Manager - Candidates | Nim Europe<\/title>\n<meta name=\"description\" content=\"Executives and interim managers immediately available for operational assignments. NIM Europe\" \/>\n<meta name=\"robots\" content=\"index, follow, max-snippet:-1, max-image-preview:large, max-video-preview:-1\" \/>\n<link rel=\"canonical\" href=\"https:\/\/nimeurope.com\/en\/you-are-a-manager-2\/\" \/>\n<meta property=\"og:locale\" content=\"en_US\" \/>\n<meta property=\"og:type\" content=\"article\" \/>\n<meta property=\"og:title\" content=\"Interim Manager - Candidates | Nim Europe\" \/>\n<meta property=\"og:description\" content=\"Executives and interim managers immediately available for operational assignments. NIM Europe\" \/>\n<meta property=\"og:url\" content=\"https:\/\/nimeurope.com\/en\/you-are-a-manager-2\/\" \/>\n<meta property=\"og:site_name\" content=\"NIM Europe\" \/>\n<meta property=\"article:modified_time\" content=\"2025-07-15T16:11:25+00:00\" \/>\n<meta property=\"og:image\" content=\"https:\/\/nimeurope.com\/wp-content\/uploads\/2019\/12\/hero_managers-min.jpg\" \/>\n\t<meta property=\"og:image:width\" content=\"1664\" \/>\n\t<meta property=\"og:image:height\" content=\"745\" \/>\n\t<meta property=\"og:image:type\" content=\"image\/jpeg\" \/>\n<meta name=\"twitter:label1\" content=\"Est. reading time\" \/>\n\t<meta name=\"twitter:data1\" content=\"1 minute\" \/>\n<script type=\"application\/ld+json\" class=\"yoast-schema-graph\">{\"@context\":\"https:\/\/schema.org\",\"@graph\":[{\"@type\":\"WebPage\",\"@id\":\"https:\/\/nimeurope.com\/en\/you-are-a-manager-2\/\",\"url\":\"https:\/\/nimeurope.com\/en\/you-are-a-manager-2\/\",\"name\":\"Interim Manager - Candidates | Nim Europe\",\"isPartOf\":{\"@id\":\"https:\/\/nimeurope.com\/en\/#website\"},\"primaryImageOfPage\":{\"@id\":\"https:\/\/nimeurope.com\/en\/you-are-a-manager-2\/#primaryimage\"},\"image\":{\"@id\":\"https:\/\/nimeurope.com\/en\/you-are-a-manager-2\/#primaryimage\"},\"thumbnailUrl\":\"https:\/\/nimeurope.com\/wp-content\/uploads\/2019\/12\/hero_managers-min.jpg\",\"datePublished\":\"2025-07-15T16:09:47+00:00\",\"dateModified\":\"2025-07-15T16:11:25+00:00\",\"description\":\"Executives and interim managers immediately available for operational assignments. NIM Europe\",\"breadcrumb\":{\"@id\":\"https:\/\/nimeurope.com\/en\/you-are-a-manager-2\/#breadcrumb\"},\"inLanguage\":\"en-US\",\"potentialAction\":[{\"@type\":\"ReadAction\",\"target\":[\"https:\/\/nimeurope.com\/en\/you-are-a-manager-2\/\"]}]},{\"@type\":\"ImageObject\",\"inLanguage\":\"en-US\",\"@id\":\"https:\/\/nimeurope.com\/en\/you-are-a-manager-2\/#primaryimage\",\"url\":\"https:\/\/nimeurope.com\/wp-content\/uploads\/2019\/12\/hero_managers-min.jpg\",\"contentUrl\":\"https:\/\/nimeurope.com\/wp-content\/uploads\/2019\/12\/hero_managers-min.jpg\",\"width\":\"1664\",\"height\":\"745\"},{\"@type\":\"BreadcrumbList\",\"@id\":\"https:\/\/nimeurope.com\/en\/you-are-a-manager-2\/#breadcrumb\",\"itemListElement\":[{\"@type\":\"ListItem\",\"position\":1,\"name\":\"Home\",\"item\":\"https:\/\/nimeurope.com\/en\/home\/\"},{\"@type\":\"ListItem\",\"position\":2,\"name\":\"You are a Manager\"}]},{\"@type\":\"WebSite\",\"@id\":\"https:\/\/nimeurope.com\/en\/#website\",\"url\":\"https:\/\/nimeurope.com\/en\/\",\"name\":\"NIM Europe\",\"description\":\"Nimeurope\",\"potentialAction\":[{\"@type\":\"SearchAction\",\"target\":{\"@type\":\"EntryPoint\",\"urlTemplate\":\"https:\/\/nimeurope.com\/en\/?s={search_term_string}\"},\"query-input\":{\"@type\":\"PropertyValueSpecification\",\"valueRequired\":true,\"valueName\":\"search_term_string\"}}],\"inLanguage\":\"en-US\"}]}<\/script>\n<!-- \/ Yoast SEO plugin. -->","yoast_head_json":{"title":"Interim Manager - Candidates | Nim Europe","description":"Executives and interim managers immediately available for operational assignments. NIM Europe","robots":{"index":"index","follow":"follow","max-snippet":"max-snippet:-1","max-image-preview":"max-image-preview:large","max-video-preview":"max-video-preview:-1"},"canonical":"https:\/\/nimeurope.com\/en\/you-are-a-manager-2\/","og_locale":"en_US","og_type":"article","og_title":"Interim Manager - Candidates | Nim Europe","og_description":"Executives and interim managers immediately available for operational assignments. NIM Europe","og_url":"https:\/\/nimeurope.com\/en\/you-are-a-manager-2\/","og_site_name":"NIM Europe","article_modified_time":"2025-07-15T16:11:25+00:00","og_image":[{"width":1664,"height":745,"url":"https:\/\/nimeurope.com\/wp-content\/uploads\/2019\/12\/hero_managers-min.jpg","type":"image\/jpeg"}],"twitter_misc":{"Est. reading time":"1 minute"},"schema":{"@context":"https:\/\/schema.org","@graph":[{"@type":"WebPage","@id":"https:\/\/nimeurope.com\/en\/you-are-a-manager-2\/","url":"https:\/\/nimeurope.com\/en\/you-are-a-manager-2\/","name":"Interim Manager - Candidates | Nim Europe","isPartOf":{"@id":"https:\/\/nimeurope.com\/en\/#website"},"primaryImageOfPage":{"@id":"https:\/\/nimeurope.com\/en\/you-are-a-manager-2\/#primaryimage"},"image":{"@id":"https:\/\/nimeurope.com\/en\/you-are-a-manager-2\/#primaryimage"},"thumbnailUrl":"https:\/\/nimeurope.com\/wp-content\/uploads\/2019\/12\/hero_managers-min.jpg","datePublished":"2025-07-15T16:09:47+00:00","dateModified":"2025-07-15T16:11:25+00:00","description":"Executives and interim managers immediately available for operational assignments. NIM Europe","breadcrumb":{"@id":"https:\/\/nimeurope.com\/en\/you-are-a-manager-2\/#breadcrumb"},"inLanguage":"en-US","potentialAction":[{"@type":"ReadAction","target":["https:\/\/nimeurope.com\/en\/you-are-a-manager-2\/"]}]},{"@type":"ImageObject","inLanguage":"en-US","@id":"https:\/\/nimeurope.com\/en\/you-are-a-manager-2\/#primaryimage","url":"https:\/\/nimeurope.com\/wp-content\/uploads\/2019\/12\/hero_managers-min.jpg","contentUrl":"https:\/\/nimeurope.com\/wp-content\/uploads\/2019\/12\/hero_managers-min.jpg","width":"1664","height":"745"},{"@type":"BreadcrumbList","@id":"https:\/\/nimeurope.com\/en\/you-are-a-manager-2\/#breadcrumb","itemListElement":[{"@type":"ListItem","position":1,"name":"Home","item":"https:\/\/nimeurope.com\/en\/home\/"},{"@type":"ListItem","position":2,"name":"You are a Manager"}]},{"@type":"WebSite","@id":"https:\/\/nimeurope.com\/en\/#website","url":"https:\/\/nimeurope.com\/en\/","name":"NIM Europe","description":"Nimeurope","potentialAction":[{"@type":"SearchAction","target":{"@type":"EntryPoint","urlTemplate":"https:\/\/nimeurope.com\/en\/?s={search_term_string}"},"query-input":{"@type":"PropertyValueSpecification","valueRequired":true,"valueName":"search_term_string"}}],"inLanguage":"en-US"}]}},"_links":{"self":[{"href":"https:\/\/nimeurope.com\/en\/wp-json\/wp\/v2\/pages\/19847","targetHints":{"allow":["GET"]}}],"collection":[{"href":"https:\/\/nimeurope.com\/en\/wp-json\/wp\/v2\/pages"}],"about":[{"href":"https:\/\/nimeurope.com\/en\/wp-json\/wp\/v2\/types\/page"}],"author":[{"embeddable":true,"href":"https:\/\/nimeurope.com\/en\/wp-json\/wp\/v2\/users\/30"}],"replies":[{"embeddable":true,"href":"https:\/\/nimeurope.com\/en\/wp-json\/wp\/v2\/comments?post=19847"}],"version-history":[{"count":0,"href":"https:\/\/nimeurope.com\/en\/wp-json\/wp\/v2\/pages\/19847\/revisions"}],"wp:featuredmedia":[{"embeddable":true,"href":"https:\/\/nimeurope.com\/en\/wp-json\/wp\/v2\/media\/18332"}],"wp:attachment":[{"href":"https:\/\/nimeurope.com\/en\/wp-json\/wp\/v2\/media?parent=19847"}],"curies":[{"name":"wp","href":"https:\/\/api.w.org\/{rel}","templated":true}]}}