{"id":19170,"date":"2024-07-10T14:10:39","date_gmt":"2024-07-10T13:10:39","guid":{"rendered":"https:\/\/nim.yupeek.com\/?page_id=19170"},"modified":"2024-07-10T14:21:44","modified_gmt":"2024-07-10T13:21:44","slug":"become-an-interim-manager-at-nim-europe-2","status":"publish","type":"page","link":"https:\/\/nimeurope.com\/en\/become-an-interim-manager-at-nim-europe-2\/","title":{"rendered":"Become an interim manager at NIM Europe"},"content":{"rendered":"\t\t<div data-elementor-type=\"wp-page\" data-elementor-id=\"19170\" class=\"elementor elementor-19170\" data-elementor-post-type=\"page\">\n\t\t\t\t\t\t<section class=\"elementor-section elementor-top-section elementor-element elementor-element-187e7cd7 elementor-section-height-min-height elementor-section-boxed elementor-section-height-default elementor-section-items-middle\" data-id=\"187e7cd7\" data-element_type=\"section\" data-e-type=\"section\" data-settings=\"{&quot;background_background&quot;:&quot;classic&quot;}\">\n\t\t\t\t\t\t<div class=\"elementor-container elementor-column-gap-default\">\n\t\t\t\t\t<div class=\"elementor-column elementor-col-100 elementor-top-column elementor-element elementor-element-64af13b3\" data-id=\"64af13b3\" data-element_type=\"column\" data-e-type=\"column\">\n\t\t\t<div class=\"elementor-widget-wrap elementor-element-populated\">\n\t\t\t\t\t\t<div class=\"elementor-element elementor-element-924de3c elementor-heading-title elementor-widget elementor-widget-heading\" data-id=\"924de3c\" data-element_type=\"widget\" data-e-type=\"widget\" data-widget_type=\"heading.default\">\n\t\t\t\t<div class=\"elementor-widget-container\">\n\t\t\t\t\t<h1 class=\"elementor-heading-title elementor-size-default\">Animation de la communaut\u00e9<\/h1>\t\t\t\t<\/div>\n\t\t\t\t<\/div>\n\t\t\t\t\t<\/div>\n\t\t<\/div>\n\t\t\t\t\t<\/div>\n\t\t<\/section>\n\t\t\t\t<section class=\"elementor-section elementor-top-section elementor-element elementor-element-dc6b536 elementor-section-boxed elementor-section-height-default elementor-section-height-default\" data-id=\"dc6b536\" data-element_type=\"section\" data-e-type=\"section\">\n\t\t\t\t\t\t<div class=\"elementor-container elementor-column-gap-default\">\n\t\t\t\t\t<div class=\"elementor-column elementor-col-66 elementor-top-column elementor-element elementor-element-2700e60\" data-id=\"2700e60\" data-element_type=\"column\" data-e-type=\"column\">\n\t\t\t<div class=\"elementor-widget-wrap elementor-element-populated\">\n\t\t\t\t\t\t<div class=\"elementor-element elementor-element-de06c5f elementor-widget elementor-widget-heading\" data-id=\"de06c5f\" data-element_type=\"widget\" data-e-type=\"widget\" data-widget_type=\"heading.default\">\n\t\t\t\t<div class=\"elementor-widget-container\">\n\t\t\t\t\t<h2 class=\"elementor-heading-title elementor-size-default\">LA COMMUNAUT\u00e9 NIM Europe<\/h2>\t\t\t\t<\/div>\n\t\t\t\t<\/div>\n\t\t\t\t<div class=\"elementor-element elementor-element-52d68c14 elementor-widget elementor-widget-text-editor\" data-id=\"52d68c14\" data-element_type=\"widget\" data-e-type=\"widget\" data-widget_type=\"text-editor.default\">\n\t\t\t\t<div class=\"elementor-widget-container\">\n\t\t\t\t\t\t\t\t\t<h2>DO YOU WANT TO CARRY OUT TRANSITION MANAGEMENT MISSIONS WITH NIM EUROPE?<\/h2>\n<p>An Interim Manager must demonstrate proven professional experience, appropriate interpersonal skills and a significant track record. To become a Transition Manager at NIM Europe, you identify with us your professional skills, your strengths but also your limitations to ensure the success of the missions entrusted to you.<\/p>\n<p>&nbsp;<\/p>\n<h2>MANAGERIAL EXPERTISE AND REAL KNOW-HOW<\/h2>\n<p>Profile with recognized skills, your career has taken place in industry, services, distribution, parapublic companies. In this capacity, you played an operational role in transformation situations, launch of new projects, relocation or carve-out. You have successfully contributed to outsourcing, digitalization or crisis management operations in large groups, ETIs or SMEs. Your expertise is of interest to our clients. Have you held very operational managerial positions, associated with a strategic vision as CEO, CFO, HR Director, Industrial Director but also Marketing Director, Lawyer, Sales Director, Digital Director, CTO, DSI, Logistics or Purchasing Director? Our missions may suit you. Geographically mobile, you are open, adaptable, curious, and have recognized managerial qualities. Whether in France or abroad, the demands of our customers concern all sectors of activity.<\/p>\n\t\t\t\t\t\t\t\t<\/div>\n\t\t\t\t<\/div>\n\t\t\t\t\t<\/div>\n\t\t<\/div>\n\t\t\t\t<div class=\"elementor-column elementor-col-33 elementor-top-column elementor-element elementor-element-2ceadf7\" data-id=\"2ceadf7\" data-element_type=\"column\" data-e-type=\"column\">\n\t\t\t<div class=\"elementor-widget-wrap elementor-element-populated\">\n\t\t\t\t\t\t<div class=\"elementor-element elementor-element-ea55704 elementor-widget elementor-widget-text-editor\" data-id=\"ea55704\" data-element_type=\"widget\" data-e-type=\"widget\" data-widget_type=\"text-editor.default\">\n\t\t\t\t<div class=\"elementor-widget-container\">\n\t\t\t\t\t\t\t\t\t<h2><a href=\"\/deposer-votre-cv\/\" target=\"_blank\" rel=\"noopener\">D\u00e9poser votre candidature<\/a><\/h2>\n\t\t\t\t\t\t\t\t<\/div>\n\t\t\t\t<\/div>\n\t\t\t\t<div class=\"elementor-element elementor-element-ac5e39d elementor-widget elementor-widget-text-editor\" data-id=\"ac5e39d\" data-element_type=\"widget\" data-e-type=\"widget\" data-widget_type=\"text-editor.default\">\n\t\t\t\t<div class=\"elementor-widget-container\">\n\t\t\t\t\t\t\t\t\t<h2><a href=\"\/quels-avantages-chez-nim-europe\/\" target=\"_blank\" rel=\"noopener\">Les avantages de NIM Europe<\/a><\/h2>\n\t\t\t\t\t\t\t\t<\/div>\n\t\t\t\t<\/div>\n\t\t\t\t<div class=\"elementor-element elementor-element-e5b0df8 elementor-align-left elementor-widget elementor-widget-button\" data-id=\"e5b0df8\" data-element_type=\"widget\" data-e-type=\"widget\" data-widget_type=\"button.default\">\n\t\t\t\t<div class=\"elementor-widget-container\">\n\t\t\t\t\t\t\t\t\t<div class=\"elementor-button-wrapper\">\n\t\t\t\t\t<a class=\"elementor-button elementor-button-link elementor-size-sm\" href=\"#\">\n\t\t\t\t\t\t<span class=\"elementor-button-content-wrapper\">\n\t\t\t\t\t\t<span class=\"elementor-button-icon\">\n\t\t\t\t<i aria-hidden=\"true\" class=\"far fa-user\"><\/i>\t\t\t<\/span>\n\t\t\t\t\t\t\t\t\t<span class=\"elementor-button-text\">ACCEDER A VOTRE ESPACE MANAGER<\/span>\n\t\t\t\t\t<\/span>\n\t\t\t\t\t<\/a>\n\t\t\t\t<\/div>\n\t\t\t\t\t\t\t\t<\/div>\n\t\t\t\t<\/div>\n\t\t\t\t\t<\/div>\n\t\t<\/div>\n\t\t\t\t\t<\/div>\n\t\t<\/section>\n\t\t\t\t<section class=\"elementor-section elementor-top-section elementor-element elementor-element-a0a6aef elementor-section-boxed elementor-section-height-default elementor-section-height-default\" data-id=\"a0a6aef\" data-element_type=\"section\" data-e-type=\"section\">\n\t\t\t\t\t\t<div class=\"elementor-container elementor-column-gap-default\">\n\t\t\t\t\t<div class=\"elementor-column elementor-col-100 elementor-top-column elementor-element elementor-element-26fc8f9\" data-id=\"26fc8f9\" data-element_type=\"column\" data-e-type=\"column\">\n\t\t\t<div class=\"elementor-widget-wrap elementor-element-populated\">\n\t\t\t\t\t\t<div class=\"elementor-element elementor-element-a6a5bdd elementor-widget elementor-widget-heading\" data-id=\"a6a5bdd\" data-element_type=\"widget\" data-e-type=\"widget\" data-widget_type=\"heading.default\">\n\t\t\t\t<div class=\"elementor-widget-container\">\n\t\t\t\t\t<h2 class=\"elementor-heading-title elementor-size-default\">\u00e9v\u00e9nements<\/h2>\t\t\t\t<\/div>\n\t\t\t\t<\/div>\n\t\t\t\t<div class=\"elementor-element elementor-element-254e96b elementor-widget elementor-widget-text-editor\" data-id=\"254e96b\" data-element_type=\"widget\" data-e-type=\"widget\" data-widget_type=\"text-editor.default\">\n\t\t\t\t<div class=\"elementor-widget-container\">\n\t\t\t\t\t\t\t\t\t<h2>Ev\u00e9nements \u00e0 venir<\/h2>\n\t\t\t\t\t\t\t\t<\/div>\n\t\t\t\t<\/div>\n\t\t\t\t<div class=\"elementor-element elementor-element-52f4149 elementor-widget elementor-widget-text-editor\" data-id=\"52f4149\" data-element_type=\"widget\" data-e-type=\"widget\" data-widget_type=\"text-editor.default\">\n\t\t\t\t<div class=\"elementor-widget-container\">\n\t\t\t\t\t\t\t\t\t<p>Inscrivez-vous \u00e0 nos prochains \u00e9v\u00e9nements et rencontrez les \u00e9quipes de NIM Europe.<\/p>\n\t\t\t\t\t\t\t\t<\/div>\n\t\t\t\t<\/div>\n\t\t\t\t\t<\/div>\n\t\t<\/div>\n\t\t\t\t\t<\/div>\n\t\t<\/section>\n\t\t\t\t<section class=\"elementor-section elementor-top-section elementor-element elementor-element-bfe00c6 elementor-section-boxed elementor-section-height-default elementor-section-height-default\" data-id=\"bfe00c6\" data-element_type=\"section\" data-e-type=\"section\">\n\t\t\t\t\t\t<div class=\"elementor-container elementor-column-gap-default\">\n\t\t\t\t\t<div class=\"elementor-column elementor-col-50 elementor-top-column elementor-element elementor-element-9688496\" data-id=\"9688496\" data-element_type=\"column\" data-e-type=\"column\" data-settings=\"{&quot;background_background&quot;:&quot;classic&quot;}\">\n\t\t\t<div class=\"elementor-widget-wrap elementor-element-populated\">\n\t\t\t\t\t\t<div class=\"elementor-element elementor-element-f0bcfd0 elementor-widget elementor-widget-heading\" data-id=\"f0bcfd0\" data-element_type=\"widget\" data-e-type=\"widget\" data-widget_type=\"heading.default\">\n\t\t\t\t<div class=\"elementor-widget-container\">\n\t\t\t\t\t<h3 class=\"elementor-heading-title elementor-size-default\">Jeudis NIM <br>\nen ligne<\/h3>\t\t\t\t<\/div>\n\t\t\t\t<\/div>\n\t\t\t\t<div class=\"elementor-element elementor-element-ebc53f7 elementor-align-center elementor-widget elementor-widget-button\" data-id=\"ebc53f7\" data-element_type=\"widget\" data-e-type=\"widget\" data-widget_type=\"button.default\">\n\t\t\t\t<div class=\"elementor-widget-container\">\n\t\t\t\t\t\t\t\t\t<div class=\"elementor-button-wrapper\">\n\t\t\t\t\t<a class=\"elementor-button elementor-button-link elementor-size-sm\" href=\"https:\/\/meeting.zoho.eu\/meeting\/register?uId=48388000001358013\" target=\"_blank\">\n\t\t\t\t\t\t<span class=\"elementor-button-content-wrapper\">\n\t\t\t\t\t\t\t\t\t<span class=\"elementor-button-text\">Acc\u00e9der au calendrier<\/span>\n\t\t\t\t\t<\/span>\n\t\t\t\t\t<\/a>\n\t\t\t\t<\/div>\n\t\t\t\t\t\t\t\t<\/div>\n\t\t\t\t<\/div>\n\t\t\t\t\t<\/div>\n\t\t<\/div>\n\t\t\t\t<div class=\"elementor-column elementor-col-50 elementor-top-column elementor-element elementor-element-c42a36a\" data-id=\"c42a36a\" data-element_type=\"column\" data-e-type=\"column\" data-settings=\"{&quot;background_background&quot;:&quot;classic&quot;}\">\n\t\t\t<div class=\"elementor-widget-wrap elementor-element-populated\">\n\t\t\t\t\t\t<div class=\"elementor-element elementor-element-d33007c elementor-widget elementor-widget-heading\" data-id=\"d33007c\" data-element_type=\"widget\" data-e-type=\"widget\" data-widget_type=\"heading.default\">\n\t\t\t\t<div class=\"elementor-widget-container\">\n\t\t\t\t\t<h3 class=\"elementor-heading-title elementor-size-default\">Jeudis NIM et Ateliers <br>en pr\u00e9sentiel<\/h3>\t\t\t\t<\/div>\n\t\t\t\t<\/div>\n\t\t\t\t<div class=\"elementor-element elementor-element-784f070 elementor-align-center elementor-widget elementor-widget-button\" data-id=\"784f070\" data-element_type=\"widget\" data-e-type=\"widget\" data-widget_type=\"button.default\">\n\t\t\t\t<div class=\"elementor-widget-container\">\n\t\t\t\t\t\t\t\t\t<div class=\"elementor-button-wrapper\">\n\t\t\t\t\t<a class=\"elementor-button elementor-button-link elementor-size-sm\" href=\"https:\/\/nim.zohobackstage.eu\/events\" target=\"_blank\">\n\t\t\t\t\t\t<span class=\"elementor-button-content-wrapper\">\n\t\t\t\t\t\t\t\t\t<span class=\"elementor-button-text\">Acc\u00e9der au calendrier<\/span>\n\t\t\t\t\t<\/span>\n\t\t\t\t\t<\/a>\n\t\t\t\t<\/div>\n\t\t\t\t\t\t\t\t<\/div>\n\t\t\t\t<\/div>\n\t\t\t\t\t<\/div>\n\t\t<\/div>\n\t\t\t\t\t<\/div>\n\t\t<\/section>\n\t\t\t\t<section class=\"elementor-section elementor-top-section elementor-element elementor-element-96390a8 elementor-section-boxed elementor-section-height-default elementor-section-height-default\" data-id=\"96390a8\" data-element_type=\"section\" data-e-type=\"section\">\n\t\t\t\t\t\t<div class=\"elementor-container elementor-column-gap-default\">\n\t\t\t\t\t<div class=\"elementor-column elementor-col-100 elementor-top-column elementor-element elementor-element-d5f5b6a\" data-id=\"d5f5b6a\" data-element_type=\"column\" data-e-type=\"column\">\n\t\t\t<div class=\"elementor-widget-wrap elementor-element-populated\">\n\t\t\t\t\t\t<div class=\"elementor-element elementor-element-f22e7b7 elementor-widget elementor-widget-text-editor\" data-id=\"f22e7b7\" data-element_type=\"widget\" data-e-type=\"widget\" data-widget_type=\"text-editor.default\">\n\t\t\t\t<div class=\"elementor-widget-container\">\n\t\t\t\t\t\t\t\t\t<h2>TOUS LES \u00e9v\u00e9nements<\/h2>\n\t\t\t\t\t\t\t\t<\/div>\n\t\t\t\t<\/div>\n\t\t\t\t\t<\/div>\n\t\t<\/div>\n\t\t\t\t\t<\/div>\n\t\t<\/section>\n\t\t\t\t<section class=\"elementor-section elementor-top-section elementor-element elementor-element-62041e41 elementor-section-boxed elementor-section-height-default elementor-section-height-default\" data-id=\"62041e41\" data-element_type=\"section\" data-e-type=\"section\">\n\t\t\t\t\t\t<div class=\"elementor-container elementor-column-gap-default\">\n\t\t\t\t\t<div class=\"elementor-column elementor-col-100 elementor-top-column elementor-element elementor-element-79ce30ee\" data-id=\"79ce30ee\" data-element_type=\"column\" data-e-type=\"column\">\n\t\t\t<div class=\"elementor-widget-wrap elementor-element-populated\">\n\t\t\t\t\t\t<div class=\"elementor-element elementor-element-b5fb8c3 elementor-widget elementor-widget-spacer\" data-id=\"b5fb8c3\" data-element_type=\"widget\" data-e-type=\"widget\" data-widget_type=\"spacer.default\">\n\t\t\t\t<div class=\"elementor-widget-container\">\n\t\t\t\t\t\t\t<div class=\"elementor-spacer\">\n\t\t\t<div class=\"elementor-spacer-inner\"><\/div>\n\t\t<\/div>\n\t\t\t\t\t\t<\/div>\n\t\t\t\t<\/div>\n\t\t\t\t\t<\/div>\n\t\t<\/div>\n\t\t\t\t\t<\/div>\n\t\t<\/section>\n\t\t\t\t<\/div>\n\t\t","protected":false},"excerpt":{"rendered":"<p>Animation de la communaut\u00e9 LA COMMUNAUT\u00e9 NIM Europe DO YOU WANT TO CARRY OUT TRANSITION MANAGEMENT MISSIONS WITH NIM EUROPE? An Interim Manager must demonstrate proven professional experience, appropriate interpersonal skills and a significant track record. To become a Transition Manager at NIM Europe, you identify with us your professional skills, your strengths but also [&hellip;]<\/p>\n","protected":false},"author":13,"featured_media":0,"parent":0,"menu_order":0,"comment_status":"closed","ping_status":"closed","template":"","meta":{"footnotes":""},"class_list":["post-19170","page","type-page","status-publish","hentry","entry"],"yoast_head":"<!-- This site is optimized with the Yoast SEO plugin v27.5 - https:\/\/yoast.com\/product\/yoast-seo-wordpress\/ -->\n<title>Become an interim manager at NIM Europe - NIM Europe<\/title>\n<meta name=\"description\" content=\"Devenez Manager de Transition chez NIM Europe en quelques clics. NIM Europe s&#039;engage \u00e0 vous proposer des missions de transition de qualit\u00e9 en lien direct avec votre exp\u00e9rience.\" \/>\n<meta name=\"robots\" content=\"index, follow, max-snippet:-1, max-image-preview:large, max-video-preview:-1\" \/>\n<link rel=\"canonical\" href=\"https:\/\/nimeurope.com\/en\/become-an-interim-manager-at-nim-europe-2\/\" \/>\n<meta property=\"og:locale\" content=\"en_US\" \/>\n<meta property=\"og:type\" content=\"article\" \/>\n<meta property=\"og:title\" content=\"Become an interim manager at NIM Europe - NIM Europe\" \/>\n<meta property=\"og:description\" content=\"Devenez Manager de Transition chez NIM Europe en quelques clics. NIM Europe s&#039;engage \u00e0 vous proposer des missions de transition de qualit\u00e9 en lien direct avec votre exp\u00e9rience.\" \/>\n<meta property=\"og:url\" content=\"https:\/\/nimeurope.com\/en\/become-an-interim-manager-at-nim-europe-2\/\" \/>\n<meta property=\"og:site_name\" content=\"NIM Europe\" \/>\n<meta property=\"article:modified_time\" content=\"2024-07-10T13:21:44+00:00\" \/>\n<meta property=\"og:image\" content=\"https:\/\/nimeurope.com\/wp-content\/uploads\/2019\/05\/nim_logo_m-min.jpg\" \/>\n\t<meta property=\"og:image:width\" content=\"600\" \/>\n\t<meta property=\"og:image:height\" content=\"300\" \/>\n\t<meta property=\"og:image:type\" content=\"image\/jpeg\" \/>\n<meta name=\"twitter:label1\" content=\"Est. reading time\" \/>\n\t<meta name=\"twitter:data1\" content=\"3 minutes\" \/>\n<script type=\"application\/ld+json\" class=\"yoast-schema-graph\">{\"@context\":\"https:\\\/\\\/schema.org\",\"@graph\":[{\"@type\":\"WebPage\",\"@id\":\"https:\\\/\\\/nimeurope.com\\\/en\\\/become-an-interim-manager-at-nim-europe-2\\\/\",\"url\":\"https:\\\/\\\/nimeurope.com\\\/en\\\/become-an-interim-manager-at-nim-europe-2\\\/\",\"name\":\"Become an interim manager at NIM Europe - NIM Europe\",\"isPartOf\":{\"@id\":\"https:\\\/\\\/nimeurope.com\\\/en\\\/#website\"},\"datePublished\":\"2024-07-10T13:10:39+00:00\",\"dateModified\":\"2024-07-10T13:21:44+00:00\",\"description\":\"Devenez Manager de Transition chez NIM Europe en quelques clics. NIM Europe s'engage \u00e0 vous proposer des missions de transition de qualit\u00e9 en lien direct avec votre exp\u00e9rience.\",\"breadcrumb\":{\"@id\":\"https:\\\/\\\/nimeurope.com\\\/en\\\/become-an-interim-manager-at-nim-europe-2\\\/#breadcrumb\"},\"inLanguage\":\"en-US\",\"potentialAction\":[{\"@type\":\"ReadAction\",\"target\":[\"https:\\\/\\\/nimeurope.com\\\/en\\\/become-an-interim-manager-at-nim-europe-2\\\/\"]}]},{\"@type\":\"BreadcrumbList\",\"@id\":\"https:\\\/\\\/nimeurope.com\\\/en\\\/become-an-interim-manager-at-nim-europe-2\\\/#breadcrumb\",\"itemListElement\":[{\"@type\":\"ListItem\",\"position\":1,\"name\":\"Home\",\"item\":\"https:\\\/\\\/nimeurope.com\\\/en\\\/home\\\/\"},{\"@type\":\"ListItem\",\"position\":2,\"name\":\"Become an interim manager at NIM Europe\"}]},{\"@type\":\"WebSite\",\"@id\":\"https:\\\/\\\/nimeurope.com\\\/en\\\/#website\",\"url\":\"https:\\\/\\\/nimeurope.com\\\/en\\\/\",\"name\":\"NIM Europe\",\"description\":\"Nimeurope\",\"potentialAction\":[{\"@type\":\"SearchAction\",\"target\":{\"@type\":\"EntryPoint\",\"urlTemplate\":\"https:\\\/\\\/nimeurope.com\\\/en\\\/?s={search_term_string}\"},\"query-input\":{\"@type\":\"PropertyValueSpecification\",\"valueRequired\":true,\"valueName\":\"search_term_string\"}}],\"inLanguage\":\"en-US\"}]}<\/script>\n<!-- \/ Yoast SEO plugin. -->","yoast_head_json":{"title":"Become an interim manager at NIM Europe - NIM Europe","description":"Devenez Manager de Transition chez NIM Europe en quelques clics. NIM Europe s'engage \u00e0 vous proposer des missions de transition de qualit\u00e9 en lien direct avec votre exp\u00e9rience.","robots":{"index":"index","follow":"follow","max-snippet":"max-snippet:-1","max-image-preview":"max-image-preview:large","max-video-preview":"max-video-preview:-1"},"canonical":"https:\/\/nimeurope.com\/en\/become-an-interim-manager-at-nim-europe-2\/","og_locale":"en_US","og_type":"article","og_title":"Become an interim manager at NIM Europe - NIM Europe","og_description":"Devenez Manager de Transition chez NIM Europe en quelques clics. NIM Europe s'engage \u00e0 vous proposer des missions de transition de qualit\u00e9 en lien direct avec votre exp\u00e9rience.","og_url":"https:\/\/nimeurope.com\/en\/become-an-interim-manager-at-nim-europe-2\/","og_site_name":"NIM Europe","article_modified_time":"2024-07-10T13:21:44+00:00","og_image":[{"width":600,"height":300,"url":"https:\/\/nimeurope.com\/wp-content\/uploads\/2019\/05\/nim_logo_m-min.jpg","type":"image\/jpeg"}],"twitter_misc":{"Est. reading time":"3 minutes"},"schema":{"@context":"https:\/\/schema.org","@graph":[{"@type":"WebPage","@id":"https:\/\/nimeurope.com\/en\/become-an-interim-manager-at-nim-europe-2\/","url":"https:\/\/nimeurope.com\/en\/become-an-interim-manager-at-nim-europe-2\/","name":"Become an interim manager at NIM Europe - NIM Europe","isPartOf":{"@id":"https:\/\/nimeurope.com\/en\/#website"},"datePublished":"2024-07-10T13:10:39+00:00","dateModified":"2024-07-10T13:21:44+00:00","description":"Devenez Manager de Transition chez NIM Europe en quelques clics. NIM Europe s'engage \u00e0 vous proposer des missions de transition de qualit\u00e9 en lien direct avec votre exp\u00e9rience.","breadcrumb":{"@id":"https:\/\/nimeurope.com\/en\/become-an-interim-manager-at-nim-europe-2\/#breadcrumb"},"inLanguage":"en-US","potentialAction":[{"@type":"ReadAction","target":["https:\/\/nimeurope.com\/en\/become-an-interim-manager-at-nim-europe-2\/"]}]},{"@type":"BreadcrumbList","@id":"https:\/\/nimeurope.com\/en\/become-an-interim-manager-at-nim-europe-2\/#breadcrumb","itemListElement":[{"@type":"ListItem","position":1,"name":"Home","item":"https:\/\/nimeurope.com\/en\/home\/"},{"@type":"ListItem","position":2,"name":"Become an interim manager at NIM Europe"}]},{"@type":"WebSite","@id":"https:\/\/nimeurope.com\/en\/#website","url":"https:\/\/nimeurope.com\/en\/","name":"NIM Europe","description":"Nimeurope","potentialAction":[{"@type":"SearchAction","target":{"@type":"EntryPoint","urlTemplate":"https:\/\/nimeurope.com\/en\/?s={search_term_string}"},"query-input":{"@type":"PropertyValueSpecification","valueRequired":true,"valueName":"search_term_string"}}],"inLanguage":"en-US"}]}},"_links":{"self":[{"href":"https:\/\/nimeurope.com\/en\/wp-json\/wp\/v2\/pages\/19170","targetHints":{"allow":["GET"]}}],"collection":[{"href":"https:\/\/nimeurope.com\/en\/wp-json\/wp\/v2\/pages"}],"about":[{"href":"https:\/\/nimeurope.com\/en\/wp-json\/wp\/v2\/types\/page"}],"author":[{"embeddable":true,"href":"https:\/\/nimeurope.com\/en\/wp-json\/wp\/v2\/users\/13"}],"replies":[{"embeddable":true,"href":"https:\/\/nimeurope.com\/en\/wp-json\/wp\/v2\/comments?post=19170"}],"version-history":[{"count":0,"href":"https:\/\/nimeurope.com\/en\/wp-json\/wp\/v2\/pages\/19170\/revisions"}],"wp:attachment":[{"href":"https:\/\/nimeurope.com\/en\/wp-json\/wp\/v2\/media?parent=19170"}],"curies":[{"name":"wp","href":"https:\/\/api.w.org\/{rel}","templated":true}]}}