{"id":19145,"date":"2024-07-09T15:32:57","date_gmt":"2024-07-09T14:32:57","guid":{"rendered":"https:\/\/nim.yupeek.com\/?page_id=19145"},"modified":"2024-07-09T15:39:24","modified_gmt":"2024-07-09T14:39:24","slug":"progress-of-our-missions","status":"publish","type":"page","link":"https:\/\/nimeurope.com\/en\/progress-of-our-missions\/","title":{"rendered":"Progress of our missions"},"content":{"rendered":"\t\t<div data-elementor-type=\"wp-page\" data-elementor-id=\"19145\" class=\"elementor elementor-19145 elementor-19144\" data-elementor-post-type=\"page\">\n\t\t\t\t\t\t<section class=\"elementor-section elementor-top-section elementor-element elementor-element-1e64e4f8 elementor-section-boxed elementor-section-height-default elementor-section-height-default\" data-id=\"1e64e4f8\" data-element_type=\"section\">\n\t\t\t\t\t\t<div class=\"elementor-container elementor-column-gap-default\">\n\t\t\t\t\t<div class=\"elementor-column elementor-col-100 elementor-top-column elementor-element elementor-element-7a2744d0\" data-id=\"7a2744d0\" data-element_type=\"column\">\n\t\t\t<div class=\"elementor-widget-wrap elementor-element-populated\">\n\t\t\t\t\t\t<div class=\"elementor-element elementor-element-69c6fc00 elementor-widget elementor-widget-text-editor\" data-id=\"69c6fc00\" data-element_type=\"widget\" data-widget_type=\"text-editor.default\">\n\t\t\t\t<div class=\"elementor-widget-container\">\n\t\t\t\t\t\t\t\t\t<h1>Progress of our missions<\/h1>\n\t\t\t\t\t\t\t\t<\/div>\n\t\t\t\t<\/div>\n\t\t\t\t\t<\/div>\n\t\t<\/div>\n\t\t\t\t\t<\/div>\n\t\t<\/section>\n\t\t\t\t<section class=\"elementor-section elementor-top-section elementor-element elementor-element-5f6d53d6 elementor-section-boxed elementor-section-height-default elementor-section-height-default\" data-id=\"5f6d53d6\" data-element_type=\"section\">\n\t\t\t\t\t\t<div class=\"elementor-container elementor-column-gap-default\">\n\t\t\t\t\t<div class=\"elementor-column elementor-col-100 elementor-top-column elementor-element elementor-element-4d3a0d9a\" data-id=\"4d3a0d9a\" data-element_type=\"column\">\n\t\t\t<div class=\"elementor-widget-wrap elementor-element-populated\">\n\t\t\t\t\t\t<div class=\"elementor-element elementor-element-ef83301 large-link elementor-widget elementor-widget-text-editor\" data-id=\"ef83301\" data-element_type=\"widget\" data-widget_type=\"text-editor.default\">\n\t\t\t\t<div class=\"elementor-widget-container\">\n\t\t\t\t\t\t\t\t\t<p><a href=\"https:\/\/nimeurope.com\/en\/deposer-votre-cv\/\">Submit your CV<\/a><\/p>\n\t\t\t\t\t\t\t\t<\/div>\n\t\t\t\t<\/div>\n\t\t\t\t\t<\/div>\n\t\t<\/div>\n\t\t\t\t\t<\/div>\n\t\t<\/section>\n\t\t\t\t<section class=\"elementor-section elementor-top-section elementor-element elementor-element-7f00a12a elementor-section-boxed elementor-section-height-default elementor-section-height-default\" data-id=\"7f00a12a\" data-element_type=\"section\">\n\t\t\t\t\t\t<div class=\"elementor-container elementor-column-gap-default\">\n\t\t\t\t\t<div class=\"elementor-column elementor-col-100 elementor-top-column elementor-element elementor-element-7835c056\" data-id=\"7835c056\" data-element_type=\"column\">\n\t\t\t<div class=\"elementor-widget-wrap elementor-element-populated\">\n\t\t\t\t\t\t<div class=\"elementor-element elementor-element-5b17efbf elementor-widget elementor-widget-text-editor\" data-id=\"5b17efbf\" data-element_type=\"widget\" data-widget_type=\"text-editor.default\">\n\t\t\t\t<div class=\"elementor-widget-container\">\n\t\t\t\t\t\t\t\t\tOne of our Partners welcomes you for an\u00a0<a href=\"https:\/\/nimeurope.com\/en\/missions\/\">Interim Management mission<\/a>. After discussing your experiences with you, you sign a confidentiality document (NDA). This aims to protect the customer as well as yourself, allowing us to communicate to you the identity of our client. This information must, unless explicitly agreed by the client, remain confidential. We only communicate to the customer the information that you authorize us to share with them. We will never forward your CV without your authorization. To better understand your journey as a Transition Manager, and thus better focus your profile on Transition Missions, we suggest, on a case-by-case basis, that you respond to a personalized questionnaire. This test takes place via our professional aptitude platform with your agreement in complete confidentiality. We undertake to send you the results and comment on them. When the client accepts your application and wishes to meet you, you prepare your interview and your roadmap with your NIM Europe Partner.\r\n<p class=\"p\"><\/p>\r\n\r\n<h2>THE ROLE OF NIM EUROPE DURING YOUR MISSION<\/h2>\r\nAt the start of the mission, you establish a surprise report, an inventory, an action plan and a proposal for means to carry out the project successfully. At all times, we support you while giving you operational autonomy regarding the actions to be taken. The NIM Europe Partner ensures that relations with the client\u2019s teams are optimized and intervenes with the company in the event of possible difficulties. He establishes regular updates with the parties until the end of your mission and ensures that the elements of transmission to the successor are established.\r\n<h2>SOME NUMBERS<\/h2>\r\n40% of missions are based in the Paris region 20% of missions concern the replacement of an employee (who can no longer assume their role suddenly, departure, illness, pregnancy, etc.). 30% of our missions are carried out by women. Nearly 30% of our Transition Managers are recruited at the end of their mission. 60% of our missions relate to project and transformation management. 10% of interventions take place internationally.\t\t\t\t\t\t\t\t<\/div>\n\t\t\t\t<\/div>\n\t\t\t\t\t<\/div>\n\t\t<\/div>\n\t\t\t\t\t<\/div>\n\t\t<\/section>\n\t\t\t\t<section class=\"elementor-section elementor-top-section elementor-element elementor-element-5b72b6f elementor-section-boxed elementor-section-height-default elementor-section-height-default\" data-id=\"5b72b6f\" data-element_type=\"section\">\n\t\t\t\t\t\t<div class=\"elementor-container elementor-column-gap-default\">\n\t\t\t\t\t<div class=\"elementor-column elementor-col-100 elementor-top-column elementor-element elementor-element-16f2b660\" data-id=\"16f2b660\" data-element_type=\"column\">\n\t\t\t<div class=\"elementor-widget-wrap elementor-element-populated\">\n\t\t\t\t\t\t<div class=\"elementor-element elementor-element-2bc1bc95 large-link elementor-widget elementor-widget-text-editor\" data-id=\"2bc1bc95\" data-element_type=\"widget\" data-widget_type=\"text-editor.default\">\n\t\t\t\t<div class=\"elementor-widget-container\">\n\t\t\t\t\t\t\t\t\t<p><a href=\"https:\/\/nimeurope.com\/en\/notre-charte\/\">Our charter\/a><\/p>\n\t\t\t\t\t\t\t\t<\/div>\n\t\t\t\t<\/div>\n\t\t\t\t\t<\/div>\n\t\t<\/div>\n\t\t\t\t\t<\/div>\n\t\t<\/section>\n\t\t\t\t<section class=\"elementor-section elementor-top-section elementor-element elementor-element-2ec718ab elementor-section-boxed elementor-section-height-default elementor-section-height-default\" data-id=\"2ec718ab\" data-element_type=\"section\">\n\t\t\t\t\t\t<div class=\"elementor-container elementor-column-gap-default\">\n\t\t\t\t\t<div class=\"elementor-column elementor-col-100 elementor-top-column elementor-element elementor-element-253b03a5\" data-id=\"253b03a5\" data-element_type=\"column\">\n\t\t\t<div class=\"elementor-widget-wrap elementor-element-populated\">\n\t\t\t\t\t\t<div class=\"elementor-element elementor-element-578324b3 elementor-widget elementor-widget-spacer\" data-id=\"578324b3\" data-element_type=\"widget\" data-widget_type=\"spacer.default\">\n\t\t\t\t<div class=\"elementor-widget-container\">\n\t\t\t\t\t\t\t<div class=\"elementor-spacer\">\n\t\t\t<div class=\"elementor-spacer-inner\"><\/div>\n\t\t<\/div>\n\t\t\t\t\t\t<\/div>\n\t\t\t\t<\/div>\n\t\t\t\t\t<\/div>\n\t\t<\/div>\n\t\t\t\t\t<\/div>\n\t\t<\/section>\n\t\t\t\t<\/div>\n\t\t","protected":false},"excerpt":{"rendered":"<p>Progress of our missions Submit your CV One of our Partners welcomes you for an\u00a0Interim Management mission. After discussing your experiences with you, you sign a confidentiality document (NDA). This aims to protect the customer as well as yourself, allowing us to communicate to you the identity of our client. This information must, unless explicitly [&hellip;]<\/p>\n","protected":false},"author":13,"featured_media":0,"parent":0,"menu_order":0,"comment_status":"closed","ping_status":"closed","template":"","meta":{"footnotes":""},"class_list":["post-19145","page","type-page","status-publish","hentry","entry"],"yoast_head":"<!-- This site is optimized with the Yoast SEO plugin v26.8 - https:\/\/yoast.com\/product\/yoast-seo-wordpress\/ -->\n<title>Progress of our missions - NIM Europe<\/title>\n<meta name=\"description\" content=\"NIM Europe vous accompagne \u00e0 chaque \u00e9tape de votre mission, de la prise de brief et bien au-del\u00e0, en pla\u00e7ant l&#039;humain et la personnalisation au centre de son attention.\" \/>\n<meta name=\"robots\" content=\"index, follow, max-snippet:-1, max-image-preview:large, max-video-preview:-1\" \/>\n<link rel=\"canonical\" href=\"https:\/\/nimeurope.com\/en\/progress-of-our-missions\/\" \/>\n<meta property=\"og:locale\" content=\"en_US\" \/>\n<meta property=\"og:type\" content=\"article\" \/>\n<meta property=\"og:title\" content=\"Progress of our missions - NIM Europe\" \/>\n<meta property=\"og:description\" content=\"NIM Europe vous accompagne \u00e0 chaque \u00e9tape de votre mission, de la prise de brief et bien au-del\u00e0, en pla\u00e7ant l&#039;humain et la personnalisation au centre de son attention.\" \/>\n<meta property=\"og:url\" content=\"https:\/\/nimeurope.com\/en\/progress-of-our-missions\/\" \/>\n<meta property=\"og:site_name\" content=\"NIM Europe\" \/>\n<meta property=\"article:modified_time\" content=\"2024-07-09T14:39:24+00:00\" \/>\n<meta property=\"og:image\" content=\"https:\/\/nimeurope.com\/wp-content\/uploads\/2019\/05\/nim_logo_m-min.jpg\" \/>\n\t<meta property=\"og:image:width\" content=\"600\" \/>\n\t<meta property=\"og:image:height\" content=\"300\" \/>\n\t<meta property=\"og:image:type\" content=\"image\/jpeg\" \/>\n<meta name=\"twitter:label1\" content=\"Est. reading time\" \/>\n\t<meta name=\"twitter:data1\" content=\"2 minutes\" \/>\n<script type=\"application\/ld+json\" class=\"yoast-schema-graph\">{\"@context\":\"https:\/\/schema.org\",\"@graph\":[{\"@type\":\"WebPage\",\"@id\":\"https:\/\/nimeurope.com\/en\/progress-of-our-missions\/\",\"url\":\"https:\/\/nimeurope.com\/en\/progress-of-our-missions\/\",\"name\":\"Progress of our missions - NIM Europe\",\"isPartOf\":{\"@id\":\"https:\/\/nimeurope.com\/en\/#website\"},\"datePublished\":\"2024-07-09T14:32:57+00:00\",\"dateModified\":\"2024-07-09T14:39:24+00:00\",\"description\":\"NIM Europe vous accompagne \u00e0 chaque \u00e9tape de votre mission, de la prise de brief et bien au-del\u00e0, en pla\u00e7ant l'humain et la personnalisation au centre de son attention.\",\"breadcrumb\":{\"@id\":\"https:\/\/nimeurope.com\/en\/progress-of-our-missions\/#breadcrumb\"},\"inLanguage\":\"en-US\",\"potentialAction\":[{\"@type\":\"ReadAction\",\"target\":[\"https:\/\/nimeurope.com\/en\/progress-of-our-missions\/\"]}]},{\"@type\":\"BreadcrumbList\",\"@id\":\"https:\/\/nimeurope.com\/en\/progress-of-our-missions\/#breadcrumb\",\"itemListElement\":[{\"@type\":\"ListItem\",\"position\":1,\"name\":\"Home\",\"item\":\"https:\/\/nimeurope.com\/en\/home\/\"},{\"@type\":\"ListItem\",\"position\":2,\"name\":\"Progress of our missions\"}]},{\"@type\":\"WebSite\",\"@id\":\"https:\/\/nimeurope.com\/en\/#website\",\"url\":\"https:\/\/nimeurope.com\/en\/\",\"name\":\"NIM Europe\",\"description\":\"Nimeurope\",\"potentialAction\":[{\"@type\":\"SearchAction\",\"target\":{\"@type\":\"EntryPoint\",\"urlTemplate\":\"https:\/\/nimeurope.com\/en\/?s={search_term_string}\"},\"query-input\":{\"@type\":\"PropertyValueSpecification\",\"valueRequired\":true,\"valueName\":\"search_term_string\"}}],\"inLanguage\":\"en-US\"}]}<\/script>\n<!-- \/ Yoast SEO plugin. -->","yoast_head_json":{"title":"Progress of our missions - NIM Europe","description":"NIM Europe vous accompagne \u00e0 chaque \u00e9tape de votre mission, de la prise de brief et bien au-del\u00e0, en pla\u00e7ant l'humain et la personnalisation au centre de son attention.","robots":{"index":"index","follow":"follow","max-snippet":"max-snippet:-1","max-image-preview":"max-image-preview:large","max-video-preview":"max-video-preview:-1"},"canonical":"https:\/\/nimeurope.com\/en\/progress-of-our-missions\/","og_locale":"en_US","og_type":"article","og_title":"Progress of our missions - NIM Europe","og_description":"NIM Europe vous accompagne \u00e0 chaque \u00e9tape de votre mission, de la prise de brief et bien au-del\u00e0, en pla\u00e7ant l'humain et la personnalisation au centre de son attention.","og_url":"https:\/\/nimeurope.com\/en\/progress-of-our-missions\/","og_site_name":"NIM Europe","article_modified_time":"2024-07-09T14:39:24+00:00","og_image":[{"width":600,"height":300,"url":"https:\/\/nimeurope.com\/wp-content\/uploads\/2019\/05\/nim_logo_m-min.jpg","type":"image\/jpeg"}],"twitter_misc":{"Est. reading time":"2 minutes"},"schema":{"@context":"https:\/\/schema.org","@graph":[{"@type":"WebPage","@id":"https:\/\/nimeurope.com\/en\/progress-of-our-missions\/","url":"https:\/\/nimeurope.com\/en\/progress-of-our-missions\/","name":"Progress of our missions - NIM Europe","isPartOf":{"@id":"https:\/\/nimeurope.com\/en\/#website"},"datePublished":"2024-07-09T14:32:57+00:00","dateModified":"2024-07-09T14:39:24+00:00","description":"NIM Europe vous accompagne \u00e0 chaque \u00e9tape de votre mission, de la prise de brief et bien au-del\u00e0, en pla\u00e7ant l'humain et la personnalisation au centre de son attention.","breadcrumb":{"@id":"https:\/\/nimeurope.com\/en\/progress-of-our-missions\/#breadcrumb"},"inLanguage":"en-US","potentialAction":[{"@type":"ReadAction","target":["https:\/\/nimeurope.com\/en\/progress-of-our-missions\/"]}]},{"@type":"BreadcrumbList","@id":"https:\/\/nimeurope.com\/en\/progress-of-our-missions\/#breadcrumb","itemListElement":[{"@type":"ListItem","position":1,"name":"Home","item":"https:\/\/nimeurope.com\/en\/home\/"},{"@type":"ListItem","position":2,"name":"Progress of our missions"}]},{"@type":"WebSite","@id":"https:\/\/nimeurope.com\/en\/#website","url":"https:\/\/nimeurope.com\/en\/","name":"NIM Europe","description":"Nimeurope","potentialAction":[{"@type":"SearchAction","target":{"@type":"EntryPoint","urlTemplate":"https:\/\/nimeurope.com\/en\/?s={search_term_string}"},"query-input":{"@type":"PropertyValueSpecification","valueRequired":true,"valueName":"search_term_string"}}],"inLanguage":"en-US"}]}},"_links":{"self":[{"href":"https:\/\/nimeurope.com\/en\/wp-json\/wp\/v2\/pages\/19145","targetHints":{"allow":["GET"]}}],"collection":[{"href":"https:\/\/nimeurope.com\/en\/wp-json\/wp\/v2\/pages"}],"about":[{"href":"https:\/\/nimeurope.com\/en\/wp-json\/wp\/v2\/types\/page"}],"author":[{"embeddable":true,"href":"https:\/\/nimeurope.com\/en\/wp-json\/wp\/v2\/users\/13"}],"replies":[{"embeddable":true,"href":"https:\/\/nimeurope.com\/en\/wp-json\/wp\/v2\/comments?post=19145"}],"version-history":[{"count":0,"href":"https:\/\/nimeurope.com\/en\/wp-json\/wp\/v2\/pages\/19145\/revisions"}],"wp:attachment":[{"href":"https:\/\/nimeurope.com\/en\/wp-json\/wp\/v2\/media?parent=19145"}],"curies":[{"name":"wp","href":"https:\/\/api.w.org\/{rel}","templated":true}]}}