{"id":18897,"date":"2020-01-09T14:25:30","date_gmt":"2020-01-09T13:25:30","guid":{"rendered":"https:\/\/nim.yupeek.com\/notre-engagement-lethique-la-transparence-la-responsabilite\/"},"modified":"2024-06-11T11:12:43","modified_gmt":"2024-06-11T10:12:43","slug":"notre-engagement-lethique-la-transparence-la-responsabilite","status":"publish","type":"page","link":"https:\/\/nimeurope.com\/en\/notre-engagement-lethique-la-transparence-la-responsabilite\/","title":{"rendered":"(Fran\u00e7ais) Notre engagement&nbsp;: l\u2019\u00e9thique, la transparence, la responsabilit\u00e9"},"content":{"rendered":"\t\t<div data-elementor-type=\"wp-page\" data-elementor-id=\"18897\" class=\"elementor elementor-18897 elementor-2348\" data-elementor-post-type=\"page\">\n\t\t\t\t\t\t<section class=\"elementor-section elementor-top-section elementor-element elementor-element-818f15b elementor-section-boxed elementor-section-height-default elementor-section-height-default\" data-id=\"818f15b\" data-element_type=\"section\">\n\t\t\t\t\t\t<div class=\"elementor-container elementor-column-gap-default\">\n\t\t\t\t\t<div class=\"elementor-column elementor-col-100 elementor-top-column elementor-element elementor-element-66c987ae\" data-id=\"66c987ae\" data-element_type=\"column\">\n\t\t\t<div class=\"elementor-widget-wrap elementor-element-populated\">\n\t\t\t\t\t\t<div class=\"elementor-element elementor-element-394f1a53 elementor-widget elementor-widget-text-editor\" data-id=\"394f1a53\" data-element_type=\"widget\" data-widget_type=\"text-editor.default\">\n\t\t\t\t<div class=\"elementor-widget-container\">\n\t\t\t\t\t\t\t\t\t<h1>(Fran\u00e7ais) Notre engagement : l\u2019\u00e9thique, la transparence et la responsabilit\u00e9<\/h1>\n\t\t\t\t\t\t\t\t<\/div>\n\t\t\t\t<\/div>\n\t\t\t\t\t<\/div>\n\t\t<\/div>\n\t\t\t\t\t<\/div>\n\t\t<\/section>\n\t\t\t\t<section class=\"elementor-section elementor-top-section elementor-element elementor-element-bb345c0 elementor-section-boxed elementor-section-height-default elementor-section-height-default\" data-id=\"bb345c0\" data-element_type=\"section\">\n\t\t\t\t\t\t<div class=\"elementor-container elementor-column-gap-default\">\n\t\t\t\t\t<div class=\"elementor-column elementor-col-100 elementor-top-column elementor-element elementor-element-5848b7a7\" data-id=\"5848b7a7\" data-element_type=\"column\">\n\t\t\t<div class=\"elementor-widget-wrap elementor-element-populated\">\n\t\t\t\t\t\t<div class=\"elementor-element elementor-element-6f329e48 elementor-widget elementor-widget-text-editor\" data-id=\"6f329e48\" data-element_type=\"widget\" data-widget_type=\"text-editor.default\">\n\t\t\t\t<div class=\"elementor-widget-container\">\n\t\t\t\t\t\t\t\t\t<p><b>Nos sp\u00e9cificit\u00e9s en tant qu&#8217;acteur du Management de Transition confortent la pertinence de nos r\u00e9sultats depuis l\u2019origine.<\/b><br><\/p><p><strong>&nbsp;<\/strong><\/p><h2>NOTRE STATUT D\u2019ENTREPRISE DE TRAVAIL TEMPORAIRE<\/h2><p>Depuis son origine, NIM Europe entretient avec ses Managers de Transition une relation de confiance r\u00e9ciproque selon le tryptique ; s\u00e9curisation juridique, confidentialit\u00e9 et respect.&nbsp;<\/p><p>Nous avons plaisir \u00e0 retravailler ensemble lorsque l&#8217;occasion se pr\u00e9sente et \u00e0 nous retrouver r\u00e9guli\u00e8rement dans le cadre de rencontres personnalis\u00e9es et de points d&#8217;\u00e9tapes.<\/p><p><br><\/p><section><h2>NOTRE CHARTE<\/h2><h3><br>Analyser le besoin en profondeur<\/h3><ul><li>Chaque client qui contacte NIM Europe est rencontr\u00e9 directement et confidentiellement, par le Partner qui suivra la mission selon le principe &#8220;one face to the client&#8221;<\/li><li>Cet \u00e9change donne lieu \u00e0 un brief pr\u00e9cis de la mission.<\/li><li>Ensemble, nous identifions un interlocuteur privil\u00e9gi\u00e9 dans l\u2019entreprise pour des points r\u00e9guliers.<br><\/li><\/ul><h3><br><\/h3><h3>Respecter une confidentialit\u00e9 totale<\/h3><ul><li>Chaque candidat&nbsp; contact\u00e9 pour une mission a sign\u00e9 un engagement de confidentialit\u00e9 avant de poursuivre le process.<\/li><li>La confidentialit\u00e9 peut \u00eatre totale selon la demande du client.<\/li><li>Les \u00e9changes concernant notamment les \u00e9l\u00e9ments financiers, sont r\u00e9gis par les r\u00e8gles de confidentialit\u00e9 en vigueur chez nos clients.<\/li><\/ul><h3><br><\/h3><h3>Travailler en toute transparence<\/h3><ul><li>En amont de chaque recherche de candidats, nos conditions g\u00e9n\u00e9rales de vente, garantes du respect de nos conditions tarifaires et de travail sont envoy\u00e9es \u00e0 nos clients.<\/li><li>Ces conditions sont sign\u00e9es par le client qui reconna\u00eet ainsi \u00eatre inform\u00e9 de nos processus.<\/li><li>Nous informons tr\u00e8s rapidement notre client de la faisabilit\u00e9 ou non de la mission. Au cas o\u00f9 elle ne rel\u00e8ve pas du Management de Transition, nous la d\u00e9clinons.<\/li><\/ul><h3><br><\/h3><h3>Faire preuve de diligence<\/h3><ul><li>Suite au brief mission, la s\u00e9lection du candidat id\u00e9al d\u00e9marre imm\u00e9diatement au travers de notre base de donn\u00e9es, r\u00e9actualis\u00e9e en permanence.<\/li><li>Identification et qualification sur-mesure de Managers de Transition apr\u00e8s signature d&#8217;un Accord de Non-Divulgation (NDA). Pr\u00e9sentation de notre s\u00e9lection de managers au travers d&#8217;un dossier de pr\u00e9sentation circonstanci\u00e9 pour entretiens individuels avec le client.<\/li><\/ul><h3><br><\/h3><h3>Etre vigilant et \u00e0 l\u2019\u00e9coute<\/h3><ul><li>Le Partner de NIM Europe est en contact permanent avec le Manager de Transition en mission ainsi qu\u2019avec le client pour s\u2019assurer du bon d\u00e9roulement de la mission.<\/li><li>En cas de d\u00e9faillance du Manager, nous en analysons les raisons ensemble puis, le cas \u00e9ch\u00e9ant, nous le rempla\u00e7ons par un profil \u00e9quivalent et valid\u00e9 par le client.<\/li><li>En fin de mission nous nous assurons que notre Manager transf\u00e8re son savoir et passe le relais en interne.<\/li><li>Chaque fin de mission donne lieu \u00e0 l\u2019\u00e9tablissement d\u2019un document et \u00e0 la restitution d&#8217;autres livrables qui garantissent la transmission du savoir, des process et des outils mis en place le Manager de Transition.<\/li><li>Dans le cadre de notre certification Bureau Veritas et dans un souci d\u2019am\u00e9lioration continue, nous envoyons syst\u00e9matiquement un questionnaire de satisfaction au client et au Manager de Transition au terme de la mission.<\/li><\/ul><h3><br><\/h3><h3>Respecter des pratiques commerciales claires<\/h3><ul><li>Nous ne d\u00e9marrons la recherche du Manager qu\u2019apr\u00e8s l\u2019accord \u00e9crit formel du client.<\/li><li>Nous travaillons au succ\u00e8s en faisant des points d\u2019avancement fr\u00e9quents avec nos clients.<\/li><li>Nos Managers sont tenus inform\u00e9s de toutes nos d\u00e9marches commerciales.<\/li><li>Nous nous interdisons de verser une r\u00e9trocommission \u00e0 un Manager pour un apport d\u2019affaire au cours de sa mission chez un client et nous assurons de l&#8217;absence de conflits d&#8217;int\u00e9r\u00eat \u00e9ventuels.<\/li><\/ul><\/section>\t\t\t\t\t\t\t\t<\/div>\n\t\t\t\t<\/div>\n\t\t\t\t\t<\/div>\n\t\t<\/div>\n\t\t\t\t\t<\/div>\n\t\t<\/section>\n\t\t\t\t<section class=\"elementor-section elementor-top-section elementor-element elementor-element-cefc63d elementor-section-boxed elementor-section-height-default elementor-section-height-default\" data-id=\"cefc63d\" data-element_type=\"section\">\n\t\t\t\t\t\t<div class=\"elementor-container elementor-column-gap-default\">\n\t\t\t\t\t<div class=\"elementor-column elementor-col-100 elementor-top-column elementor-element elementor-element-16dd7cd2\" data-id=\"16dd7cd2\" data-element_type=\"column\">\n\t\t\t<div class=\"elementor-widget-wrap elementor-element-populated\">\n\t\t\t\t\t\t<div class=\"elementor-element elementor-element-798f1555 elementor-widget elementor-widget-spacer\" data-id=\"798f1555\" data-element_type=\"widget\" data-widget_type=\"spacer.default\">\n\t\t\t\t<div class=\"elementor-widget-container\">\n\t\t\t\t\t\t\t<div class=\"elementor-spacer\">\n\t\t\t<div class=\"elementor-spacer-inner\"><\/div>\n\t\t<\/div>\n\t\t\t\t\t\t<\/div>\n\t\t\t\t<\/div>\n\t\t\t\t\t<\/div>\n\t\t<\/div>\n\t\t\t\t\t<\/div>\n\t\t<\/section>\n\t\t\t\t<\/div>\n\t\t","protected":false},"excerpt":{"rendered":"<p>(Fran\u00e7ais) Notre engagement : l\u2019\u00e9thique, la transparence et la responsabilit\u00e9 Nos sp\u00e9cificit\u00e9s en tant qu&#8217;acteur du Management de Transition confortent la pertinence de nos r\u00e9sultats depuis l\u2019origine. &nbsp; NOTRE STATUT D\u2019ENTREPRISE DE TRAVAIL TEMPORAIRE Depuis son origine, NIM Europe entretient avec ses Managers de Transition une relation de confiance r\u00e9ciproque selon le tryptique ; s\u00e9curisation [&hellip;]<\/p>\n","protected":false},"author":13,"featured_media":0,"parent":0,"menu_order":0,"comment_status":"closed","ping_status":"closed","template":"","meta":{"footnotes":""},"class_list":["post-18897","page","type-page","status-publish","hentry","entry"],"yoast_head":"<!-- This site is optimized with the Yoast SEO plugin v26.8 - https:\/\/yoast.com\/product\/yoast-seo-wordpress\/ -->\n<title>(Fran\u00e7ais) Notre engagement&nbsp;: l\u2019\u00e9thique, la transparence, la responsabilit\u00e9 - NIM Europe<\/title>\n<meta name=\"description\" content=\"Ethique, transparent et responsable : d\u00e9couvrez les valeurs de notre cabinet sp\u00e9cialis\u00e9 dans le secteur du Management de Transition. Gr\u00e2ce \u00e0 elles, nous allions pertinence et performances.\" \/>\n<meta name=\"robots\" content=\"index, follow, max-snippet:-1, max-image-preview:large, max-video-preview:-1\" \/>\n<link rel=\"canonical\" href=\"https:\/\/nimeurope.com\/en\/notre-engagement-lethique-la-transparence-la-responsabilite\/\" \/>\n<meta property=\"og:locale\" content=\"en_US\" \/>\n<meta property=\"og:type\" content=\"article\" \/>\n<meta property=\"og:title\" content=\"(Fran\u00e7ais) Notre engagement&nbsp;: l\u2019\u00e9thique, la transparence, la responsabilit\u00e9 - NIM Europe\" \/>\n<meta property=\"og:description\" content=\"Ethique, transparent et responsable : d\u00e9couvrez les valeurs de notre cabinet sp\u00e9cialis\u00e9 dans le secteur du Management de Transition. Gr\u00e2ce \u00e0 elles, nous allions pertinence et performances.\" \/>\n<meta property=\"og:url\" content=\"https:\/\/nimeurope.com\/en\/notre-engagement-lethique-la-transparence-la-responsabilite\/\" \/>\n<meta property=\"og:site_name\" content=\"NIM Europe\" \/>\n<meta property=\"article:modified_time\" content=\"2024-06-11T10:12:43+00:00\" \/>\n<meta property=\"og:image\" content=\"https:\/\/nimeurope.com\/wp-content\/uploads\/2019\/05\/nim_logo_m-min.jpg\" \/>\n\t<meta property=\"og:image:width\" content=\"600\" \/>\n\t<meta property=\"og:image:height\" content=\"300\" \/>\n\t<meta property=\"og:image:type\" content=\"image\/jpeg\" \/>\n<meta name=\"twitter:label1\" content=\"Est. reading time\" \/>\n\t<meta name=\"twitter:data1\" content=\"3 minutes\" \/>\n<script type=\"application\/ld+json\" class=\"yoast-schema-graph\">{\"@context\":\"https:\/\/schema.org\",\"@graph\":[{\"@type\":\"WebPage\",\"@id\":\"https:\/\/nimeurope.com\/en\/notre-engagement-lethique-la-transparence-la-responsabilite\/\",\"url\":\"https:\/\/nimeurope.com\/en\/notre-engagement-lethique-la-transparence-la-responsabilite\/\",\"name\":\"(Fran\u00e7ais) Notre engagement&nbsp;: l\u2019\u00e9thique, la transparence, la responsabilit\u00e9 - NIM Europe\",\"isPartOf\":{\"@id\":\"https:\/\/nimeurope.com\/en\/#website\"},\"datePublished\":\"2020-01-09T13:25:30+00:00\",\"dateModified\":\"2024-06-11T10:12:43+00:00\",\"description\":\"Ethique, transparent et responsable : d\u00e9couvrez les valeurs de notre cabinet sp\u00e9cialis\u00e9 dans le secteur du Management de Transition. Gr\u00e2ce \u00e0 elles, nous allions pertinence et performances.\",\"breadcrumb\":{\"@id\":\"https:\/\/nimeurope.com\/en\/notre-engagement-lethique-la-transparence-la-responsabilite\/#breadcrumb\"},\"inLanguage\":\"en-US\",\"potentialAction\":[{\"@type\":\"ReadAction\",\"target\":[\"https:\/\/nimeurope.com\/en\/notre-engagement-lethique-la-transparence-la-responsabilite\/\"]}]},{\"@type\":\"BreadcrumbList\",\"@id\":\"https:\/\/nimeurope.com\/en\/notre-engagement-lethique-la-transparence-la-responsabilite\/#breadcrumb\",\"itemListElement\":[{\"@type\":\"ListItem\",\"position\":1,\"name\":\"Home\",\"item\":\"https:\/\/nimeurope.com\/en\/home\/\"},{\"@type\":\"ListItem\",\"position\":2,\"name\":\"(Fran\u00e7ais) Notre engagement&nbsp;: l\u2019\u00e9thique, la transparence, la responsabilit\u00e9\"}]},{\"@type\":\"WebSite\",\"@id\":\"https:\/\/nimeurope.com\/en\/#website\",\"url\":\"https:\/\/nimeurope.com\/en\/\",\"name\":\"NIM Europe\",\"description\":\"Nimeurope\",\"potentialAction\":[{\"@type\":\"SearchAction\",\"target\":{\"@type\":\"EntryPoint\",\"urlTemplate\":\"https:\/\/nimeurope.com\/en\/?s={search_term_string}\"},\"query-input\":{\"@type\":\"PropertyValueSpecification\",\"valueRequired\":true,\"valueName\":\"search_term_string\"}}],\"inLanguage\":\"en-US\"}]}<\/script>\n<!-- \/ Yoast SEO plugin. -->","yoast_head_json":{"title":"(Fran\u00e7ais) Notre engagement&nbsp;: l\u2019\u00e9thique, la transparence, la responsabilit\u00e9 - NIM Europe","description":"Ethique, transparent et responsable : d\u00e9couvrez les valeurs de notre cabinet sp\u00e9cialis\u00e9 dans le secteur du Management de Transition. Gr\u00e2ce \u00e0 elles, nous allions pertinence et performances.","robots":{"index":"index","follow":"follow","max-snippet":"max-snippet:-1","max-image-preview":"max-image-preview:large","max-video-preview":"max-video-preview:-1"},"canonical":"https:\/\/nimeurope.com\/en\/notre-engagement-lethique-la-transparence-la-responsabilite\/","og_locale":"en_US","og_type":"article","og_title":"(Fran\u00e7ais) Notre engagement&nbsp;: l\u2019\u00e9thique, la transparence, la responsabilit\u00e9 - NIM Europe","og_description":"Ethique, transparent et responsable : d\u00e9couvrez les valeurs de notre cabinet sp\u00e9cialis\u00e9 dans le secteur du Management de Transition. Gr\u00e2ce \u00e0 elles, nous allions pertinence et performances.","og_url":"https:\/\/nimeurope.com\/en\/notre-engagement-lethique-la-transparence-la-responsabilite\/","og_site_name":"NIM Europe","article_modified_time":"2024-06-11T10:12:43+00:00","og_image":[{"width":600,"height":300,"url":"https:\/\/nimeurope.com\/wp-content\/uploads\/2019\/05\/nim_logo_m-min.jpg","type":"image\/jpeg"}],"twitter_misc":{"Est. reading time":"3 minutes"},"schema":{"@context":"https:\/\/schema.org","@graph":[{"@type":"WebPage","@id":"https:\/\/nimeurope.com\/en\/notre-engagement-lethique-la-transparence-la-responsabilite\/","url":"https:\/\/nimeurope.com\/en\/notre-engagement-lethique-la-transparence-la-responsabilite\/","name":"(Fran\u00e7ais) Notre engagement&nbsp;: l\u2019\u00e9thique, la transparence, la responsabilit\u00e9 - NIM Europe","isPartOf":{"@id":"https:\/\/nimeurope.com\/en\/#website"},"datePublished":"2020-01-09T13:25:30+00:00","dateModified":"2024-06-11T10:12:43+00:00","description":"Ethique, transparent et responsable : d\u00e9couvrez les valeurs de notre cabinet sp\u00e9cialis\u00e9 dans le secteur du Management de Transition. Gr\u00e2ce \u00e0 elles, nous allions pertinence et performances.","breadcrumb":{"@id":"https:\/\/nimeurope.com\/en\/notre-engagement-lethique-la-transparence-la-responsabilite\/#breadcrumb"},"inLanguage":"en-US","potentialAction":[{"@type":"ReadAction","target":["https:\/\/nimeurope.com\/en\/notre-engagement-lethique-la-transparence-la-responsabilite\/"]}]},{"@type":"BreadcrumbList","@id":"https:\/\/nimeurope.com\/en\/notre-engagement-lethique-la-transparence-la-responsabilite\/#breadcrumb","itemListElement":[{"@type":"ListItem","position":1,"name":"Home","item":"https:\/\/nimeurope.com\/en\/home\/"},{"@type":"ListItem","position":2,"name":"(Fran\u00e7ais) Notre engagement&nbsp;: l\u2019\u00e9thique, la transparence, la responsabilit\u00e9"}]},{"@type":"WebSite","@id":"https:\/\/nimeurope.com\/en\/#website","url":"https:\/\/nimeurope.com\/en\/","name":"NIM Europe","description":"Nimeurope","potentialAction":[{"@type":"SearchAction","target":{"@type":"EntryPoint","urlTemplate":"https:\/\/nimeurope.com\/en\/?s={search_term_string}"},"query-input":{"@type":"PropertyValueSpecification","valueRequired":true,"valueName":"search_term_string"}}],"inLanguage":"en-US"}]}},"_links":{"self":[{"href":"https:\/\/nimeurope.com\/en\/wp-json\/wp\/v2\/pages\/18897","targetHints":{"allow":["GET"]}}],"collection":[{"href":"https:\/\/nimeurope.com\/en\/wp-json\/wp\/v2\/pages"}],"about":[{"href":"https:\/\/nimeurope.com\/en\/wp-json\/wp\/v2\/types\/page"}],"author":[{"embeddable":true,"href":"https:\/\/nimeurope.com\/en\/wp-json\/wp\/v2\/users\/13"}],"replies":[{"embeddable":true,"href":"https:\/\/nimeurope.com\/en\/wp-json\/wp\/v2\/comments?post=18897"}],"version-history":[{"count":0,"href":"https:\/\/nimeurope.com\/en\/wp-json\/wp\/v2\/pages\/18897\/revisions"}],"wp:attachment":[{"href":"https:\/\/nimeurope.com\/en\/wp-json\/wp\/v2\/media?parent=18897"}],"curies":[{"name":"wp","href":"https:\/\/api.w.org\/{rel}","templated":true}]}}