{"id":18895,"date":"2020-01-09T14:47:09","date_gmt":"2020-01-09T13:47:09","guid":{"rendered":"https:\/\/nim.yupeek.com\/realisation-dune-mission\/"},"modified":"2024-06-21T10:42:41","modified_gmt":"2024-06-21T09:42:41","slug":"realisation-dune-mission","status":"publish","type":"page","link":"https:\/\/nimeurope.com\/en\/realisation-dune-mission\/","title":{"rendered":"Completion of a mission"},"content":{"rendered":"\t\t<div data-elementor-type=\"wp-page\" data-elementor-id=\"18895\" class=\"elementor elementor-18895 elementor-2349\" data-elementor-post-type=\"page\">\n\t\t\t\t\t\t<section class=\"elementor-section elementor-top-section elementor-element elementor-element-52443ae2 elementor-section-boxed elementor-section-height-default elementor-section-height-default\" data-id=\"52443ae2\" data-element_type=\"section\">\n\t\t\t\t\t\t<div class=\"elementor-container elementor-column-gap-default\">\n\t\t\t\t\t<div class=\"elementor-column elementor-col-100 elementor-top-column elementor-element elementor-element-335efeb9\" data-id=\"335efeb9\" data-element_type=\"column\">\n\t\t\t<div class=\"elementor-widget-wrap elementor-element-populated\">\n\t\t\t\t\t\t<div class=\"elementor-element elementor-element-170e5db4 elementor-widget elementor-widget-text-editor\" data-id=\"170e5db4\" data-element_type=\"widget\" data-widget_type=\"text-editor.default\">\n\t\t\t\t<div class=\"elementor-widget-container\">\n\t\t\t\t\t\t\t\t\t<h1>Completion of a mission<\/h1>\n\t\t\t\t\t\t\t\t<\/div>\n\t\t\t\t<\/div>\n\t\t\t\t\t<\/div>\n\t\t<\/div>\n\t\t\t\t\t<\/div>\n\t\t<\/section>\n\t\t\t\t<section class=\"elementor-section elementor-top-section elementor-element elementor-element-2ed85cc1 elementor-section-boxed elementor-section-height-default elementor-section-height-default\" data-id=\"2ed85cc1\" data-element_type=\"section\">\n\t\t\t\t\t\t<div class=\"elementor-container elementor-column-gap-default\">\n\t\t\t\t\t<div class=\"elementor-column elementor-col-100 elementor-top-column elementor-element elementor-element-1441c73f\" data-id=\"1441c73f\" data-element_type=\"column\">\n\t\t\t<div class=\"elementor-widget-wrap elementor-element-populated\">\n\t\t\t\t\t\t<div class=\"elementor-element elementor-element-2520c4bd elementor-widget elementor-widget-text-editor\" data-id=\"2520c4bd\" data-element_type=\"widget\" data-widget_type=\"text-editor.default\">\n\t\t\t\t<div class=\"elementor-widget-container\">\n\t\t\t\t\t\t\t\t\t<p class=\"subtitle\"><strong>La r\u00e9ussite de chacune de nos missions r\u00e9pond \u00e0 un processus \u00e9prouv\u00e9 nous permettant de valider les diff\u00e9rentes \u00e9tapes qui sont le garant du succ\u00e8s.<\/strong><\/p>\n<p class=\"subtitle\"><strong>\u00a0<\/strong><\/p>\n<section>\n<h2>NOTRE M\u00c9THODOLOGIE\u00a0:<\/h2>\n<h3>R\u00e9daction du brief<\/h3>\n<p class=\"p\">Pr\u00e9alablement \u00e0 toute recherche de candidat, en compl\u00e9ment de nos conditions g\u00e9n\u00e9rales de vente, nous vous soumettons notre brief de mission. Cette proc\u00e9dure nous permet de disposer de tous les \u00e9l\u00e9ments pertinents afin de proc\u00e9der \u00e0 la s\u00e9lection du(es) bon(s) candidat(s). Ce n\u2019est qu\u2019\u00e0 l\u2019obtention de votre accord que nous lan\u00e7ons notre recherche.<\/p>\n<h3>Pr\u00e9sentation de nos candidats<\/h3>\n<p class=\"p\">La s\u00e9lection de nos managers r\u00e9pond \u00e0 une m\u00e9thodologie rigoureuse. Pour chaque mission, la richesse de nos bases et la qualit\u00e9 de notre r\u00e9seau nous permettent d\u2019identifier le bon profil. Aucun candidat n\u2019est pr\u00e9sent\u00e9 sans avoir \u00e9t\u00e9 re\u00e7u par nos soins, ce, afin de mesurer l\u2019ad\u00e9quation de son parcours aux exigences de la mission. En compl\u00e9ment, nous proc\u00e9dons \u00e0 une des tests de personnalit\u00e9 reconnus sur le march\u00e9 ainsi qu\u2019\u00e0 des prises de r\u00e9f\u00e9rences cibl\u00e9es.<\/p>\n<h3>Suivi de la mission<\/h3>\n<p class=\"p\">De l\u2019origine \u00e0 la cl\u00f4ture de la mission, notre Manager de Transition est accompagn\u00e9 par le m\u00eame Partner de NIM Europe. R\u00e9guli\u00e8rement, un point d\u2019\u00e9tape est \u00e9tabli avec l\u2019entreprise cliente sur l\u2019avancement du projet. Les difficult\u00e9s \u00e9ventuelles peuvent ainsi \u00eatre aplanies. Au terme de sa pr\u00e9sence dans l\u2019entreprise, notre manager transf\u00e8re \u00e0 son successeur ou \u00e0 l\u2019\u00e9quipe qui prendra le relai les \u00e9l\u00e9ments leur permettant de b\u00e9n\u00e9ficier de la pertinence de la mission et de justifier ainsi de son retour sur investissement.<\/p>\n<\/section>\n\t\t\t\t\t\t\t\t<\/div>\n\t\t\t\t<\/div>\n\t\t\t\t\t<\/div>\n\t\t<\/div>\n\t\t\t\t\t<\/div>\n\t\t<\/section>\n\t\t\t\t<section class=\"elementor-section elementor-top-section elementor-element elementor-element-7f4d5564 elementor-section-boxed elementor-section-height-default elementor-section-height-default\" data-id=\"7f4d5564\" data-element_type=\"section\">\n\t\t\t\t\t\t<div class=\"elementor-container elementor-column-gap-default\">\n\t\t\t\t\t<div class=\"elementor-column elementor-col-100 elementor-top-column elementor-element elementor-element-2002985a\" data-id=\"2002985a\" data-element_type=\"column\">\n\t\t\t<div class=\"elementor-widget-wrap elementor-element-populated\">\n\t\t\t\t\t\t<div class=\"elementor-element elementor-element-5729240b large-link elementor-widget elementor-widget-text-editor\" data-id=\"5729240b\" data-element_type=\"widget\" data-widget_type=\"text-editor.default\">\n\t\t\t\t<div class=\"elementor-widget-container\">\n\t\t\t\t\t\t\t\t\t<p><a class=\"title\" href=\"https:\/\/nimeurope.com\/en\/notre-engagement-lethique-la-transparence-la-responsabilite\/\">Our engagement :<br \/>\nethics, transparency,<br \/>\nthe responsibility<\/a><\/p>\n\t\t\t\t\t\t\t\t<\/div>\n\t\t\t\t<\/div>\n\t\t\t\t\t<\/div>\n\t\t<\/div>\n\t\t\t\t\t<\/div>\n\t\t<\/section>\n\t\t\t\t<section class=\"elementor-section elementor-top-section elementor-element elementor-element-2e306e69 elementor-section-boxed elementor-section-height-default elementor-section-height-default\" data-id=\"2e306e69\" data-element_type=\"section\">\n\t\t\t\t\t\t<div class=\"elementor-container elementor-column-gap-default\">\n\t\t\t\t\t<div class=\"elementor-column elementor-col-100 elementor-top-column elementor-element elementor-element-4f231b30\" data-id=\"4f231b30\" data-element_type=\"column\">\n\t\t\t<div class=\"elementor-widget-wrap elementor-element-populated\">\n\t\t\t\t\t\t<div class=\"elementor-element elementor-element-1ef32922 elementor-widget elementor-widget-spacer\" data-id=\"1ef32922\" data-element_type=\"widget\" data-widget_type=\"spacer.default\">\n\t\t\t\t<div class=\"elementor-widget-container\">\n\t\t\t\t\t\t\t<div class=\"elementor-spacer\">\n\t\t\t<div class=\"elementor-spacer-inner\"><\/div>\n\t\t<\/div>\n\t\t\t\t\t\t<\/div>\n\t\t\t\t<\/div>\n\t\t\t\t\t<\/div>\n\t\t<\/div>\n\t\t\t\t\t<\/div>\n\t\t<\/section>\n\t\t\t\t<\/div>\n\t\t","protected":false},"excerpt":{"rendered":"<p>Completion of a mission La r\u00e9ussite de chacune de nos missions r\u00e9pond \u00e0 un processus \u00e9prouv\u00e9 nous permettant de valider les diff\u00e9rentes \u00e9tapes qui sont le garant du succ\u00e8s. \u00a0 NOTRE M\u00c9THODOLOGIE\u00a0: R\u00e9daction du brief Pr\u00e9alablement \u00e0 toute recherche de candidat, en compl\u00e9ment de nos conditions g\u00e9n\u00e9rales de vente, nous vous soumettons notre brief de [&hellip;]<\/p>\n","protected":false},"author":13,"featured_media":0,"parent":0,"menu_order":0,"comment_status":"closed","ping_status":"closed","template":"","meta":{"footnotes":""},"class_list":["post-18895","page","type-page","status-publish","hentry","entry"],"yoast_head":"<!-- This site is optimized with the Yoast SEO plugin v26.8 - https:\/\/yoast.com\/product\/yoast-seo-wordpress\/ -->\n<title>Completion of a mission - NIM Europe<\/title>\n<meta name=\"description\" content=\"D\u00e9couvrez la m\u00e9thodologie NIM Europe pour vous accompagner dans vos missions car la r\u00e9ussite de chacune de nos missions r\u00e9pond \u00e0 un processus \u00e9prouv\u00e9 \u00e0 chque \u00e9tapes qui sont le garant du succ\u00e8s.\" \/>\n<meta name=\"robots\" content=\"index, follow, max-snippet:-1, max-image-preview:large, max-video-preview:-1\" \/>\n<link rel=\"canonical\" href=\"https:\/\/nimeurope.com\/en\/realisation-dune-mission\/\" \/>\n<meta property=\"og:locale\" content=\"en_US\" \/>\n<meta property=\"og:type\" content=\"article\" \/>\n<meta property=\"og:title\" content=\"Completion of a mission - NIM Europe\" \/>\n<meta property=\"og:description\" content=\"D\u00e9couvrez la m\u00e9thodologie NIM Europe pour vous accompagner dans vos missions car la r\u00e9ussite de chacune de nos missions r\u00e9pond \u00e0 un processus \u00e9prouv\u00e9 \u00e0 chque \u00e9tapes qui sont le garant du succ\u00e8s.\" \/>\n<meta property=\"og:url\" content=\"https:\/\/nimeurope.com\/en\/realisation-dune-mission\/\" \/>\n<meta property=\"og:site_name\" content=\"NIM Europe\" \/>\n<meta property=\"article:modified_time\" content=\"2024-06-21T09:42:41+00:00\" \/>\n<meta property=\"og:image\" content=\"https:\/\/nimeurope.com\/wp-content\/uploads\/2019\/05\/nim_logo_m-min.jpg\" \/>\n\t<meta property=\"og:image:width\" content=\"600\" \/>\n\t<meta property=\"og:image:height\" content=\"300\" \/>\n\t<meta property=\"og:image:type\" content=\"image\/jpeg\" \/>\n<meta name=\"twitter:label1\" content=\"Est. reading time\" \/>\n\t<meta name=\"twitter:data1\" content=\"2 minutes\" \/>\n<script type=\"application\/ld+json\" class=\"yoast-schema-graph\">{\"@context\":\"https:\/\/schema.org\",\"@graph\":[{\"@type\":\"WebPage\",\"@id\":\"https:\/\/nimeurope.com\/en\/realisation-dune-mission\/\",\"url\":\"https:\/\/nimeurope.com\/en\/realisation-dune-mission\/\",\"name\":\"Completion of a mission - NIM Europe\",\"isPartOf\":{\"@id\":\"https:\/\/nimeurope.com\/en\/#website\"},\"datePublished\":\"2020-01-09T13:47:09+00:00\",\"dateModified\":\"2024-06-21T09:42:41+00:00\",\"description\":\"D\u00e9couvrez la m\u00e9thodologie NIM Europe pour vous accompagner dans vos missions car la r\u00e9ussite de chacune de nos missions r\u00e9pond \u00e0 un processus \u00e9prouv\u00e9 \u00e0 chque \u00e9tapes qui sont le garant du succ\u00e8s.\",\"breadcrumb\":{\"@id\":\"https:\/\/nimeurope.com\/en\/realisation-dune-mission\/#breadcrumb\"},\"inLanguage\":\"en-US\",\"potentialAction\":[{\"@type\":\"ReadAction\",\"target\":[\"https:\/\/nimeurope.com\/en\/realisation-dune-mission\/\"]}]},{\"@type\":\"BreadcrumbList\",\"@id\":\"https:\/\/nimeurope.com\/en\/realisation-dune-mission\/#breadcrumb\",\"itemListElement\":[{\"@type\":\"ListItem\",\"position\":1,\"name\":\"Home\",\"item\":\"https:\/\/nimeurope.com\/en\/home\/\"},{\"@type\":\"ListItem\",\"position\":2,\"name\":\"Completion of a mission\"}]},{\"@type\":\"WebSite\",\"@id\":\"https:\/\/nimeurope.com\/en\/#website\",\"url\":\"https:\/\/nimeurope.com\/en\/\",\"name\":\"NIM Europe\",\"description\":\"Nimeurope\",\"potentialAction\":[{\"@type\":\"SearchAction\",\"target\":{\"@type\":\"EntryPoint\",\"urlTemplate\":\"https:\/\/nimeurope.com\/en\/?s={search_term_string}\"},\"query-input\":{\"@type\":\"PropertyValueSpecification\",\"valueRequired\":true,\"valueName\":\"search_term_string\"}}],\"inLanguage\":\"en-US\"}]}<\/script>\n<!-- \/ Yoast SEO plugin. -->","yoast_head_json":{"title":"Completion of a mission - NIM Europe","description":"D\u00e9couvrez la m\u00e9thodologie NIM Europe pour vous accompagner dans vos missions car la r\u00e9ussite de chacune de nos missions r\u00e9pond \u00e0 un processus \u00e9prouv\u00e9 \u00e0 chque \u00e9tapes qui sont le garant du succ\u00e8s.","robots":{"index":"index","follow":"follow","max-snippet":"max-snippet:-1","max-image-preview":"max-image-preview:large","max-video-preview":"max-video-preview:-1"},"canonical":"https:\/\/nimeurope.com\/en\/realisation-dune-mission\/","og_locale":"en_US","og_type":"article","og_title":"Completion of a mission - NIM Europe","og_description":"D\u00e9couvrez la m\u00e9thodologie NIM Europe pour vous accompagner dans vos missions car la r\u00e9ussite de chacune de nos missions r\u00e9pond \u00e0 un processus \u00e9prouv\u00e9 \u00e0 chque \u00e9tapes qui sont le garant du succ\u00e8s.","og_url":"https:\/\/nimeurope.com\/en\/realisation-dune-mission\/","og_site_name":"NIM Europe","article_modified_time":"2024-06-21T09:42:41+00:00","og_image":[{"width":600,"height":300,"url":"https:\/\/nimeurope.com\/wp-content\/uploads\/2019\/05\/nim_logo_m-min.jpg","type":"image\/jpeg"}],"twitter_misc":{"Est. reading time":"2 minutes"},"schema":{"@context":"https:\/\/schema.org","@graph":[{"@type":"WebPage","@id":"https:\/\/nimeurope.com\/en\/realisation-dune-mission\/","url":"https:\/\/nimeurope.com\/en\/realisation-dune-mission\/","name":"Completion of a mission - NIM Europe","isPartOf":{"@id":"https:\/\/nimeurope.com\/en\/#website"},"datePublished":"2020-01-09T13:47:09+00:00","dateModified":"2024-06-21T09:42:41+00:00","description":"D\u00e9couvrez la m\u00e9thodologie NIM Europe pour vous accompagner dans vos missions car la r\u00e9ussite de chacune de nos missions r\u00e9pond \u00e0 un processus \u00e9prouv\u00e9 \u00e0 chque \u00e9tapes qui sont le garant du succ\u00e8s.","breadcrumb":{"@id":"https:\/\/nimeurope.com\/en\/realisation-dune-mission\/#breadcrumb"},"inLanguage":"en-US","potentialAction":[{"@type":"ReadAction","target":["https:\/\/nimeurope.com\/en\/realisation-dune-mission\/"]}]},{"@type":"BreadcrumbList","@id":"https:\/\/nimeurope.com\/en\/realisation-dune-mission\/#breadcrumb","itemListElement":[{"@type":"ListItem","position":1,"name":"Home","item":"https:\/\/nimeurope.com\/en\/home\/"},{"@type":"ListItem","position":2,"name":"Completion of a mission"}]},{"@type":"WebSite","@id":"https:\/\/nimeurope.com\/en\/#website","url":"https:\/\/nimeurope.com\/en\/","name":"NIM Europe","description":"Nimeurope","potentialAction":[{"@type":"SearchAction","target":{"@type":"EntryPoint","urlTemplate":"https:\/\/nimeurope.com\/en\/?s={search_term_string}"},"query-input":{"@type":"PropertyValueSpecification","valueRequired":true,"valueName":"search_term_string"}}],"inLanguage":"en-US"}]}},"_links":{"self":[{"href":"https:\/\/nimeurope.com\/en\/wp-json\/wp\/v2\/pages\/18895","targetHints":{"allow":["GET"]}}],"collection":[{"href":"https:\/\/nimeurope.com\/en\/wp-json\/wp\/v2\/pages"}],"about":[{"href":"https:\/\/nimeurope.com\/en\/wp-json\/wp\/v2\/types\/page"}],"author":[{"embeddable":true,"href":"https:\/\/nimeurope.com\/en\/wp-json\/wp\/v2\/users\/13"}],"replies":[{"embeddable":true,"href":"https:\/\/nimeurope.com\/en\/wp-json\/wp\/v2\/comments?post=18895"}],"version-history":[{"count":0,"href":"https:\/\/nimeurope.com\/en\/wp-json\/wp\/v2\/pages\/18895\/revisions"}],"wp:attachment":[{"href":"https:\/\/nimeurope.com\/en\/wp-json\/wp\/v2\/media?parent=18895"}],"curies":[{"name":"wp","href":"https:\/\/api.w.org\/{rel}","templated":true}]}}