{"id":18888,"date":"2019-11-15T09:06:00","date_gmt":"2019-11-15T08:06:00","guid":{"rendered":"https:\/\/nim.yupeek.com\/quels-avantages-chez-nim-europe\/"},"modified":"2024-06-21T10:41:39","modified_gmt":"2024-06-21T09:41:39","slug":"quels-avantages-chez-nim-europe","status":"publish","type":"page","link":"https:\/\/nimeurope.com\/en\/quels-avantages-chez-nim-europe\/","title":{"rendered":"What advantages at NIM Europe"},"content":{"rendered":"\t\t<div data-elementor-type=\"wp-page\" data-elementor-id=\"18888\" class=\"elementor elementor-18888 elementor-2314\" data-elementor-post-type=\"page\">\n\t\t\t\t\t\t<section class=\"elementor-section elementor-top-section elementor-element elementor-element-1124b403 elementor-section-boxed elementor-section-height-default elementor-section-height-default\" data-id=\"1124b403\" data-element_type=\"section\">\n\t\t\t\t\t\t<div class=\"elementor-container elementor-column-gap-default\">\n\t\t\t\t\t<div class=\"elementor-column elementor-col-100 elementor-top-column elementor-element elementor-element-5c714c5a\" data-id=\"5c714c5a\" data-element_type=\"column\">\n\t\t\t<div class=\"elementor-widget-wrap elementor-element-populated\">\n\t\t\t\t\t\t<div class=\"elementor-element elementor-element-3cbe20c6 elementor-widget elementor-widget-text-editor\" data-id=\"3cbe20c6\" data-element_type=\"widget\" data-widget_type=\"text-editor.default\">\n\t\t\t\t<div class=\"elementor-widget-container\">\n\t\t\t\t\t\t\t\t\t<h1>What advantages at NIM Europe<\/h1>\n\t\t\t\t\t\t\t\t<\/div>\n\t\t\t\t<\/div>\n\t\t\t\t\t<\/div>\n\t\t<\/div>\n\t\t\t\t\t<\/div>\n\t\t<\/section>\n\t\t\t\t<section class=\"elementor-section elementor-top-section elementor-element elementor-element-7b5e434b elementor-section-boxed elementor-section-height-default elementor-section-height-default\" data-id=\"7b5e434b\" data-element_type=\"section\">\n\t\t\t\t\t\t<div class=\"elementor-container elementor-column-gap-default\">\n\t\t\t\t\t<div class=\"elementor-column elementor-col-100 elementor-top-column elementor-element elementor-element-74534a9e\" data-id=\"74534a9e\" data-element_type=\"column\">\n\t\t\t<div class=\"elementor-widget-wrap elementor-element-populated\">\n\t\t\t\t\t\t<div class=\"elementor-element elementor-element-6bbe5678 large-link elementor-widget elementor-widget-text-editor\" data-id=\"6bbe5678\" data-element_type=\"widget\" data-widget_type=\"text-editor.default\">\n\t\t\t\t<div class=\"elementor-widget-container\">\n\t\t\t\t\t\t\t\t\t<p><a href=\"https:\/\/nimeurope.com\/en\/deposer-votre-cv\/\">Submit your CV<\/a><\/p>\n\t\t\t\t\t\t\t\t<\/div>\n\t\t\t\t<\/div>\n\t\t\t\t\t<\/div>\n\t\t<\/div>\n\t\t\t\t\t<\/div>\n\t\t<\/section>\n\t\t\t\t<section class=\"elementor-section elementor-top-section elementor-element elementor-element-82d3d98 elementor-section-boxed elementor-section-height-default elementor-section-height-default\" data-id=\"82d3d98\" data-element_type=\"section\">\n\t\t\t\t\t\t<div class=\"elementor-container elementor-column-gap-default\">\n\t\t\t\t\t<div class=\"elementor-column elementor-col-100 elementor-top-column elementor-element elementor-element-1b9c4625\" data-id=\"1b9c4625\" data-element_type=\"column\">\n\t\t\t<div class=\"elementor-widget-wrap elementor-element-populated\">\n\t\t\t\t\t\t<div class=\"elementor-element elementor-element-2ecaf9e elementor-widget elementor-widget-text-editor\" data-id=\"2ecaf9e\" data-element_type=\"widget\" data-widget_type=\"text-editor.default\">\n\t\t\t\t<div class=\"elementor-widget-container\">\n\t\t\t\t\t\t\t\t\t<p><span style=\"font-size: 19px; text-transform: uppercase;\"><b>UN ACCOMPAGNEMENT PERMANENT<\/b><\/span><\/p>\n<p>Notre volont\u00e9 est de construire avec vous et nos entreprises clientes une relation p\u00e9renne valorisant le respect mutuel, la confiance, la transparence et l\u2019\u00e9thique professionnelle.<\/p>\n<p>Vous \u00eates accompagn\u00e9 par le m\u00eame Partner de NIM Europe au cours de votre s\u00e9lection et pendant toutes les \u00e9tapes de la mission. Cette disposition, reflet de notre bonne connaissance du client ainsi que des enjeux de la mission, constitue un gage de r\u00e9ussite.<\/p>\n<p>Si vous n\u2019avez pas encore collabor\u00e9 avec NIM Europe, un de nos Partners vous aidera \u00e0 qualifier votre parcours, comprendre vos objectifs et les raisons qui vous am\u00e8nent au <a href=\"https:\/\/nimeurope.com\/en\/management-de-transition-connaitre\/\"><b>Management de Transition<\/b><\/a>. Votre dossier personnel est conserv\u00e9 dans notre base de donn\u00e9es, conform\u00e9ment \u00e0 la l\u00e9gislation CNIL et \u00e0 la RGDP. Pour nous rejoindre : d\u00e9posez votre CV en fran\u00e7ais et accessoirement en anglais via le lien figurant \u00e0 la page de garde et intitul\u00e9 \u201c<a href=\"https:\/\/nimeurope.com\/en\/deposer-votre-cv\/\"><b>Vous souhaitez devenir Manager de Transition<\/b><\/a>\u201d.<\/p>\n<p>Une fois r\u00e9f\u00e9renc\u00e9 dans notre base, n\u2019h\u00e9sitez pas \u00e0 r\u00e9actualiser r\u00e9guli\u00e8rement votre dossier et \u00e0\u00a0 l\u2019enrichir de vos nouvelles missions. Chaque mois nous organisons les Jeudis de NIM, un \u00e9v\u00e9nement en ligne ou en pr\u00e9sentiel pour pr\u00e9senter NIM Europe et les actualit\u00e9s du Management de Transition \u00e0 nos Managers.<\/p>\n<p><span style=\"font-size: 19px; text-transform: uppercase;\"><b>LE STATUT DU MANAGER DE TRANSITION<\/b><\/span><\/p>\n<p>Les Managers s\u00e9lectionn\u00e9s pour une mission interviennent en tant qu\u2019ind\u00e9pendantset sont accompagn\u00e9s tout au long de la mission par leur Partner r\u00e9f\u00e9rent pour ladite mission.<\/p>\n<p>Selon les informations renseign\u00e9es sur votre portail candidat, votre r\u00e9mun\u00e9ration est calcul\u00e9e sur la base d&#8217;un Taux Journalier Moyen (TJM). La facture que vous \u00e9mettez en fin de mois\u00a0 est calcul\u00e9e en fonction du nombre de jours effectivement travaill\u00e9s\u00a0 chez le client.<\/p>\n<p>Si vous n\u2019avez pas\u00a0 de structure juridique propre, l\u2019un de nos partenaires sp\u00e9cialistes du portage salarial vous accompagnera. (Conditions ?)<\/p>\n<p>En compl\u00e9ment de la signature de votre contrat de prestation ou de portage, NIM Europe signe un contrat de mise \u00e0 disposition avec l\u2019entreprise ayant recours \u00e0 vos services. C\u2019est donc une relation tripartite (Manager \/ EMT \/ Client) voire quadripartite (Manager \/ soci\u00e9t\u00e9 de portage salarial \/ EMT \/ Client) qui r\u00e9git le cadre de votre intervention.<\/p>\n<p><span style=\"font-size: 19px; text-transform: uppercase;\"><b>UN RETOUR \u00c0 L\u2019EMPLOI FACILIT\u00c9<\/b><\/span><\/p>\n<p>Pour les candidats int\u00e9ress\u00e9s, il convient de savoir que 20% de nos Managers se voient proposer une offre d\u2019emploi (CDI) \u00e0 l\u2019issue de leur mission.<\/p>\n<p><span style=\"font-size: 19px; text-transform: uppercase;\"><b>CONTACTER LE SERVICE MANAGERS<\/b><\/span><\/p>\n<p>Par email : <a href=\"mailto:manager@nimeurope.com\"><b>manager@nimeurope.com<\/b><\/a><\/p>\n\t\t\t\t\t\t\t\t<\/div>\n\t\t\t\t<\/div>\n\t\t\t\t\t<\/div>\n\t\t<\/div>\n\t\t\t\t\t<\/div>\n\t\t<\/section>\n\t\t\t\t<section class=\"elementor-section elementor-top-section elementor-element elementor-element-4efd01f4 elementor-section-boxed elementor-section-height-default elementor-section-height-default\" data-id=\"4efd01f4\" data-element_type=\"section\">\n\t\t\t\t\t\t<div class=\"elementor-container elementor-column-gap-default\">\n\t\t\t\t\t<div class=\"elementor-column elementor-col-100 elementor-top-column elementor-element elementor-element-66890702\" data-id=\"66890702\" data-element_type=\"column\">\n\t\t\t<div class=\"elementor-widget-wrap elementor-element-populated\">\n\t\t\t\t\t\t<div class=\"elementor-element elementor-element-19664511 large-link elementor-widget elementor-widget-text-editor\" data-id=\"19664511\" data-element_type=\"widget\" data-widget_type=\"text-editor.default\">\n\t\t\t\t<div class=\"elementor-widget-container\">\n\t\t\t\t\t\t\t\t\t<p><a href=\"https:\/\/nimeurope.com\/en\/deroulement-de-nos-missions\/\">Progress of our missions<\/a><\/p>\n\t\t\t\t\t\t\t\t<\/div>\n\t\t\t\t<\/div>\n\t\t\t\t\t<\/div>\n\t\t<\/div>\n\t\t\t\t\t<\/div>\n\t\t<\/section>\n\t\t\t\t<section class=\"elementor-section elementor-top-section elementor-element elementor-element-1233e9c8 elementor-section-boxed elementor-section-height-default elementor-section-height-default\" data-id=\"1233e9c8\" data-element_type=\"section\">\n\t\t\t\t\t\t<div class=\"elementor-container elementor-column-gap-default\">\n\t\t\t\t\t<div class=\"elementor-column elementor-col-100 elementor-top-column elementor-element elementor-element-37c2953f\" data-id=\"37c2953f\" data-element_type=\"column\">\n\t\t\t<div class=\"elementor-widget-wrap elementor-element-populated\">\n\t\t\t\t\t\t<div class=\"elementor-element elementor-element-3e57e79b elementor-widget elementor-widget-spacer\" data-id=\"3e57e79b\" data-element_type=\"widget\" data-widget_type=\"spacer.default\">\n\t\t\t\t<div class=\"elementor-widget-container\">\n\t\t\t\t\t\t\t<div class=\"elementor-spacer\">\n\t\t\t<div class=\"elementor-spacer-inner\"><\/div>\n\t\t<\/div>\n\t\t\t\t\t\t<\/div>\n\t\t\t\t<\/div>\n\t\t\t\t\t<\/div>\n\t\t<\/div>\n\t\t\t\t\t<\/div>\n\t\t<\/section>\n\t\t\t\t<\/div>\n\t\t","protected":false},"excerpt":{"rendered":"<p>What advantages at NIM Europe Submit your CV UN ACCOMPAGNEMENT PERMANENT Notre volont\u00e9 est de construire avec vous et nos entreprises clientes une relation p\u00e9renne valorisant le respect mutuel, la confiance, la transparence et l\u2019\u00e9thique professionnelle. Vous \u00eates accompagn\u00e9 par le m\u00eame Partner de NIM Europe au cours de votre s\u00e9lection et pendant toutes les [&hellip;]<\/p>\n","protected":false},"author":13,"featured_media":0,"parent":0,"menu_order":0,"comment_status":"closed","ping_status":"closed","template":"","meta":{"footnotes":""},"class_list":["post-18888","page","type-page","status-publish","hentry","entry"],"yoast_head":"<!-- This site is optimized with the Yoast SEO plugin v26.8 - https:\/\/yoast.com\/product\/yoast-seo-wordpress\/ -->\n<title>What advantages at NIM Europe - NIM Europe<\/title>\n<meta name=\"description\" content=\"D\u00e9couvrez les avantages du Management de transition avec NIM Europe : un accompagnement permanant, un statut protecteur, un retour \u00e0 l&#039;emploi facilit\u00e9. Nos collaborateurs mettent tout en oeuvre pour leurs talents.\" \/>\n<meta name=\"robots\" content=\"index, follow, max-snippet:-1, max-image-preview:large, max-video-preview:-1\" \/>\n<link rel=\"canonical\" href=\"https:\/\/nimeurope.com\/en\/quels-avantages-chez-nim-europe\/\" \/>\n<meta property=\"og:locale\" content=\"en_US\" \/>\n<meta property=\"og:type\" content=\"article\" \/>\n<meta property=\"og:title\" content=\"What advantages at NIM Europe - NIM Europe\" \/>\n<meta property=\"og:description\" content=\"D\u00e9couvrez les avantages du Management de transition avec NIM Europe : un accompagnement permanant, un statut protecteur, un retour \u00e0 l&#039;emploi facilit\u00e9. Nos collaborateurs mettent tout en oeuvre pour leurs talents.\" \/>\n<meta property=\"og:url\" content=\"https:\/\/nimeurope.com\/en\/quels-avantages-chez-nim-europe\/\" \/>\n<meta property=\"og:site_name\" content=\"NIM Europe\" \/>\n<meta property=\"article:modified_time\" content=\"2024-06-21T09:41:39+00:00\" \/>\n<meta property=\"og:image\" content=\"https:\/\/nimeurope.com\/wp-content\/uploads\/2019\/05\/nim_logo_m-min.jpg\" \/>\n\t<meta property=\"og:image:width\" content=\"600\" \/>\n\t<meta property=\"og:image:height\" content=\"300\" \/>\n\t<meta property=\"og:image:type\" content=\"image\/jpeg\" \/>\n<meta name=\"twitter:label1\" content=\"Est. reading time\" \/>\n\t<meta name=\"twitter:data1\" content=\"2 minutes\" \/>\n<script type=\"application\/ld+json\" class=\"yoast-schema-graph\">{\"@context\":\"https:\/\/schema.org\",\"@graph\":[{\"@type\":\"WebPage\",\"@id\":\"https:\/\/nimeurope.com\/en\/quels-avantages-chez-nim-europe\/\",\"url\":\"https:\/\/nimeurope.com\/en\/quels-avantages-chez-nim-europe\/\",\"name\":\"What advantages at NIM Europe - NIM Europe\",\"isPartOf\":{\"@id\":\"https:\/\/nimeurope.com\/en\/#website\"},\"datePublished\":\"2019-11-15T08:06:00+00:00\",\"dateModified\":\"2024-06-21T09:41:39+00:00\",\"description\":\"D\u00e9couvrez les avantages du Management de transition avec NIM Europe : un accompagnement permanant, un statut protecteur, un retour \u00e0 l'emploi facilit\u00e9. Nos collaborateurs mettent tout en oeuvre pour leurs talents.\",\"breadcrumb\":{\"@id\":\"https:\/\/nimeurope.com\/en\/quels-avantages-chez-nim-europe\/#breadcrumb\"},\"inLanguage\":\"en-US\",\"potentialAction\":[{\"@type\":\"ReadAction\",\"target\":[\"https:\/\/nimeurope.com\/en\/quels-avantages-chez-nim-europe\/\"]}]},{\"@type\":\"BreadcrumbList\",\"@id\":\"https:\/\/nimeurope.com\/en\/quels-avantages-chez-nim-europe\/#breadcrumb\",\"itemListElement\":[{\"@type\":\"ListItem\",\"position\":1,\"name\":\"Home\",\"item\":\"https:\/\/nimeurope.com\/en\/home\/\"},{\"@type\":\"ListItem\",\"position\":2,\"name\":\"What advantages at NIM Europe\"}]},{\"@type\":\"WebSite\",\"@id\":\"https:\/\/nimeurope.com\/en\/#website\",\"url\":\"https:\/\/nimeurope.com\/en\/\",\"name\":\"NIM Europe\",\"description\":\"Nimeurope\",\"potentialAction\":[{\"@type\":\"SearchAction\",\"target\":{\"@type\":\"EntryPoint\",\"urlTemplate\":\"https:\/\/nimeurope.com\/en\/?s={search_term_string}\"},\"query-input\":{\"@type\":\"PropertyValueSpecification\",\"valueRequired\":true,\"valueName\":\"search_term_string\"}}],\"inLanguage\":\"en-US\"}]}<\/script>\n<!-- \/ Yoast SEO plugin. -->","yoast_head_json":{"title":"What advantages at NIM Europe - NIM Europe","description":"D\u00e9couvrez les avantages du Management de transition avec NIM Europe : un accompagnement permanant, un statut protecteur, un retour \u00e0 l'emploi facilit\u00e9. Nos collaborateurs mettent tout en oeuvre pour leurs talents.","robots":{"index":"index","follow":"follow","max-snippet":"max-snippet:-1","max-image-preview":"max-image-preview:large","max-video-preview":"max-video-preview:-1"},"canonical":"https:\/\/nimeurope.com\/en\/quels-avantages-chez-nim-europe\/","og_locale":"en_US","og_type":"article","og_title":"What advantages at NIM Europe - NIM Europe","og_description":"D\u00e9couvrez les avantages du Management de transition avec NIM Europe : un accompagnement permanant, un statut protecteur, un retour \u00e0 l'emploi facilit\u00e9. Nos collaborateurs mettent tout en oeuvre pour leurs talents.","og_url":"https:\/\/nimeurope.com\/en\/quels-avantages-chez-nim-europe\/","og_site_name":"NIM Europe","article_modified_time":"2024-06-21T09:41:39+00:00","og_image":[{"width":600,"height":300,"url":"https:\/\/nimeurope.com\/wp-content\/uploads\/2019\/05\/nim_logo_m-min.jpg","type":"image\/jpeg"}],"twitter_misc":{"Est. reading time":"2 minutes"},"schema":{"@context":"https:\/\/schema.org","@graph":[{"@type":"WebPage","@id":"https:\/\/nimeurope.com\/en\/quels-avantages-chez-nim-europe\/","url":"https:\/\/nimeurope.com\/en\/quels-avantages-chez-nim-europe\/","name":"What advantages at NIM Europe - NIM Europe","isPartOf":{"@id":"https:\/\/nimeurope.com\/en\/#website"},"datePublished":"2019-11-15T08:06:00+00:00","dateModified":"2024-06-21T09:41:39+00:00","description":"D\u00e9couvrez les avantages du Management de transition avec NIM Europe : un accompagnement permanant, un statut protecteur, un retour \u00e0 l'emploi facilit\u00e9. Nos collaborateurs mettent tout en oeuvre pour leurs talents.","breadcrumb":{"@id":"https:\/\/nimeurope.com\/en\/quels-avantages-chez-nim-europe\/#breadcrumb"},"inLanguage":"en-US","potentialAction":[{"@type":"ReadAction","target":["https:\/\/nimeurope.com\/en\/quels-avantages-chez-nim-europe\/"]}]},{"@type":"BreadcrumbList","@id":"https:\/\/nimeurope.com\/en\/quels-avantages-chez-nim-europe\/#breadcrumb","itemListElement":[{"@type":"ListItem","position":1,"name":"Home","item":"https:\/\/nimeurope.com\/en\/home\/"},{"@type":"ListItem","position":2,"name":"What advantages at NIM Europe"}]},{"@type":"WebSite","@id":"https:\/\/nimeurope.com\/en\/#website","url":"https:\/\/nimeurope.com\/en\/","name":"NIM Europe","description":"Nimeurope","potentialAction":[{"@type":"SearchAction","target":{"@type":"EntryPoint","urlTemplate":"https:\/\/nimeurope.com\/en\/?s={search_term_string}"},"query-input":{"@type":"PropertyValueSpecification","valueRequired":true,"valueName":"search_term_string"}}],"inLanguage":"en-US"}]}},"_links":{"self":[{"href":"https:\/\/nimeurope.com\/en\/wp-json\/wp\/v2\/pages\/18888","targetHints":{"allow":["GET"]}}],"collection":[{"href":"https:\/\/nimeurope.com\/en\/wp-json\/wp\/v2\/pages"}],"about":[{"href":"https:\/\/nimeurope.com\/en\/wp-json\/wp\/v2\/types\/page"}],"author":[{"embeddable":true,"href":"https:\/\/nimeurope.com\/en\/wp-json\/wp\/v2\/users\/13"}],"replies":[{"embeddable":true,"href":"https:\/\/nimeurope.com\/en\/wp-json\/wp\/v2\/comments?post=18888"}],"version-history":[{"count":0,"href":"https:\/\/nimeurope.com\/en\/wp-json\/wp\/v2\/pages\/18888\/revisions"}],"wp:attachment":[{"href":"https:\/\/nimeurope.com\/en\/wp-json\/wp\/v2\/media?parent=18888"}],"curies":[{"name":"wp","href":"https:\/\/api.w.org\/{rel}","templated":true}]}}