{"id":18886,"date":"2020-05-11T16:35:50","date_gmt":"2020-05-11T15:35:50","guid":{"rendered":"https:\/\/nim.yupeek.com\/digitaliser-nim-europe\/"},"modified":"2024-06-21T10:40:44","modified_gmt":"2024-06-21T09:40:44","slug":"digitaliser-nim-europe","status":"publish","type":"page","link":"https:\/\/nimeurope.com\/en\/digitaliser-nim-europe\/","title":{"rendered":"(Fran\u00e7ais) Pourquoi et comment digitaliser une entreprise ou des services ?  NIM Europe"},"content":{"rendered":"\t\t<div data-elementor-type=\"wp-page\" data-elementor-id=\"18886\" class=\"elementor elementor-18886 elementor-2430\" data-elementor-post-type=\"page\">\n\t\t\t\t\t\t<section class=\"elementor-section elementor-top-section elementor-element elementor-element-48098d0c elementor-section-boxed elementor-section-height-default elementor-section-height-default\" data-id=\"48098d0c\" data-element_type=\"section\">\n\t\t\t\t\t\t<div class=\"elementor-container elementor-column-gap-default\">\n\t\t\t\t\t<div class=\"elementor-column elementor-col-100 elementor-top-column elementor-element elementor-element-715eeac2\" data-id=\"715eeac2\" data-element_type=\"column\">\n\t\t\t<div class=\"elementor-widget-wrap elementor-element-populated\">\n\t\t\t\t\t\t<div class=\"elementor-element elementor-element-6f9d7ce1 elementor-widget elementor-widget-text-editor\" data-id=\"6f9d7ce1\" data-element_type=\"widget\" data-widget_type=\"text-editor.default\">\n\t\t\t\t<div class=\"elementor-widget-container\">\n\t\t\t\t\t\t\t\t\t<h1>(Fran\u00e7ais)\u00a0Pourquoi et comment digitaliser une entreprise ou des services ? NIM Europe<\/h1>\n\t\t\t\t\t\t\t\t<\/div>\n\t\t\t\t<\/div>\n\t\t\t\t\t<\/div>\n\t\t<\/div>\n\t\t\t\t\t<\/div>\n\t\t<\/section>\n\t\t\t\t<section class=\"elementor-section elementor-top-section elementor-element elementor-element-3b865bf9 elementor-section-boxed elementor-section-height-default elementor-section-height-default\" data-id=\"3b865bf9\" data-element_type=\"section\">\n\t\t\t\t\t\t<div class=\"elementor-container elementor-column-gap-default\">\n\t\t\t\t\t<div class=\"elementor-column elementor-col-50 elementor-top-column elementor-element elementor-element-25610825\" data-id=\"25610825\" data-element_type=\"column\" data-settings=\"{&quot;background_background&quot;:&quot;classic&quot;}\">\n\t\t\t<div class=\"elementor-widget-wrap elementor-element-populated\">\n\t\t\t\t\t\t<div class=\"elementor-element elementor-element-7f8b384a elementor-widget elementor-widget-heading\" data-id=\"7f8b384a\" data-element_type=\"widget\" data-widget_type=\"heading.default\">\n\t\t\t\t<div class=\"elementor-widget-container\">\n\t\t\t\t\t<span class=\"elementor-heading-title elementor-size-default\">Are you looking for an executive interim manager?<\/span>\t\t\t\t<\/div>\n\t\t\t\t<\/div>\n\t\t\t\t<div class=\"elementor-element elementor-element-7de34322 bullet-arrow-2 elementor-widget elementor-widget-text-editor\" data-id=\"7de34322\" data-element_type=\"widget\" data-widget_type=\"text-editor.default\">\n\t\t\t\t<div class=\"elementor-widget-container\">\n\t\t\t\t\t\t\t\t\t<ul class=\"bullet-arrow black\">\n<li><a href=\"tel:+33146248571\">+33 1 46 24 85 71<\/a><\/li>\n<li><a href=\"mailto:mail@nimeurope.com\">mail@nimeurope.com<\/a><\/li>\n<li><a href=\"https:\/\/nimeurope.com\/en\/contact\/\" target=\"_blank\" rel=\"noopener noreferrer\">contact us<\/a><\/li>\n<\/ul>\n\t\t\t\t\t\t\t\t<\/div>\n\t\t\t\t<\/div>\n\t\t\t\t\t<\/div>\n\t\t<\/div>\n\t\t\t\t<div class=\"elementor-column elementor-col-50 elementor-top-column elementor-element elementor-element-152abe4f\" data-id=\"152abe4f\" data-element_type=\"column\" data-settings=\"{&quot;background_background&quot;:&quot;classic&quot;}\">\n\t\t\t<div class=\"elementor-widget-wrap elementor-element-populated\">\n\t\t\t\t\t\t<div class=\"elementor-element elementor-element-5a4d0221 elementor-widget elementor-widget-heading\" data-id=\"5a4d0221\" data-element_type=\"widget\" data-widget_type=\"heading.default\">\n\t\t\t\t<div class=\"elementor-widget-container\">\n\t\t\t\t\t<span class=\"elementor-heading-title elementor-size-default\"><span class=\"\" style=\"font-size: 16px;font-weight: 600;font-family: Poppins, sans-serif;font-style: normal\">Become one of our executive interim managers&nbsp;?<\/span><\/span>\t\t\t\t<\/div>\n\t\t\t\t<\/div>\n\t\t\t\t<div class=\"elementor-element elementor-element-5643a0bc cta elementor-widget elementor-widget-text-editor\" data-id=\"5643a0bc\" data-element_type=\"widget\" data-widget_type=\"text-editor.default\">\n\t\t\t\t<div class=\"elementor-widget-container\">\n\t\t\t\t\t\t\t\t\t<p><a href=\"https:\/\/nimeurope.com\/en\/deposer-votre-cv\/\">Submit your CV<\/a><\/p>\n\t\t\t\t\t\t\t\t<\/div>\n\t\t\t\t<\/div>\n\t\t\t\t\t<\/div>\n\t\t<\/div>\n\t\t\t\t\t<\/div>\n\t\t<\/section>\n\t\t\t\t<section class=\"elementor-section elementor-top-section elementor-element elementor-element-41c04305 elementor-section-boxed elementor-section-height-default elementor-section-height-default\" data-id=\"41c04305\" data-element_type=\"section\">\n\t\t\t\t\t\t<div class=\"elementor-container elementor-column-gap-default\">\n\t\t\t\t\t<div class=\"elementor-column elementor-col-100 elementor-top-column elementor-element elementor-element-144e916c\" data-id=\"144e916c\" data-element_type=\"column\">\n\t\t\t<div class=\"elementor-widget-wrap elementor-element-populated\">\n\t\t\t\t\t\t<div class=\"elementor-element elementor-element-659ade4a elementor-widget elementor-widget-text-editor\" data-id=\"659ade4a\" data-element_type=\"widget\" data-widget_type=\"text-editor.default\">\n\t\t\t\t<div class=\"elementor-widget-container\">\n\t\t\t\t\t\t\t\t\t<h2>DIGITALISATION DES ENTREPRISES<\/h2>\n<p>La digitalisation des donn\u00e9es d\u2019une entreprise est un enjeu de survie.<br \/>\nCette transformation num\u00e9rique modifie non seulement l\u2019approche des m\u00e9tiers, mais \u00e9galement l\u2019organisation interne, d\u00e9veloppant les relations entre collaborateurs en interne.<br \/>\nLa strat\u00e9gie marketing se transforme en strat\u00e9gie digitale avec effet imm\u00e9diat sur le p\u00f4le financier et sur les services administratifs de l\u2019entreprise.<br \/>\nLa transition digitale doit \u00eatre au c\u0153ur du processus de management, dans le but de le faciliter et de le faire \u00e9voluer vers davantage d\u2019efficacit\u00e9.<\/p>\n<h2>POURQUOI OPTER POUR LA DIGITALISATION ?<\/h2>\n<p>La digitalisation est destin\u00e9e \u00e0 faciliter le travail d\u2019analyse et de management.<br \/>\nElle peut \u00eatre appliqu\u00e9e dans tous les secteurs d\u2019activit\u00e9 du monde de l\u2019entreprise, sans exception aucune. Ces nouveaux outils digitaux fournissent en effet, en temps r\u00e9el, un reporting pr\u00e9cis et d\u00e9taill\u00e9 des r\u00e9sultats de la politique men\u00e9e par l\u2019entreprise.<br \/>\nCela permet de d\u00e9placer les curseurs en mati\u00e8re de\u00a0<a href=\"https:\/\/nimeurope.com\/en\/optimisation-tresorerie-nim-europe\/\" target=\"_blank\" rel=\"noopener noreferrer\">gestion de la tr\u00e9sorerie<\/a>\u00a0et de mieux utiliser les comp\u00e9tences des collaborateurs par une gestion agile si besoin.<br \/>\nEn externe, la digitalisation d\u2019entreprise permet d\u2019affiner la strat\u00e9gie de communication sur les r\u00e9seaux sociaux, de simplifier la relation client et de tenir ce dernier au fait des nouvelles actualit\u00e9s du business de l\u2019entreprise.<\/p>\n<h2>COMMENT METTRE EN PLACE LES OUTILS DE DIGITALISATION ?<\/h2>\n<p>L\u2019entreprise digitalis\u00e9e ne se r\u00e9sume pas \u00e0 une entreprise qui se contente d\u2019un site internet et qui poste de temps \u00e0 autre des textes sur ses r\u00e9seaux sociaux. Non, l\u2019entreprise digitalis\u00e9e met le num\u00e9rique au c\u0153ur de sa strat\u00e9gie globale.<br \/>\nLes nouveaux outils doivent favoriser la communication horizontale, afin de faire appel \u00e0 l\u2019intelligence de l\u2019ensemble des collaborateurs.<br \/>\nL\u2019intelligence est aussi num\u00e9rique dans la mesure o\u00f9 elle permet la restitution des conclusions des indicateurs de performance.<br \/>\nCes KPI offrent ainsi la possibilit\u00e9 de prendre les bonnes d\u00e9cisions sans attendre, recadrant ainsi la politique de l\u2019entreprise dans le sens d\u2019un tableau de bord am\u00e9lior\u00e9.<br \/>\nQui dit nouvelles m\u00e9thodes de travail, dit \u00e9galement nouvelles comp\u00e9tences. Le num\u00e9rique n\u2019a pas pour effet de remplacer les personnes en place, mais la transformation digitale doit \u00eatre pr\u00e9sent\u00e9e, explicit\u00e9e et d\u00e9crypt\u00e9e pour pouvoir s\u2019apprivoiser.<\/p>\n<h2>VOUS SOUHAITEZ DIGITALISER DES SERVICES ?<\/h2>\n<p>Digitaliser les relations des clients avec l\u2019entreprise est une des activit\u00e9s phare des derni\u00e8res ann\u00e9es. Mais comme toute activit\u00e9 nouvelle, les sp\u00e9cialistes sont peu nombreux et les entreprises h\u00e9sitent avant de les recruter. Ils sont rares donc chers, le comit\u00e9 de direction h\u00e9site sur les outils, le profil, voire l\u2019id\u00e9e m\u00eame de se lancer dans le projet digital. C\u2019est donc une des circonstances propices au recours au management de transition.<br \/>\nLes sp\u00e9cialistes ne sont souvent pas des salari\u00e9s, ils ont des exp\u00e9riences prouv\u00e9es dans ce domaine du digital. Ils ont accumul\u00e9 des ann\u00e9es de process en \u00e9valuant les outils pertinents mais aussi les pratiques payantes sur les clients. Comme souvent dans les nouvelles technologies, ils sont tr\u00e8s op\u00e9rationnels et \u00e9vitent au client les \u00ab erreurs de jeunesse \u00bb.<br \/>\nComme ces m\u00e9tiers sont nouveaux, leurs sp\u00e9cialit\u00e9s sont des domaines obscurs pour les dirigeants. Ils ignorent le m\u00e9tier de ces jeunes geeks qui peuplent les start-up et leur mode de vie si diff\u00e9rent du leur. Un\u00a0<a href=\"https:\/\/nimeurope.com\/en\/devenir-manager-de-transition-chez-nim-europe\/\" target=\"_blank\" rel=\"noopener noreferrer\">manager de transition<\/a>\u00a0pourra les aider \u00e0 g\u00e9rer ce qui est souvent un mythe.<\/p>\n<p>D\u00e9couvrez les diff\u00e9rentes fonctions de Manager de Transition :<\/p>\n<ul>\n<li><strong><a href=\"https:\/\/nimeurope.com\/en\/directeur-general-transition\/\" target=\"_blank\" rel=\"noopener noreferrer\">DG de transition<\/a><\/strong><\/li>\n<li><strong><a href=\"https:\/\/nimeurope.com\/en\/directeur-financier-transition-nim-europe\/\" target=\"_blank\" rel=\"noopener noreferrer\">DAF de transition<\/a><\/strong><\/li>\n<li><strong><a href=\"https:\/\/nimeurope.com\/en\/production-industrie-supply-chain-nim-europe\/\" target=\"_blank\" rel=\"noopener noreferrer\">Direction Production, Op\u00e9rations, Supply-chain<\/a><\/strong><\/li>\n<li><strong><a href=\"https:\/\/nimeurope.com\/en\/drh-transition-nim-europe\/\" target=\"_blank\" rel=\"noopener noreferrer\">DRH de transition<\/a><\/strong><\/li>\n<li><strong><a href=\"\/en\/directeur-marketing-commercial-nim-europe\/\" target=\"_blank\" rel=\"noopener noreferrer\">Direction Marketing et Commerciale<\/a><\/strong><\/li>\n<li><strong><a href=\"https:\/\/nimeurope.com\/en\/dsi-de-transition-nim-europe\/\" target=\"_blank\" rel=\"noopener noreferrer\">DSI de transition<\/a><\/strong><\/li>\n<li><a href=\"https:\/\/nimeurope.com\/en\/directeur-expert-transition-nim-europe\/\" target=\"_blank\" rel=\"noopener noreferrer\"><strong>Directions Expertes<\/strong><\/a><\/li>\n<\/ul>\n<p>Vous serez \u00e9galement int\u00e9ress\u00e9 par :<\/p>\n<ul>\n<li><strong><a href=\"https:\/\/nimeurope.com\/en\/gerer-situation-de-crise-entreprise\/\" target=\"_blank\" rel=\"noopener noreferrer\">La gestion d\u2019une situation de crise<\/a><\/strong><\/li>\n<li><strong><a href=\"https:\/\/nimeurope.com\/en\/optimisation-tresorerie-nim-europe\/\" target=\"_blank\" rel=\"noopener noreferrer\">L\u2019optimisation de la tr\u00e9sorerie<\/a><\/strong><\/li>\n<li><strong><a href=\"https:\/\/nimeurope.com\/en\/climat-social-tendu-nim-europe\/\" target=\"_blank\" rel=\"noopener noreferrer\">Faire face \u00e0 un climat social tendu<\/a><\/strong><\/li>\n<li><strong><a href=\"https:\/\/nimeurope.com\/en\/reorganisation-interne-management-de-transition-nim-europe\/\" target=\"_blank\" rel=\"noopener noreferrer\">Mettre en place une r\u00e9organisation en interne<\/a><\/strong><\/li>\n<li><strong><a href=\"https:\/\/nimeurope.com\/en\/leviers-de-croissance-management-de-transition-nim-europe\/\" target=\"_blank\" rel=\"noopener noreferrer\">Identifier de nouveaux leviers de croissance<\/a><\/strong><\/li>\n<\/ul>\n\t\t\t\t\t\t\t\t<\/div>\n\t\t\t\t<\/div>\n\t\t\t\t\t<\/div>\n\t\t<\/div>\n\t\t\t\t\t<\/div>\n\t\t<\/section>\n\t\t\t\t<section class=\"elementor-section elementor-top-section elementor-element elementor-element-22311a67 elementor-section-boxed elementor-section-height-default elementor-section-height-default\" data-id=\"22311a67\" data-element_type=\"section\">\n\t\t\t\t\t\t<div class=\"elementor-container elementor-column-gap-default\">\n\t\t\t\t\t<div class=\"elementor-column elementor-col-100 elementor-top-column elementor-element elementor-element-63a85b3a\" data-id=\"63a85b3a\" data-element_type=\"column\">\n\t\t\t<div class=\"elementor-widget-wrap elementor-element-populated\">\n\t\t\t\t\t\t<div class=\"elementor-element elementor-element-60281a53 elementor-widget elementor-widget-spacer\" data-id=\"60281a53\" data-element_type=\"widget\" data-widget_type=\"spacer.default\">\n\t\t\t\t<div class=\"elementor-widget-container\">\n\t\t\t\t\t\t\t<div class=\"elementor-spacer\">\n\t\t\t<div class=\"elementor-spacer-inner\"><\/div>\n\t\t<\/div>\n\t\t\t\t\t\t<\/div>\n\t\t\t\t<\/div>\n\t\t\t\t\t<\/div>\n\t\t<\/div>\n\t\t\t\t\t<\/div>\n\t\t<\/section>\n\t\t\t\t<\/div>\n\t\t","protected":false},"excerpt":{"rendered":"<p>(Fran\u00e7ais)\u00a0Pourquoi et comment digitaliser une entreprise ou des services ? NIM Europe Are you looking for an executive interim manager? +33 1 46 24 85 71 mail@nimeurope.com contact us Become one of our executive interim managers&nbsp;? Submit your CV DIGITALISATION DES ENTREPRISES La digitalisation des donn\u00e9es d\u2019une entreprise est un enjeu de survie. Cette transformation [&hellip;]<\/p>\n","protected":false},"author":13,"featured_media":0,"parent":0,"menu_order":0,"comment_status":"closed","ping_status":"closed","template":"","meta":{"footnotes":""},"class_list":["post-18886","page","type-page","status-publish","hentry","entry"],"yoast_head":"<!-- This site is optimized with the Yoast SEO plugin v26.8 - https:\/\/yoast.com\/product\/yoast-seo-wordpress\/ -->\n<title>(Fran\u00e7ais) Pourquoi et comment digitaliser une entreprise ou des services ? NIM Europe - NIM Europe<\/title>\n<meta name=\"description\" content=\"L\u2019entreprise moderne est n\u00e9cessairement digitale ou en passe de le devenir pour demeurer comp\u00e9titive. Faites appel \u00e0 NIM Europe pour digitaliser votre entreprise ou vos services \u00e0 l\u2019aide du management de transition.\" \/>\n<meta name=\"robots\" content=\"index, follow, max-snippet:-1, max-image-preview:large, max-video-preview:-1\" \/>\n<link rel=\"canonical\" href=\"https:\/\/nimeurope.com\/en\/digitaliser-nim-europe\/\" \/>\n<meta property=\"og:locale\" content=\"en_US\" \/>\n<meta property=\"og:type\" content=\"article\" \/>\n<meta property=\"og:title\" content=\"(Fran\u00e7ais) Pourquoi et comment digitaliser une entreprise ou des services ? NIM Europe - NIM Europe\" \/>\n<meta property=\"og:description\" content=\"L\u2019entreprise moderne est n\u00e9cessairement digitale ou en passe de le devenir pour demeurer comp\u00e9titive. Faites appel \u00e0 NIM Europe pour digitaliser votre entreprise ou vos services \u00e0 l\u2019aide du management de transition.\" \/>\n<meta property=\"og:url\" content=\"https:\/\/nimeurope.com\/en\/digitaliser-nim-europe\/\" \/>\n<meta property=\"og:site_name\" content=\"NIM Europe\" \/>\n<meta property=\"article:modified_time\" content=\"2024-06-21T09:40:44+00:00\" \/>\n<meta property=\"og:image\" content=\"https:\/\/nimeurope.com\/wp-content\/uploads\/2019\/05\/nim_logo_m-min.jpg\" \/>\n\t<meta property=\"og:image:width\" content=\"600\" \/>\n\t<meta property=\"og:image:height\" content=\"300\" \/>\n\t<meta property=\"og:image:type\" content=\"image\/jpeg\" \/>\n<meta name=\"twitter:label1\" content=\"Est. reading time\" \/>\n\t<meta name=\"twitter:data1\" content=\"3 minutes\" \/>\n<script type=\"application\/ld+json\" class=\"yoast-schema-graph\">{\"@context\":\"https:\/\/schema.org\",\"@graph\":[{\"@type\":\"WebPage\",\"@id\":\"https:\/\/nimeurope.com\/en\/digitaliser-nim-europe\/\",\"url\":\"https:\/\/nimeurope.com\/en\/digitaliser-nim-europe\/\",\"name\":\"(Fran\u00e7ais) Pourquoi et comment digitaliser une entreprise ou des services ? NIM Europe - NIM Europe\",\"isPartOf\":{\"@id\":\"https:\/\/nimeurope.com\/en\/#website\"},\"datePublished\":\"2020-05-11T15:35:50+00:00\",\"dateModified\":\"2024-06-21T09:40:44+00:00\",\"description\":\"L\u2019entreprise moderne est n\u00e9cessairement digitale ou en passe de le devenir pour demeurer comp\u00e9titive. Faites appel \u00e0 NIM Europe pour digitaliser votre entreprise ou vos services \u00e0 l\u2019aide du management de transition.\",\"breadcrumb\":{\"@id\":\"https:\/\/nimeurope.com\/en\/digitaliser-nim-europe\/#breadcrumb\"},\"inLanguage\":\"en-US\",\"potentialAction\":[{\"@type\":\"ReadAction\",\"target\":[\"https:\/\/nimeurope.com\/en\/digitaliser-nim-europe\/\"]}]},{\"@type\":\"BreadcrumbList\",\"@id\":\"https:\/\/nimeurope.com\/en\/digitaliser-nim-europe\/#breadcrumb\",\"itemListElement\":[{\"@type\":\"ListItem\",\"position\":1,\"name\":\"Home\",\"item\":\"https:\/\/nimeurope.com\/en\/home\/\"},{\"@type\":\"ListItem\",\"position\":2,\"name\":\"(Fran\u00e7ais) Pourquoi et comment digitaliser une entreprise ou des services ? NIM Europe\"}]},{\"@type\":\"WebSite\",\"@id\":\"https:\/\/nimeurope.com\/en\/#website\",\"url\":\"https:\/\/nimeurope.com\/en\/\",\"name\":\"NIM Europe\",\"description\":\"Nimeurope\",\"potentialAction\":[{\"@type\":\"SearchAction\",\"target\":{\"@type\":\"EntryPoint\",\"urlTemplate\":\"https:\/\/nimeurope.com\/en\/?s={search_term_string}\"},\"query-input\":{\"@type\":\"PropertyValueSpecification\",\"valueRequired\":true,\"valueName\":\"search_term_string\"}}],\"inLanguage\":\"en-US\"}]}<\/script>\n<!-- \/ Yoast SEO plugin. -->","yoast_head_json":{"title":"(Fran\u00e7ais) Pourquoi et comment digitaliser une entreprise ou des services ? NIM Europe - NIM Europe","description":"L\u2019entreprise moderne est n\u00e9cessairement digitale ou en passe de le devenir pour demeurer comp\u00e9titive. Faites appel \u00e0 NIM Europe pour digitaliser votre entreprise ou vos services \u00e0 l\u2019aide du management de transition.","robots":{"index":"index","follow":"follow","max-snippet":"max-snippet:-1","max-image-preview":"max-image-preview:large","max-video-preview":"max-video-preview:-1"},"canonical":"https:\/\/nimeurope.com\/en\/digitaliser-nim-europe\/","og_locale":"en_US","og_type":"article","og_title":"(Fran\u00e7ais) Pourquoi et comment digitaliser une entreprise ou des services ? NIM Europe - NIM Europe","og_description":"L\u2019entreprise moderne est n\u00e9cessairement digitale ou en passe de le devenir pour demeurer comp\u00e9titive. Faites appel \u00e0 NIM Europe pour digitaliser votre entreprise ou vos services \u00e0 l\u2019aide du management de transition.","og_url":"https:\/\/nimeurope.com\/en\/digitaliser-nim-europe\/","og_site_name":"NIM Europe","article_modified_time":"2024-06-21T09:40:44+00:00","og_image":[{"width":600,"height":300,"url":"https:\/\/nimeurope.com\/wp-content\/uploads\/2019\/05\/nim_logo_m-min.jpg","type":"image\/jpeg"}],"twitter_misc":{"Est. reading time":"3 minutes"},"schema":{"@context":"https:\/\/schema.org","@graph":[{"@type":"WebPage","@id":"https:\/\/nimeurope.com\/en\/digitaliser-nim-europe\/","url":"https:\/\/nimeurope.com\/en\/digitaliser-nim-europe\/","name":"(Fran\u00e7ais) Pourquoi et comment digitaliser une entreprise ou des services ? NIM Europe - NIM Europe","isPartOf":{"@id":"https:\/\/nimeurope.com\/en\/#website"},"datePublished":"2020-05-11T15:35:50+00:00","dateModified":"2024-06-21T09:40:44+00:00","description":"L\u2019entreprise moderne est n\u00e9cessairement digitale ou en passe de le devenir pour demeurer comp\u00e9titive. Faites appel \u00e0 NIM Europe pour digitaliser votre entreprise ou vos services \u00e0 l\u2019aide du management de transition.","breadcrumb":{"@id":"https:\/\/nimeurope.com\/en\/digitaliser-nim-europe\/#breadcrumb"},"inLanguage":"en-US","potentialAction":[{"@type":"ReadAction","target":["https:\/\/nimeurope.com\/en\/digitaliser-nim-europe\/"]}]},{"@type":"BreadcrumbList","@id":"https:\/\/nimeurope.com\/en\/digitaliser-nim-europe\/#breadcrumb","itemListElement":[{"@type":"ListItem","position":1,"name":"Home","item":"https:\/\/nimeurope.com\/en\/home\/"},{"@type":"ListItem","position":2,"name":"(Fran\u00e7ais) Pourquoi et comment digitaliser une entreprise ou des services ? NIM Europe"}]},{"@type":"WebSite","@id":"https:\/\/nimeurope.com\/en\/#website","url":"https:\/\/nimeurope.com\/en\/","name":"NIM Europe","description":"Nimeurope","potentialAction":[{"@type":"SearchAction","target":{"@type":"EntryPoint","urlTemplate":"https:\/\/nimeurope.com\/en\/?s={search_term_string}"},"query-input":{"@type":"PropertyValueSpecification","valueRequired":true,"valueName":"search_term_string"}}],"inLanguage":"en-US"}]}},"_links":{"self":[{"href":"https:\/\/nimeurope.com\/en\/wp-json\/wp\/v2\/pages\/18886","targetHints":{"allow":["GET"]}}],"collection":[{"href":"https:\/\/nimeurope.com\/en\/wp-json\/wp\/v2\/pages"}],"about":[{"href":"https:\/\/nimeurope.com\/en\/wp-json\/wp\/v2\/types\/page"}],"author":[{"embeddable":true,"href":"https:\/\/nimeurope.com\/en\/wp-json\/wp\/v2\/users\/13"}],"replies":[{"embeddable":true,"href":"https:\/\/nimeurope.com\/en\/wp-json\/wp\/v2\/comments?post=18886"}],"version-history":[{"count":0,"href":"https:\/\/nimeurope.com\/en\/wp-json\/wp\/v2\/pages\/18886\/revisions"}],"wp:attachment":[{"href":"https:\/\/nimeurope.com\/en\/wp-json\/wp\/v2\/media?parent=18886"}],"curies":[{"name":"wp","href":"https:\/\/api.w.org\/{rel}","templated":true}]}}