{"id":18883,"date":"2020-09-18T15:55:07","date_gmt":"2020-09-18T14:55:07","guid":{"rendered":"https:\/\/nim.yupeek.com\/redressement-retournement-filiale-nim-europe\/"},"modified":"2024-06-21T10:31:58","modified_gmt":"2024-06-21T09:31:58","slug":"redressement-retournement-filiale-nim-europe","status":"publish","type":"page","link":"https:\/\/nimeurope.com\/en\/redressement-retournement-filiale-nim-europe\/","title":{"rendered":"(Fran\u00e7ais) Le redressement ou retournement d\u2019une filiale | NIM Europe"},"content":{"rendered":"\t\t<div data-elementor-type=\"wp-page\" data-elementor-id=\"18883\" class=\"elementor elementor-18883 elementor-3318\" data-elementor-post-type=\"page\">\n\t\t\t\t\t\t<section class=\"elementor-section elementor-top-section elementor-element elementor-element-415b36d6 elementor-section-boxed elementor-section-height-default elementor-section-height-default\" data-id=\"415b36d6\" data-element_type=\"section\">\n\t\t\t\t\t\t<div class=\"elementor-container elementor-column-gap-default\">\n\t\t\t\t\t<div class=\"elementor-column elementor-col-100 elementor-top-column elementor-element elementor-element-22ed6cf6\" data-id=\"22ed6cf6\" data-element_type=\"column\">\n\t\t\t<div class=\"elementor-widget-wrap elementor-element-populated\">\n\t\t\t\t\t\t<div class=\"elementor-element elementor-element-14e3510e elementor-widget elementor-widget-text-editor\" data-id=\"14e3510e\" data-element_type=\"widget\" data-widget_type=\"text-editor.default\">\n\t\t\t\t<div class=\"elementor-widget-container\">\n\t\t\t\t\t\t\t\t\t<h1>(Fran\u00e7ais)\u00a0Le redressement ou retournement d\u2019une filiale | NIM Europe<\/h1>\n\t\t\t\t\t\t\t\t<\/div>\n\t\t\t\t<\/div>\n\t\t\t\t\t<\/div>\n\t\t<\/div>\n\t\t\t\t\t<\/div>\n\t\t<\/section>\n\t\t\t\t<section class=\"elementor-section elementor-top-section elementor-element elementor-element-46e24c29 elementor-section-boxed elementor-section-height-default elementor-section-height-default\" data-id=\"46e24c29\" data-element_type=\"section\">\n\t\t\t\t\t\t<div class=\"elementor-container elementor-column-gap-default\">\n\t\t\t\t\t<div class=\"elementor-column elementor-col-100 elementor-top-column elementor-element elementor-element-6fab906\" data-id=\"6fab906\" data-element_type=\"column\">\n\t\t\t<div class=\"elementor-widget-wrap elementor-element-populated\">\n\t\t\t\t\t\t<div class=\"elementor-element elementor-element-4fe4f769 elementor-widget elementor-widget-text-editor\" data-id=\"4fe4f769\" data-element_type=\"widget\" data-widget_type=\"text-editor.default\">\n\t\t\t\t<div class=\"elementor-widget-container\">\n\t\t\t\t\t\t\t\t\tS\u00e9lectionn\u00e9 selon ses comp\u00e9tences techniques et son exp\u00e9rience par notre cabinet,\u00a0<a href=\"https:\/\/nimeurope.com\/en\/devenir-manager-de-transition-chez-nim-europe\/\" target=\"_blank\" rel=\"noopener noreferrer\"><strong>le manager de transition est op\u00e9rationnel<\/strong>\u00a0<\/a>dans votre entreprise dans les plus brefs d\u00e9lais. Professionnel externe \u00e0 votre soci\u00e9t\u00e9, il est qualifi\u00e9 pour conduire le retournement ou redressement de votre filiale de mani\u00e8re rigoureuse et sereine gr\u00e2ce \u00e0 une analyse fine des enjeux et de la situation financi\u00e8re et sociale. Le redressement judiciaire est d\u00e9cid\u00e9 par l\u2019administration fiscale pour une entreprise en cessation de paiement aupr\u00e8s de ses distributeurs, mais dont la gestion de ses finances et les r\u00e9sultats de ses activit\u00e9s lui assurent une viabilit\u00e9.\r\n\r\n&nbsp;\r\n\r\n<span style=\"font-family: Poppins, sans-serif; font-size: 19px; font-weight: 600; text-transform: uppercase;\">LE MANAGER DE TRANSITION, UN V\u00c9RITABLE SOUTIEN EN SITUATION DE CRISE<\/span>\r\n\r\nPendant la proc\u00e9dure de redressement de votre entreprise ou d\u2019une filiale en France ou \u00e0 l\u2019\u00e9tranger, le manager de transition occupe un poste cl\u00e9 temporairement :\u00a0<strong><a href=\"https:\/\/nimeurope.com\/en\/directeur-financier-transition-nim-europe\/\" target=\"_blank\" rel=\"noopener noreferrer\">DAF<\/a>,\u00a0<a href=\"https:\/\/nimeurope.com\/en\/directeur-general-transition\/\" target=\"_blank\" rel=\"noopener noreferrer\">directeur g\u00e9n\u00e9ral<\/a>,\u00a0<a href=\"https:\/\/nimeurope.com\/en\/drh-transition-nim-europe\/\" target=\"_blank\" rel=\"noopener noreferrer\">DRH<\/a>\u2026<\/strong> Inform\u00e9 des actualit\u00e9s de votre entreprise en redressement, cet expert externe vous d\u00e9livre des conseils quant \u00e0 l\u2019\u00e9volution des d\u00e9marches et les cons\u00e9quences \u00e9conomiques et sociales de cette situation. Suite aux actualit\u00e9s sanitaires en Europe et en France (\u00e9pid\u00e9mie de coronavirus), certains d\u00e9lais et certaines modalit\u00e9s des proc\u00e9dures de redressement d\u2019une entreprise se sont assouplis : par exemple, les d\u00e9lais de consultation des cr\u00e9anciers peuvent \u00eatre r\u00e9duits, sur d\u00e9cision du juge-commissaire\u2026Nim Europe, expert en\u00a0<strong><a href=\"https:\/\/nimeurope.com\/en\/management-de-transition-connaitre\/\" target=\"_blank\" rel=\"noopener noreferrer\">management de transition<\/a><\/strong>, r\u00e9alise pour vous une veille d\u2019actualit\u00e9s juridiques, \u00e9conomiques et sociales. Nos experts vous proposent des abonnements \u00e0 notre source d\u2019informations \u00e0 propos des modalit\u00e9s du contr\u00f4le fiscal et \u00e0 notre r\u00e9seau professionnel.\r\n\r\n&nbsp;\r\n<h2>LA M\u00c9THODE DU MANAGER DE TRANSITION, D\u2019APR\u00c8S LE CADRE L\u00c9GAL DE L\u2019ADMINISTRATION FISCALE<\/h2>\r\nEn cas de redressement d\u2019une filiale et de l\u2019entreprise m\u00e8re, la poursuite des activit\u00e9s et le maintien de l\u2019emploi des salari\u00e9s sont possibles, \u00e0 condition de respecter la proc\u00e9dure.\r\nLe manager de transition conduit le plan de redressement de l\u2019entreprise redevable aupr\u00e8s des imp\u00f4ts en toute transparence aupr\u00e8s des dirigeants et des salari\u00e9s. Ce plan d\u00e9bute par une p\u00e9riode d\u2019observation de 6 mois renouvelable une fois n\u00e9cessaire \u00e0 l\u2019\u00e9dition d\u2019un bilan \u00e9conomique et social global.\r\nA ce stade, seuls les licenciements \u00e9conomiques consid\u00e9r\u00e9s comme urgents et indispensable sont autoris\u00e9s. A l\u2019issue de cette action, les droits d\u2019une entreprise sont multiples selon sa situation : un plan de redressement \u00e9tal\u00e9 sur 10 ans en cas de viabilit\u00e9 de l\u2019entreprise m\u00e8re, la cessation d\u2019activit\u00e9 partielle ou totale, une proc\u00e9dure de liquidation judiciaire si le r\u00e9sultat du bilan ne permet pas l\u2019apurement des dettes ou la cl\u00f4ture du plan de redressement en cas de remboursement imm\u00e9diat des p\u00e9nalit\u00e9s fiscales.\r\nLe manager de transition accompagne les dirigeants vers l\u2019am\u00e9lioration de la situation de l\u2019entreprise : les rectifications demand\u00e9es par l\u2019administration fiscale ont des cons\u00e9quences sur le r\u00e9sultat \u00e9conomique de l\u2019entreprise. Elles modifient \u00e9galement les relations entre les salari\u00e9s dans l\u2019entreprise (m\u00e8re et\/ou la filiale).\r\n\r\n<span style=\"font-size: 16px;\">\u00a0<\/span>\r\n\r\n<span style=\"font-size: 16px;\">Vous serez \u00e9galement int\u00e9ress\u00e9 par :<\/span>\r\n<ul>\r\n \t<li><strong><a href=\"https:\/\/nimeurope.com\/en\/gerer-situation-de-crise-entreprise\/\" target=\"_blank\" rel=\"noopener noreferrer\">La gestion d\u2019une situation de crise<\/a><\/strong><\/li>\r\n \t<li><strong><a href=\"https:\/\/nimeurope.com\/en\/optimisation-tresorerie-nim-europe\/\" target=\"_blank\" rel=\"noopener noreferrer\">L\u2019optimisation de la tr\u00e9sorerie<\/a><\/strong><\/li>\r\n \t<li><strong><a href=\"https:\/\/nimeurope.com\/en\/climat-social-tendu-nim-europe\/\" target=\"_blank\" rel=\"noopener noreferrer\">Faire face \u00e0 un climat social tendu<\/a><\/strong><\/li>\r\n \t<li><strong><a href=\"https:\/\/nimeurope.com\/en\/reorganisation-interne-management-de-transition-nim-europe\/\" target=\"_blank\" rel=\"noopener noreferrer\">Mettre en place une r\u00e9organisation en interne<\/a><\/strong><\/li>\r\n \t<li><strong><a href=\"https:\/\/nimeurope.com\/en\/leviers-de-croissance-management-de-transition-nim-europe\/\" target=\"_blank\" rel=\"noopener noreferrer\">Identifier de nouveaux leviers de croissance<\/a><\/strong><\/li>\r\n<\/ul>\t\t\t\t\t\t\t\t<\/div>\n\t\t\t\t<\/div>\n\t\t\t\t\t<\/div>\n\t\t<\/div>\n\t\t\t\t\t<\/div>\n\t\t<\/section>\n\t\t\t\t<section class=\"elementor-section elementor-top-section elementor-element elementor-element-1883e450 elementor-section-boxed elementor-section-height-default elementor-section-height-default\" data-id=\"1883e450\" data-element_type=\"section\">\n\t\t\t\t\t\t<div class=\"elementor-container elementor-column-gap-default\">\n\t\t\t\t\t<div class=\"elementor-column elementor-col-50 elementor-top-column elementor-element elementor-element-779b088\" data-id=\"779b088\" data-element_type=\"column\" data-settings=\"{&quot;background_background&quot;:&quot;classic&quot;}\">\n\t\t\t<div class=\"elementor-widget-wrap elementor-element-populated\">\n\t\t\t\t\t\t<div class=\"elementor-element elementor-element-4ac96434 elementor-widget elementor-widget-heading\" data-id=\"4ac96434\" data-element_type=\"widget\" data-widget_type=\"heading.default\">\n\t\t\t\t<div class=\"elementor-widget-container\">\n\t\t\t\t\t<span class=\"elementor-heading-title elementor-size-default\"> Are you looking for an executive interim manager?<\/span>\t\t\t\t<\/div>\n\t\t\t\t<\/div>\n\t\t\t\t<div class=\"elementor-element elementor-element-3325dfc4 bullet-arrow-2 elementor-widget elementor-widget-text-editor\" data-id=\"3325dfc4\" data-element_type=\"widget\" data-widget_type=\"text-editor.default\">\n\t\t\t\t<div class=\"elementor-widget-container\">\n\t\t\t\t\t\t\t\t\t<ul class=\"bullet-arrow black\">\n<li><a href=\"tel:+33146248571\">+33 1 46 24 85 71<\/a><\/li>\n<li><a href=\"mailto:mail@nimeurope.com\">mail@nimeurope.com<\/a><\/li>\n<li><a href=\"https:\/\/nimeurope.com\/en\/contact\/\" target=\"_blank\" rel=\"noopener noreferrer\">contact us<\/a><\/li>\n<\/ul>\n\t\t\t\t\t\t\t\t<\/div>\n\t\t\t\t<\/div>\n\t\t\t\t\t<\/div>\n\t\t<\/div>\n\t\t\t\t<div class=\"elementor-column elementor-col-50 elementor-top-column elementor-element elementor-element-23c992b3\" data-id=\"23c992b3\" data-element_type=\"column\" data-settings=\"{&quot;background_background&quot;:&quot;classic&quot;}\">\n\t\t\t<div class=\"elementor-widget-wrap elementor-element-populated\">\n\t\t\t\t\t\t<div class=\"elementor-element elementor-element-54d3c0a2 elementor-widget elementor-widget-heading\" data-id=\"54d3c0a2\" data-element_type=\"widget\" data-widget_type=\"heading.default\">\n\t\t\t\t<div class=\"elementor-widget-container\">\n\t\t\t\t\t<span class=\"elementor-heading-title elementor-size-default\"><span class=\"\" style=\"font-size: 16px;font-weight: 600;font-family: Poppins, sans-serif;font-style: normal\">Become one of our executive interim managers&nbsp;?<\/span><\/span>\t\t\t\t<\/div>\n\t\t\t\t<\/div>\n\t\t\t\t<div class=\"elementor-element elementor-element-697a8dba cta elementor-widget elementor-widget-text-editor\" data-id=\"697a8dba\" data-element_type=\"widget\" data-widget_type=\"text-editor.default\">\n\t\t\t\t<div class=\"elementor-widget-container\">\n\t\t\t\t\t\t\t\t\t<p><a href=\"https:\/\/nimeurope.com\/en\/deposer-votre-cv\/\">Submit your CV<\/a><\/p>\n\t\t\t\t\t\t\t\t<\/div>\n\t\t\t\t<\/div>\n\t\t\t\t\t<\/div>\n\t\t<\/div>\n\t\t\t\t\t<\/div>\n\t\t<\/section>\n\t\t\t\t<section class=\"elementor-section elementor-top-section elementor-element elementor-element-6ead48d9 elementor-section-boxed elementor-section-height-default elementor-section-height-default\" data-id=\"6ead48d9\" data-element_type=\"section\">\n\t\t\t\t\t\t<div class=\"elementor-container elementor-column-gap-default\">\n\t\t\t\t\t<div class=\"elementor-column elementor-col-100 elementor-top-column elementor-element elementor-element-6eae444\" data-id=\"6eae444\" data-element_type=\"column\">\n\t\t\t<div class=\"elementor-widget-wrap elementor-element-populated\">\n\t\t\t\t\t\t<div class=\"elementor-element elementor-element-1a5ca78d elementor-widget elementor-widget-spacer\" data-id=\"1a5ca78d\" data-element_type=\"widget\" data-widget_type=\"spacer.default\">\n\t\t\t\t<div class=\"elementor-widget-container\">\n\t\t\t\t\t\t\t<div class=\"elementor-spacer\">\n\t\t\t<div class=\"elementor-spacer-inner\"><\/div>\n\t\t<\/div>\n\t\t\t\t\t\t<\/div>\n\t\t\t\t<\/div>\n\t\t\t\t\t<\/div>\n\t\t<\/div>\n\t\t\t\t\t<\/div>\n\t\t<\/section>\n\t\t\t\t<\/div>\n\t\t","protected":false},"excerpt":{"rendered":"<p>(Fran\u00e7ais)\u00a0Le redressement ou retournement d\u2019une filiale | NIM Europe S\u00e9lectionn\u00e9 selon ses comp\u00e9tences techniques et son exp\u00e9rience par notre cabinet,\u00a0le manager de transition est op\u00e9rationnel\u00a0dans votre entreprise dans les plus brefs d\u00e9lais. Professionnel externe \u00e0 votre soci\u00e9t\u00e9, il est qualifi\u00e9 pour conduire le retournement ou redressement de votre filiale de mani\u00e8re rigoureuse et sereine gr\u00e2ce [&hellip;]<\/p>\n","protected":false},"author":13,"featured_media":0,"parent":0,"menu_order":0,"comment_status":"closed","ping_status":"closed","template":"","meta":{"footnotes":""},"class_list":["post-18883","page","type-page","status-publish","hentry","entry"],"yoast_head":"<!-- This site is optimized with the Yoast SEO plugin v26.8 - https:\/\/yoast.com\/product\/yoast-seo-wordpress\/ -->\n<title>(Fran\u00e7ais) Le redressement ou retournement d\u2019une filiale | NIM Europe - NIM Europe<\/title>\n<meta name=\"description\" content=\"En cas de difficult\u00e9s financi\u00e8res, les cons\u00e9quences pour une entreprise ou une de ses filiales peuvent \u00eatre lourdes : redressement fiscal, filiale fran\u00e7aise plac\u00e9e en redressement judiciaire par le tribunal de commerce\u2026 Face \u00e0 ce type de situation, le management de transition est la solution id\u00e9ale\" \/>\n<meta name=\"robots\" content=\"index, follow, max-snippet:-1, max-image-preview:large, max-video-preview:-1\" \/>\n<link rel=\"canonical\" href=\"https:\/\/nimeurope.com\/en\/redressement-retournement-filiale-nim-europe\/\" \/>\n<meta property=\"og:locale\" content=\"en_US\" \/>\n<meta property=\"og:type\" content=\"article\" \/>\n<meta property=\"og:title\" content=\"(Fran\u00e7ais) Le redressement ou retournement d\u2019une filiale | NIM Europe - NIM Europe\" \/>\n<meta property=\"og:description\" content=\"En cas de difficult\u00e9s financi\u00e8res, les cons\u00e9quences pour une entreprise ou une de ses filiales peuvent \u00eatre lourdes : redressement fiscal, filiale fran\u00e7aise plac\u00e9e en redressement judiciaire par le tribunal de commerce\u2026 Face \u00e0 ce type de situation, le management de transition est la solution id\u00e9ale\" \/>\n<meta property=\"og:url\" content=\"https:\/\/nimeurope.com\/en\/redressement-retournement-filiale-nim-europe\/\" \/>\n<meta property=\"og:site_name\" content=\"NIM Europe\" \/>\n<meta property=\"article:modified_time\" content=\"2024-06-21T09:31:58+00:00\" \/>\n<meta property=\"og:image\" content=\"https:\/\/nimeurope.com\/wp-content\/uploads\/2019\/05\/nim_logo_m-min.jpg\" \/>\n\t<meta property=\"og:image:width\" content=\"600\" \/>\n\t<meta property=\"og:image:height\" content=\"300\" \/>\n\t<meta property=\"og:image:type\" content=\"image\/jpeg\" \/>\n<meta name=\"twitter:label1\" content=\"Est. reading time\" \/>\n\t<meta name=\"twitter:data1\" content=\"3 minutes\" \/>\n<script type=\"application\/ld+json\" class=\"yoast-schema-graph\">{\"@context\":\"https:\/\/schema.org\",\"@graph\":[{\"@type\":\"WebPage\",\"@id\":\"https:\/\/nimeurope.com\/en\/redressement-retournement-filiale-nim-europe\/\",\"url\":\"https:\/\/nimeurope.com\/en\/redressement-retournement-filiale-nim-europe\/\",\"name\":\"(Fran\u00e7ais) Le redressement ou retournement d\u2019une filiale | NIM Europe - NIM Europe\",\"isPartOf\":{\"@id\":\"https:\/\/nimeurope.com\/en\/#website\"},\"datePublished\":\"2020-09-18T14:55:07+00:00\",\"dateModified\":\"2024-06-21T09:31:58+00:00\",\"description\":\"En cas de difficult\u00e9s financi\u00e8res, les cons\u00e9quences pour une entreprise ou une de ses filiales peuvent \u00eatre lourdes : redressement fiscal, filiale fran\u00e7aise plac\u00e9e en redressement judiciaire par le tribunal de commerce\u2026 Face \u00e0 ce type de situation, le management de transition est la solution id\u00e9ale\",\"breadcrumb\":{\"@id\":\"https:\/\/nimeurope.com\/en\/redressement-retournement-filiale-nim-europe\/#breadcrumb\"},\"inLanguage\":\"en-US\",\"potentialAction\":[{\"@type\":\"ReadAction\",\"target\":[\"https:\/\/nimeurope.com\/en\/redressement-retournement-filiale-nim-europe\/\"]}]},{\"@type\":\"BreadcrumbList\",\"@id\":\"https:\/\/nimeurope.com\/en\/redressement-retournement-filiale-nim-europe\/#breadcrumb\",\"itemListElement\":[{\"@type\":\"ListItem\",\"position\":1,\"name\":\"Home\",\"item\":\"https:\/\/nimeurope.com\/en\/home\/\"},{\"@type\":\"ListItem\",\"position\":2,\"name\":\"(Fran\u00e7ais) Le redressement ou retournement d\u2019une filiale | NIM Europe\"}]},{\"@type\":\"WebSite\",\"@id\":\"https:\/\/nimeurope.com\/en\/#website\",\"url\":\"https:\/\/nimeurope.com\/en\/\",\"name\":\"NIM Europe\",\"description\":\"Nimeurope\",\"potentialAction\":[{\"@type\":\"SearchAction\",\"target\":{\"@type\":\"EntryPoint\",\"urlTemplate\":\"https:\/\/nimeurope.com\/en\/?s={search_term_string}\"},\"query-input\":{\"@type\":\"PropertyValueSpecification\",\"valueRequired\":true,\"valueName\":\"search_term_string\"}}],\"inLanguage\":\"en-US\"}]}<\/script>\n<!-- \/ Yoast SEO plugin. -->","yoast_head_json":{"title":"(Fran\u00e7ais) Le redressement ou retournement d\u2019une filiale | NIM Europe - NIM Europe","description":"En cas de difficult\u00e9s financi\u00e8res, les cons\u00e9quences pour une entreprise ou une de ses filiales peuvent \u00eatre lourdes : redressement fiscal, filiale fran\u00e7aise plac\u00e9e en redressement judiciaire par le tribunal de commerce\u2026 Face \u00e0 ce type de situation, le management de transition est la solution id\u00e9ale","robots":{"index":"index","follow":"follow","max-snippet":"max-snippet:-1","max-image-preview":"max-image-preview:large","max-video-preview":"max-video-preview:-1"},"canonical":"https:\/\/nimeurope.com\/en\/redressement-retournement-filiale-nim-europe\/","og_locale":"en_US","og_type":"article","og_title":"(Fran\u00e7ais) Le redressement ou retournement d\u2019une filiale | NIM Europe - NIM Europe","og_description":"En cas de difficult\u00e9s financi\u00e8res, les cons\u00e9quences pour une entreprise ou une de ses filiales peuvent \u00eatre lourdes : redressement fiscal, filiale fran\u00e7aise plac\u00e9e en redressement judiciaire par le tribunal de commerce\u2026 Face \u00e0 ce type de situation, le management de transition est la solution id\u00e9ale","og_url":"https:\/\/nimeurope.com\/en\/redressement-retournement-filiale-nim-europe\/","og_site_name":"NIM Europe","article_modified_time":"2024-06-21T09:31:58+00:00","og_image":[{"width":600,"height":300,"url":"https:\/\/nimeurope.com\/wp-content\/uploads\/2019\/05\/nim_logo_m-min.jpg","type":"image\/jpeg"}],"twitter_misc":{"Est. reading time":"3 minutes"},"schema":{"@context":"https:\/\/schema.org","@graph":[{"@type":"WebPage","@id":"https:\/\/nimeurope.com\/en\/redressement-retournement-filiale-nim-europe\/","url":"https:\/\/nimeurope.com\/en\/redressement-retournement-filiale-nim-europe\/","name":"(Fran\u00e7ais) Le redressement ou retournement d\u2019une filiale | NIM Europe - NIM Europe","isPartOf":{"@id":"https:\/\/nimeurope.com\/en\/#website"},"datePublished":"2020-09-18T14:55:07+00:00","dateModified":"2024-06-21T09:31:58+00:00","description":"En cas de difficult\u00e9s financi\u00e8res, les cons\u00e9quences pour une entreprise ou une de ses filiales peuvent \u00eatre lourdes : redressement fiscal, filiale fran\u00e7aise plac\u00e9e en redressement judiciaire par le tribunal de commerce\u2026 Face \u00e0 ce type de situation, le management de transition est la solution id\u00e9ale","breadcrumb":{"@id":"https:\/\/nimeurope.com\/en\/redressement-retournement-filiale-nim-europe\/#breadcrumb"},"inLanguage":"en-US","potentialAction":[{"@type":"ReadAction","target":["https:\/\/nimeurope.com\/en\/redressement-retournement-filiale-nim-europe\/"]}]},{"@type":"BreadcrumbList","@id":"https:\/\/nimeurope.com\/en\/redressement-retournement-filiale-nim-europe\/#breadcrumb","itemListElement":[{"@type":"ListItem","position":1,"name":"Home","item":"https:\/\/nimeurope.com\/en\/home\/"},{"@type":"ListItem","position":2,"name":"(Fran\u00e7ais) Le redressement ou retournement d\u2019une filiale | NIM Europe"}]},{"@type":"WebSite","@id":"https:\/\/nimeurope.com\/en\/#website","url":"https:\/\/nimeurope.com\/en\/","name":"NIM Europe","description":"Nimeurope","potentialAction":[{"@type":"SearchAction","target":{"@type":"EntryPoint","urlTemplate":"https:\/\/nimeurope.com\/en\/?s={search_term_string}"},"query-input":{"@type":"PropertyValueSpecification","valueRequired":true,"valueName":"search_term_string"}}],"inLanguage":"en-US"}]}},"_links":{"self":[{"href":"https:\/\/nimeurope.com\/en\/wp-json\/wp\/v2\/pages\/18883","targetHints":{"allow":["GET"]}}],"collection":[{"href":"https:\/\/nimeurope.com\/en\/wp-json\/wp\/v2\/pages"}],"about":[{"href":"https:\/\/nimeurope.com\/en\/wp-json\/wp\/v2\/types\/page"}],"author":[{"embeddable":true,"href":"https:\/\/nimeurope.com\/en\/wp-json\/wp\/v2\/users\/13"}],"replies":[{"embeddable":true,"href":"https:\/\/nimeurope.com\/en\/wp-json\/wp\/v2\/comments?post=18883"}],"version-history":[{"count":0,"href":"https:\/\/nimeurope.com\/en\/wp-json\/wp\/v2\/pages\/18883\/revisions"}],"wp:attachment":[{"href":"https:\/\/nimeurope.com\/en\/wp-json\/wp\/v2\/media?parent=18883"}],"curies":[{"name":"wp","href":"https:\/\/api.w.org\/{rel}","templated":true}]}}