{"id":18876,"date":"2020-05-22T15:51:03","date_gmt":"2020-05-22T14:51:03","guid":{"rendered":"https:\/\/nim.yupeek.com\/production-industrie-supply-chain-nim-europe\/"},"modified":"2024-06-21T09:59:11","modified_gmt":"2024-06-21T08:59:11","slug":"production-industrie-supply-chain-nim-europe","status":"publish","type":"page","link":"https:\/\/nimeurope.com\/en\/production-industrie-supply-chain-nim-europe\/","title":{"rendered":"(Fran\u00e7ais) Direction production &#8211; Op\u00e9rations &#8211; Supply chain NIM Europe"},"content":{"rendered":"\t\t<div data-elementor-type=\"wp-page\" data-elementor-id=\"18876\" class=\"elementor elementor-18876 elementor-2432\" data-elementor-post-type=\"page\">\n\t\t\t\t\t\t<section class=\"elementor-section elementor-top-section elementor-element elementor-element-5068e28 elementor-section-boxed elementor-section-height-default elementor-section-height-default\" data-id=\"5068e28\" data-element_type=\"section\">\n\t\t\t\t\t\t<div class=\"elementor-container elementor-column-gap-default\">\n\t\t\t\t\t<div class=\"elementor-column elementor-col-100 elementor-top-column elementor-element elementor-element-7c4d5659\" data-id=\"7c4d5659\" data-element_type=\"column\">\n\t\t\t<div class=\"elementor-widget-wrap elementor-element-populated\">\n\t\t\t\t\t\t<div class=\"elementor-element elementor-element-2404ed33 elementor-widget elementor-widget-text-editor\" data-id=\"2404ed33\" data-element_type=\"widget\" data-widget_type=\"text-editor.default\">\n\t\t\t\t<div class=\"elementor-widget-container\">\n\t\t\t\t\t\t\t\t\t<h1>Direction production \u2013 Op\u00e9rations \u2013 Supply chain NIM Europe<\/h1>\n\t\t\t\t\t\t\t\t<\/div>\n\t\t\t\t<\/div>\n\t\t\t\t\t<\/div>\n\t\t<\/div>\n\t\t\t\t\t<\/div>\n\t\t<\/section>\n\t\t\t\t<section class=\"elementor-section elementor-top-section elementor-element elementor-element-7ce7670 elementor-section-boxed elementor-section-height-default elementor-section-height-default\" data-id=\"7ce7670\" data-element_type=\"section\">\n\t\t\t\t\t\t<div class=\"elementor-container elementor-column-gap-default\">\n\t\t\t\t\t<div class=\"elementor-column elementor-col-50 elementor-top-column elementor-element elementor-element-2adfc8a6\" data-id=\"2adfc8a6\" data-element_type=\"column\" data-settings=\"{&quot;background_background&quot;:&quot;classic&quot;}\">\n\t\t\t<div class=\"elementor-widget-wrap elementor-element-populated\">\n\t\t\t\t\t\t<div class=\"elementor-element elementor-element-2b7a8218 elementor-widget elementor-widget-heading\" data-id=\"2b7a8218\" data-element_type=\"widget\" data-widget_type=\"heading.default\">\n\t\t\t\t<div class=\"elementor-widget-container\">\n\t\t\t\t\t<span class=\"elementor-heading-title elementor-size-default\">Are you looking for an executive interim manager?<\/span>\t\t\t\t<\/div>\n\t\t\t\t<\/div>\n\t\t\t\t<div class=\"elementor-element elementor-element-2be880df bullet-arrow-2 elementor-widget elementor-widget-text-editor\" data-id=\"2be880df\" data-element_type=\"widget\" data-widget_type=\"text-editor.default\">\n\t\t\t\t<div class=\"elementor-widget-container\">\n\t\t\t\t\t\t\t\t\t<ul class=\"bullet-arrow black\">\n<li><a href=\"tel:+33146248571\" data-mce-href=\"tel:+33146248571\">+33 1 46 24 85 71<\/a><\/li>\n<li><a href=\"mailto:mail@nimeurope.com\" data-mce-href=\"mailto:mail@nimeurope.com\">mail@nimeurope.com<\/a><\/li>\n<li><a href=\"\/?page_id=19028\" target=\"_blank\" rel=\"noopener noreferrer\" data-mce-href=\"https:\/\/nimeurope.com\/en\/contact\/\">contact us<\/a><\/li>\n<\/ul>\n\t\t\t\t\t\t\t\t<\/div>\n\t\t\t\t<\/div>\n\t\t\t\t\t<\/div>\n\t\t<\/div>\n\t\t\t\t<div class=\"elementor-column elementor-col-50 elementor-top-column elementor-element elementor-element-3adb722a\" data-id=\"3adb722a\" data-element_type=\"column\" data-settings=\"{&quot;background_background&quot;:&quot;classic&quot;}\">\n\t\t\t<div class=\"elementor-widget-wrap elementor-element-populated\">\n\t\t\t\t\t\t<div class=\"elementor-element elementor-element-5fe83e7e elementor-widget elementor-widget-heading\" data-id=\"5fe83e7e\" data-element_type=\"widget\" data-widget_type=\"heading.default\">\n\t\t\t\t<div class=\"elementor-widget-container\">\n\t\t\t\t\t<span class=\"elementor-heading-title elementor-size-default\"><span class=\"\" style=\"font-size: 16px;font-weight: 600;font-family: Poppins, sans-serif;font-style: normal\">Become one of our executive interim managers&nbsp;?<\/span><\/span>\t\t\t\t<\/div>\n\t\t\t\t<\/div>\n\t\t\t\t<div class=\"elementor-element elementor-element-7e5b5efa cta elementor-widget elementor-widget-text-editor\" data-id=\"7e5b5efa\" data-element_type=\"widget\" data-widget_type=\"text-editor.default\">\n\t\t\t\t<div class=\"elementor-widget-container\">\n\t\t\t\t\t\t\t\t\t<p><a href=\"https:\/\/nimeurope.com\/en\/deposer-votre-cv\/\">Submit your CV<\/a>\u00a0<\/p>\n\t\t\t\t\t\t\t\t<\/div>\n\t\t\t\t<\/div>\n\t\t\t\t\t<\/div>\n\t\t<\/div>\n\t\t\t\t\t<\/div>\n\t\t<\/section>\n\t\t\t\t<section class=\"elementor-section elementor-top-section elementor-element elementor-element-136be298 elementor-section-boxed elementor-section-height-default elementor-section-height-default\" data-id=\"136be298\" data-element_type=\"section\">\n\t\t\t\t\t\t<div class=\"elementor-container elementor-column-gap-default\">\n\t\t\t\t\t<div class=\"elementor-column elementor-col-100 elementor-top-column elementor-element elementor-element-3e57a12c\" data-id=\"3e57a12c\" data-element_type=\"column\">\n\t\t\t<div class=\"elementor-widget-wrap elementor-element-populated\">\n\t\t\t\t\t\t<div class=\"elementor-element elementor-element-21985a1a elementor-widget elementor-widget-text-editor\" data-id=\"21985a1a\" data-element_type=\"widget\" data-widget_type=\"text-editor.default\">\n\t\t\t\t<div class=\"elementor-widget-container\">\n\t\t\t\t\t\t\t\t\t<h2>MANAGER DE TRANSITION DANS L\u2019INDUSTRIE<\/h2>\n<p>L\u2019industrie repr\u00e9sente plus de 50% de l\u2019activit\u00e9 des soci\u00e9t\u00e9s de management de transition fran\u00e7aises \u00ab chiffres de France Transition 2019 \u00bb, chez NIM Europe elle repr\u00e9sentait plus de 60% des missions. Les interventions pour et sur les sites industriels sont donc une de nos sp\u00e9cialit\u00e9s. Pour repenser la strat\u00e9gie industrielle d\u2019un client nous avons recours \u00e0 des\u00a0<strong><a href=\"https:\/\/nimeurope.com\/en\/devenir-manager-de-transition-chez-nim-europe\/\" target=\"_blank\" rel=\"noopener noreferrer\">managers de transition<\/a><\/strong>\u00a0<strong><a href=\"https:\/\/nimeurope.com\/en\/directeur-industriel-nim-europe\/\" target=\"_blank\" rel=\"noopener noreferrer\">directeur industriel<\/a><\/strong>, pour am\u00e9liorer la qualit\u00e9 des productions et des process \u00e0 des\u00a0<a href=\"https:\/\/nimeurope.com\/en\/directeur-site-nim-europe\/\" target=\"_blank\" rel=\"noopener noreferrer\"><strong>directeurs des op\u00e9rations<\/strong><\/a>\u00a0de transition. Enfin pour am\u00e9liorer la rentabilit\u00e9 d\u2019une fabrication et fluidifier les productions, les stocks et la logistique nous avons recours \u00e0 des\u00a0<a href=\"https:\/\/nimeurope.com\/en\/directeur-supply-chain-nim-europe-2\/\" target=\"_blank\" rel=\"noopener noreferrer\"><strong>directeurs de la supply chain<\/strong><\/a>\u00a0de transition. Enfin, les\u00a0<a href=\"\/directeur-achats-nim-europe\/\"><strong>directeurs des achats<\/strong><\/a>\u00a0de transition sont parfois indispensables pour franchir des gap de croissance.<\/p>\n<h2>LE R\u00d4LE D\u2019UN MANAGER DE TRANSITION DANS L\u2019INDUSTRIE<\/h2>\n<p>Le manager de transition dans l\u2019industrie r\u00e9pond \u00e0 une grande diversit\u00e9 de besoins et de situations. Il peut redynamiser une production qui rencontre des probl\u00e8mes de rentabilit\u00e9 ou de respect des d\u00e9lais. Il peut apporter son concours \u00e0 un directeur de site ou un DG qui souhaite mettre sa production en conformit\u00e9 avec les normes de son activit\u00e9, qu\u2019elles soient sanitaires, de qualit\u00e9 industrielle, li\u00e9es \u00e0 l\u2019environnement ou aux normes de la construction dans les travaux publics\u2026 Il peut aussi initier et accompagner la mise en \u0153uvre d\u2019une nouvelle production ou d\u2019un nouveau site. Enfin une des missions courantes du manager de transition est tout simplement de remettre de l\u2019ordre dans une organisation en mal de process, de r\u00e8gles et de gestion de l\u2019affectation optimale des effectifs. En aval de la production, la logistique, le stockage, le transport sont aussi des sujets fortement en tension qui n\u00e9cessitent une maitrise rigoureuse des process en accord avec la cha\u00eene de production. La fonction exacte et la nomination du m\u00e9tier de ce manager de transition a d\u2019ailleurs peu d\u2019importance. Il s\u2019av\u00e8re souvent qu\u2019apr\u00e8s le constat initial la r\u00e9alit\u00e9 du besoin du client \u00e9volue pour concerner plusieurs m\u00e9tiers. Le manager de transition n\u2019\u00e9tant pas un salari\u00e9 qui doit entrer dans une classification li\u00e9e \u00e0 une comp\u00e9tence et un niveau de salaire ou un r\u00f4le hi\u00e9rarchique, il jouit de la grande libert\u00e9 que lui donne son r\u00f4le.<\/p>\n<h2>LES QUALIT\u00c9S D\u2019UN BON MANAGER DE TRANSITION DANS L\u2019INDUSTRIE<\/h2>\n<p>Qu\u2019il s\u2019agisse de lancer un projet, de r\u00e9tablir une situation d\u00e9grad\u00e9e ou de remplacer un dirigeant emp\u00each\u00e9 au pied lev\u00e9, les qualit\u00e9s n\u00e9cessaires au manager de transition sont les m\u00eames. Il doit tr\u00e8s vite comprendre la situation voire r\u00e9aliser un audit complet \u00e0 la demande du client. Pour r\u00e9ussir dans cette phase, il doit \u00eatre ouvert, \u00e0 l\u2019\u00e9coute et faire preuve d\u2019humilit\u00e9. Rien n\u2019est pire que quelqu\u2019un qui donne le sentiment de tout savoir dans une situation qui est, par d\u00e9finition, complexe. Il doit ensuite \u00eatre op\u00e9rationnel \u00ab hands-on \u00bb comme disent nos coll\u00e8gues anglophones. L\u2019expression est imag\u00e9e mais elle correspond bien au vocable \u00ab les mains dans le cambouis \u00bb. Dans l\u2019environnement industriel, un manager s\u2019impose souvent en montrant qu\u2019il sait \u00ab faire \u00bb. Le manager de transition doit \u00eatre comme son appellation l\u2019indique, un manager qui sait mobiliser, engager et transmettre, le besoin \u00e9tant souvent li\u00e9 \u00e0 un d\u00e9faut de formation des collaborateurs, d\u2019explication ou de motivation. Il va donc devoir les convaincre de l\u2019utilit\u00e9 des process, et valider qu\u2019ils les ont acquis. A la fin de sa mission, il devra par ailleurs transmettre les \u00e9l\u00e9ments n\u00e9cessaires \u00e0 la poursuite du projet, \u00e0 celui ou celle qui lui succ\u00e8dera. Il doit souvent s\u2019int\u00e9grer dans une soci\u00e9t\u00e9 d\u2019origine ou de culture \u00e9trang\u00e8re, la ma\u00eetrise de l\u2019anglais est une n\u00e9cessit\u00e9 sur de nombreux sites en France, car le management direct du dirigeant de transition peut \u00eatre \u00e9tranger ou \u00e0 l\u2019\u00e9tranger. Les normes appliqu\u00e9es sont \u00e9galement internationales car elles sont partag\u00e9es par l\u2019ensemble des productions internationalis\u00e9es qui concourent \u00e0 la fabrication d\u2019ensembles industriels. La sous-traitance automobile c\u2019est souvent 35\/45 sites industriels partout dans le monde pour produire un seul v\u00e9hicule. Enfin il doit se souvenir qu\u2019il est de passage, \u00e9viter les conflits politiques qui minent souvent les organisations. Son sujet n\u2019est pas d\u2019\u00eatre recrut\u00e9 \u00e0 l\u2019issue de la mission, mais de mener \u00e0 bien ce pour quoi on l\u2019a missionn\u00e9. Cette absence d\u2019objectif pour son avenir dans la structure est un gage de libert\u00e9, de recul et de capacit\u00e9 \u00e0 \u00eatre une force de proposition pour la hi\u00e9rarchie. C\u2019est pour leur succ\u00e8s que pr\u00e8s de 30% de nos managers ont \u00e9t\u00e9 recrut\u00e9s \u00e0 l\u2019issue de leur mission en 2019 pas parce qu\u2019ils avaient comme objectif de se faire recruter.<\/p>\n<h2>NIM EUROPE CHAMPION DANS L\u2019INDUSTRIE<\/h2>\n<p>C\u2019est pourquoi nous r\u00e9alisons entre 50 et 70 de ces missions chaque ann\u00e9e. Nous prouvons ainsi chaque jour que le\u00a0<a href=\"https:\/\/nimeurope.com\/en\/management-de-transition-connaitre\/\" target=\"_blank\" rel=\"noopener noreferrer\"><strong>management de transition<\/strong><\/a>, c\u2019est \u00e0 dire recourir \u00e0 une comp\u00e9tence op\u00e9rationnelle non p\u00e9renne est une excellente solution. Que ce soit dans des situations de transformation, de relance, ou seulement d\u2019incapacit\u00e9 temporaire d\u2019un dirigeant \u00e0 mener \u00e0 bien une mission prioritaire et souvent vitale pour une organisation industrielle. Qu\u2019il s\u2019agisse d\u2019industrie lourde, d\u2019agroalimentaire, de pharmacie, de fabrication en grande s\u00e9rie, de fonderie ou de transformation de m\u00e9taux, de verre, de tissage, de mat\u00e9riaux de construction\u2026 tous les secteurs industriels sont concern\u00e9s en France ou dans le monde.<\/p>\n<h2>QUELQUES MISSIONS R\u00c9ALIS\u00c9ES DANS L\u2019INDUSTRIE :<\/h2>\n<ul>\n<li><strong><a href=\"https:\/\/nimeurope.com\/en\/directeur-site-industriel-siderurgie\/\" target=\"_blank\" rel=\"noopener noreferrer\">Directeur Industriel dans la sid\u00e9rurgie<\/a><\/strong><\/li>\n<li><strong><a href=\"https:\/\/nimeurope.com\/en\/directeur-industriel-en-ukraine\/\" target=\"_blank\" rel=\"noopener noreferrer\">Directeur industriel en Ukraine<\/a><\/strong><\/li>\n<li><strong><a href=\"https:\/\/nimeurope.com\/en\/directeur-dusine-fabrication-laitages\/\" target=\"_blank\" rel=\"noopener noreferrer\">Directeur supply chain agro alimentaire<\/a><\/strong><\/li>\n<li><strong><a href=\"https:\/\/nimeurope.com\/en\/directeur-site-recrute-en-4-jours-lindustrie-plasturgie\/\" target=\"_blank\" rel=\"noopener noreferrer\">Directeur des op\u00e9rations dans la plasturgie<\/a><\/strong><\/li>\n<li><strong><a href=\"https:\/\/nimeurope.com\/missions\/\" target=\"_blank\" rel=\"noopener noreferrer\">Voir toutes les missions<\/a><\/strong><\/li>\n<\/ul>\n<p>D\u00e9couvrez les diff\u00e9rentes fonctions de Manager de Transition :<\/p>\n<ul>\n<li><strong><a href=\"https:\/\/nimeurope.com\/en\/directeur-general-transition\/\" target=\"_blank\" rel=\"noopener noreferrer\">DG de transition<\/a><\/strong><\/li>\n<li><strong><a href=\"https:\/\/nimeurope.com\/en\/directeur-financier-transition-nim-europe\/\" target=\"_blank\" rel=\"noopener noreferrer\">DAF de transition<\/a><\/strong><\/li>\n<li><strong><a href=\"https:\/\/nimeurope.com\/en\/production-industrie-supply-chain-nim-europe\/\" target=\"_blank\" rel=\"noopener noreferrer\">Direction Production, Op\u00e9rations, Supply-chain<\/a><\/strong><\/li>\n<li><strong><a href=\"https:\/\/nimeurope.com\/en\/drh-transition-nim-europe\/\" target=\"_blank\" rel=\"noopener noreferrer\">DRH de transition<\/a><\/strong><\/li>\n<li><strong><a href=\"\/directeur-marketing-commercial-nim-europe\/\" target=\"_blank\" rel=\"noopener noreferrer\">Direction Marketing et Commerciale<\/a><\/strong><\/li>\n<li><strong><a href=\"https:\/\/nimeurope.com\/en\/dsi-de-transition-nim-europe\/\" target=\"_blank\" rel=\"noopener noreferrer\">DSI de transition<\/a><\/strong><\/li>\n<li><a href=\"https:\/\/nimeurope.com\/en\/directeur-expert-transition-nim-europe\/\" target=\"_blank\" rel=\"noopener noreferrer\"><strong>Directions Expertes<\/strong><\/a><\/li>\n<\/ul>\n\t\t\t\t\t\t\t\t<\/div>\n\t\t\t\t<\/div>\n\t\t\t\t\t<\/div>\n\t\t<\/div>\n\t\t\t\t\t<\/div>\n\t\t<\/section>\n\t\t\t\t<section class=\"elementor-section elementor-top-section elementor-element elementor-element-66b03f0a elementor-section-boxed elementor-section-height-default elementor-section-height-default\" data-id=\"66b03f0a\" data-element_type=\"section\">\n\t\t\t\t\t\t<div class=\"elementor-container elementor-column-gap-default\">\n\t\t\t\t\t<div class=\"elementor-column elementor-col-100 elementor-top-column elementor-element elementor-element-6ab5f781\" data-id=\"6ab5f781\" data-element_type=\"column\">\n\t\t\t<div class=\"elementor-widget-wrap elementor-element-populated\">\n\t\t\t\t\t\t<div class=\"elementor-element elementor-element-38502580 elementor-widget elementor-widget-spacer\" data-id=\"38502580\" data-element_type=\"widget\" data-widget_type=\"spacer.default\">\n\t\t\t\t<div class=\"elementor-widget-container\">\n\t\t\t\t\t\t\t<div class=\"elementor-spacer\">\n\t\t\t<div class=\"elementor-spacer-inner\"><\/div>\n\t\t<\/div>\n\t\t\t\t\t\t<\/div>\n\t\t\t\t<\/div>\n\t\t\t\t\t<\/div>\n\t\t<\/div>\n\t\t\t\t\t<\/div>\n\t\t<\/section>\n\t\t\t\t<\/div>\n\t\t","protected":false},"excerpt":{"rendered":"<p>Direction production \u2013 Op\u00e9rations \u2013 Supply chain NIM Europe Are you looking for an executive interim manager? +33 1 46 24 85 71 mail@nimeurope.com contact us Become one of our executive interim managers&nbsp;? Submit your CV\u00a0 MANAGER DE TRANSITION DANS L\u2019INDUSTRIE L\u2019industrie repr\u00e9sente plus de 50% de l\u2019activit\u00e9 des soci\u00e9t\u00e9s de management de transition fran\u00e7aises [&hellip;]<\/p>\n","protected":false},"author":13,"featured_media":0,"parent":0,"menu_order":0,"comment_status":"closed","ping_status":"closed","template":"","meta":{"footnotes":""},"class_list":["post-18876","page","type-page","status-publish","hentry","entry"],"yoast_head":"<!-- This site is optimized with the Yoast SEO plugin v26.8 - https:\/\/yoast.com\/product\/yoast-seo-wordpress\/ -->\n<title>(Fran\u00e7ais) Direction production - Op\u00e9rations - Supply chain NIM Europe - NIM Europe<\/title>\n<meta name=\"description\" content=\"Vous cherchez un directeur industriel, production, Op\u00e9rations ou Supply chain ? NIM Europe vous met en relation avec un manager de transition pour votre entreprise.\" \/>\n<meta name=\"robots\" content=\"index, follow, max-snippet:-1, max-image-preview:large, max-video-preview:-1\" \/>\n<link rel=\"canonical\" href=\"https:\/\/nimeurope.com\/en\/production-industrie-supply-chain-nim-europe\/\" \/>\n<meta property=\"og:locale\" content=\"en_US\" \/>\n<meta property=\"og:type\" content=\"article\" \/>\n<meta property=\"og:title\" content=\"(Fran\u00e7ais) Direction production - Op\u00e9rations - Supply chain NIM Europe - NIM Europe\" \/>\n<meta property=\"og:description\" content=\"Vous cherchez un directeur industriel, production, Op\u00e9rations ou Supply chain ? NIM Europe vous met en relation avec un manager de transition pour votre entreprise.\" \/>\n<meta property=\"og:url\" content=\"https:\/\/nimeurope.com\/en\/production-industrie-supply-chain-nim-europe\/\" \/>\n<meta property=\"og:site_name\" content=\"NIM Europe\" \/>\n<meta property=\"article:modified_time\" content=\"2024-06-21T08:59:11+00:00\" \/>\n<meta property=\"og:image\" content=\"https:\/\/nimeurope.com\/wp-content\/uploads\/2019\/05\/nim_logo_m-min.jpg\" \/>\n\t<meta property=\"og:image:width\" content=\"600\" \/>\n\t<meta property=\"og:image:height\" content=\"300\" \/>\n\t<meta property=\"og:image:type\" content=\"image\/jpeg\" \/>\n<meta name=\"twitter:label1\" content=\"Est. reading time\" \/>\n\t<meta name=\"twitter:data1\" content=\"5 minutes\" \/>\n<script type=\"application\/ld+json\" class=\"yoast-schema-graph\">{\"@context\":\"https:\/\/schema.org\",\"@graph\":[{\"@type\":\"WebPage\",\"@id\":\"https:\/\/nimeurope.com\/en\/production-industrie-supply-chain-nim-europe\/\",\"url\":\"https:\/\/nimeurope.com\/en\/production-industrie-supply-chain-nim-europe\/\",\"name\":\"(Fran\u00e7ais) Direction production - Op\u00e9rations - Supply chain NIM Europe - NIM Europe\",\"isPartOf\":{\"@id\":\"https:\/\/nimeurope.com\/en\/#website\"},\"datePublished\":\"2020-05-22T14:51:03+00:00\",\"dateModified\":\"2024-06-21T08:59:11+00:00\",\"description\":\"Vous cherchez un directeur industriel, production, Op\u00e9rations ou Supply chain ? NIM Europe vous met en relation avec un manager de transition pour votre entreprise.\",\"breadcrumb\":{\"@id\":\"https:\/\/nimeurope.com\/en\/production-industrie-supply-chain-nim-europe\/#breadcrumb\"},\"inLanguage\":\"en-US\",\"potentialAction\":[{\"@type\":\"ReadAction\",\"target\":[\"https:\/\/nimeurope.com\/en\/production-industrie-supply-chain-nim-europe\/\"]}]},{\"@type\":\"BreadcrumbList\",\"@id\":\"https:\/\/nimeurope.com\/en\/production-industrie-supply-chain-nim-europe\/#breadcrumb\",\"itemListElement\":[{\"@type\":\"ListItem\",\"position\":1,\"name\":\"Home\",\"item\":\"https:\/\/nimeurope.com\/en\/home\/\"},{\"@type\":\"ListItem\",\"position\":2,\"name\":\"(Fran\u00e7ais) Direction production &#8211; Op\u00e9rations &#8211; Supply chain NIM Europe\"}]},{\"@type\":\"WebSite\",\"@id\":\"https:\/\/nimeurope.com\/en\/#website\",\"url\":\"https:\/\/nimeurope.com\/en\/\",\"name\":\"NIM Europe\",\"description\":\"Nimeurope\",\"potentialAction\":[{\"@type\":\"SearchAction\",\"target\":{\"@type\":\"EntryPoint\",\"urlTemplate\":\"https:\/\/nimeurope.com\/en\/?s={search_term_string}\"},\"query-input\":{\"@type\":\"PropertyValueSpecification\",\"valueRequired\":true,\"valueName\":\"search_term_string\"}}],\"inLanguage\":\"en-US\"}]}<\/script>\n<!-- \/ Yoast SEO plugin. -->","yoast_head_json":{"title":"(Fran\u00e7ais) Direction production - Op\u00e9rations - Supply chain NIM Europe - NIM Europe","description":"Vous cherchez un directeur industriel, production, Op\u00e9rations ou Supply chain ? NIM Europe vous met en relation avec un manager de transition pour votre entreprise.","robots":{"index":"index","follow":"follow","max-snippet":"max-snippet:-1","max-image-preview":"max-image-preview:large","max-video-preview":"max-video-preview:-1"},"canonical":"https:\/\/nimeurope.com\/en\/production-industrie-supply-chain-nim-europe\/","og_locale":"en_US","og_type":"article","og_title":"(Fran\u00e7ais) Direction production - Op\u00e9rations - Supply chain NIM Europe - NIM Europe","og_description":"Vous cherchez un directeur industriel, production, Op\u00e9rations ou Supply chain ? NIM Europe vous met en relation avec un manager de transition pour votre entreprise.","og_url":"https:\/\/nimeurope.com\/en\/production-industrie-supply-chain-nim-europe\/","og_site_name":"NIM Europe","article_modified_time":"2024-06-21T08:59:11+00:00","og_image":[{"width":600,"height":300,"url":"https:\/\/nimeurope.com\/wp-content\/uploads\/2019\/05\/nim_logo_m-min.jpg","type":"image\/jpeg"}],"twitter_misc":{"Est. reading time":"5 minutes"},"schema":{"@context":"https:\/\/schema.org","@graph":[{"@type":"WebPage","@id":"https:\/\/nimeurope.com\/en\/production-industrie-supply-chain-nim-europe\/","url":"https:\/\/nimeurope.com\/en\/production-industrie-supply-chain-nim-europe\/","name":"(Fran\u00e7ais) Direction production - Op\u00e9rations - Supply chain NIM Europe - NIM Europe","isPartOf":{"@id":"https:\/\/nimeurope.com\/en\/#website"},"datePublished":"2020-05-22T14:51:03+00:00","dateModified":"2024-06-21T08:59:11+00:00","description":"Vous cherchez un directeur industriel, production, Op\u00e9rations ou Supply chain ? NIM Europe vous met en relation avec un manager de transition pour votre entreprise.","breadcrumb":{"@id":"https:\/\/nimeurope.com\/en\/production-industrie-supply-chain-nim-europe\/#breadcrumb"},"inLanguage":"en-US","potentialAction":[{"@type":"ReadAction","target":["https:\/\/nimeurope.com\/en\/production-industrie-supply-chain-nim-europe\/"]}]},{"@type":"BreadcrumbList","@id":"https:\/\/nimeurope.com\/en\/production-industrie-supply-chain-nim-europe\/#breadcrumb","itemListElement":[{"@type":"ListItem","position":1,"name":"Home","item":"https:\/\/nimeurope.com\/en\/home\/"},{"@type":"ListItem","position":2,"name":"(Fran\u00e7ais) Direction production &#8211; Op\u00e9rations &#8211; Supply chain NIM Europe"}]},{"@type":"WebSite","@id":"https:\/\/nimeurope.com\/en\/#website","url":"https:\/\/nimeurope.com\/en\/","name":"NIM Europe","description":"Nimeurope","potentialAction":[{"@type":"SearchAction","target":{"@type":"EntryPoint","urlTemplate":"https:\/\/nimeurope.com\/en\/?s={search_term_string}"},"query-input":{"@type":"PropertyValueSpecification","valueRequired":true,"valueName":"search_term_string"}}],"inLanguage":"en-US"}]}},"_links":{"self":[{"href":"https:\/\/nimeurope.com\/en\/wp-json\/wp\/v2\/pages\/18876","targetHints":{"allow":["GET"]}}],"collection":[{"href":"https:\/\/nimeurope.com\/en\/wp-json\/wp\/v2\/pages"}],"about":[{"href":"https:\/\/nimeurope.com\/en\/wp-json\/wp\/v2\/types\/page"}],"author":[{"embeddable":true,"href":"https:\/\/nimeurope.com\/en\/wp-json\/wp\/v2\/users\/13"}],"replies":[{"embeddable":true,"href":"https:\/\/nimeurope.com\/en\/wp-json\/wp\/v2\/comments?post=18876"}],"version-history":[{"count":0,"href":"https:\/\/nimeurope.com\/en\/wp-json\/wp\/v2\/pages\/18876\/revisions"}],"wp:attachment":[{"href":"https:\/\/nimeurope.com\/en\/wp-json\/wp\/v2\/media?parent=18876"}],"curies":[{"name":"wp","href":"https:\/\/api.w.org\/{rel}","templated":true}]}}