{"id":18866,"date":"2020-09-18T16:23:34","date_gmt":"2020-09-18T15:23:34","guid":{"rendered":"https:\/\/nim.yupeek.com\/optimisation-tresorerie-nim-europe\/"},"modified":"2024-06-21T11:07:36","modified_gmt":"2024-06-21T10:07:36","slug":"optimisation-tresorerie-nim-europe","status":"publish","type":"page","link":"https:\/\/nimeurope.com\/en\/optimisation-tresorerie-nim-europe\/","title":{"rendered":"(Fran\u00e7ais) Comment obtenir une optimisation de tr\u00e9sorerie efficace ? | NIM Europe"},"content":{"rendered":"\t\t<div data-elementor-type=\"wp-page\" data-elementor-id=\"18866\" class=\"elementor elementor-18866 elementor-3319\" data-elementor-post-type=\"page\">\n\t\t\t\t\t\t<section class=\"elementor-section elementor-top-section elementor-element elementor-element-734b8c2f elementor-section-boxed elementor-section-height-default elementor-section-height-default\" data-id=\"734b8c2f\" data-element_type=\"section\">\n\t\t\t\t\t\t<div class=\"elementor-container elementor-column-gap-default\">\n\t\t\t\t\t<div class=\"elementor-column elementor-col-100 elementor-top-column elementor-element elementor-element-7ee3d2a4\" data-id=\"7ee3d2a4\" data-element_type=\"column\">\n\t\t\t<div class=\"elementor-widget-wrap elementor-element-populated\">\n\t\t\t\t\t\t<div class=\"elementor-element elementor-element-3e364224 elementor-widget elementor-widget-text-editor\" data-id=\"3e364224\" data-element_type=\"widget\" data-widget_type=\"text-editor.default\">\n\t\t\t\t<div class=\"elementor-widget-container\">\n\t\t\t\t\t\t\t\t\t<h1>(Fran\u00e7ais)Comment obtenir une optimisation de tr\u00e9sorerie efficace ? | NIM Europe<\/h1>\n\t\t\t\t\t\t\t\t<\/div>\n\t\t\t\t<\/div>\n\t\t\t\t\t<\/div>\n\t\t<\/div>\n\t\t\t\t\t<\/div>\n\t\t<\/section>\n\t\t\t\t<section class=\"elementor-section elementor-top-section elementor-element elementor-element-1add0f2 elementor-section-boxed elementor-section-height-default elementor-section-height-default\" data-id=\"1add0f2\" data-element_type=\"section\">\n\t\t\t\t\t\t<div class=\"elementor-container elementor-column-gap-default\">\n\t\t\t\t\t<div class=\"elementor-column elementor-col-100 elementor-top-column elementor-element elementor-element-7752a7b2\" data-id=\"7752a7b2\" data-element_type=\"column\">\n\t\t\t<div class=\"elementor-widget-wrap elementor-element-populated\">\n\t\t\t\t\t\t<div class=\"elementor-element elementor-element-28990cbe elementor-widget elementor-widget-text-editor\" data-id=\"28990cbe\" data-element_type=\"widget\" data-widget_type=\"text-editor.default\">\n\t\t\t\t<div class=\"elementor-widget-container\">\n\t\t\t\t\t\t\t\t\t<h2>L\u2019OPTIMISATION DE TR\u00c9SORERIE<\/h2>\n<p>La p\u00e9rennisation de l\u2019activit\u00e9 de toute entreprise passe par une bonne gestion g\u00e9n\u00e9rale. G\u00e9rer le risque de manque de tr\u00e9sorerie est, \u00e0 cet \u00e9gard, un imp\u00e9ratif. Cela consiste \u00e0 optimiser la tr\u00e9sorerie afin de ne pas rencontrer des difficult\u00e9s financi\u00e8res, qui seraient la cons\u00e9quence d\u2019un manque de liquidit\u00e9. Dans certains cas, la situation est telle que l\u2019intervention d\u2019un externe est n\u00e9cessaire. C\u2019est pour cela qu\u2019il est conseill\u00e9 de faire appel \u00e0<strong>\u00a0<a href=\"https:\/\/nimeurope.com\/en\/devenir-manager-de-transition-chez-nim-europe\/\" target=\"_blank\" rel=\"noopener noreferrer\">un manager de transition<\/a><\/strong>. Ext\u00e9rieur \u00e0 l\u2019entreprise, il aura un regard neuf sur l\u2019entreprise et la situation. Il sera alors force de proposition et sera en mesure de relever les d\u00e9fis qui lui incombent. NIM Europe, expert en\u00a0<a href=\"https:\/\/nimeurope.com\/en\/management-de-transition-connaitre\/\" target=\"_blank\" rel=\"noopener noreferrer\"><strong>management de transition<\/strong><\/a>, met \u00e0 votre disposition tous types de managers de transition, et notamment des DAF de transition dans ce cas pr\u00e9cis.<\/p>\n<h2>QUELS SONT LES PILIERS DE LA TR\u00c9SORERIE D\u2019UNE ENTREPRISE ?<\/h2>\n<p>La tr\u00e9sorerie d\u2019une entreprise permet le financement des investissements, celui des outils de production ainsi que le paiement des factures des fournisseurs et bien entendu, des salaires du personnel. Ce sont les comptes clients, les comptes fournisseurs et la gestion des stocks qui constituent la base fondamentale du fonds de roulement de toute entreprise. Une bonne gestion de tr\u00e9sorerie se r\u00e9sume \u00e0 \u00e9valuer les d\u00e9lais et \u00e0 anticiper les d\u00e9penses afin de ne jamais se retrouver dans une situation de besoins en fonds de roulement n\u00e9gative. Le cas typique d\u2019un besoin en financement d\u2019une entreprise rentable se caract\u00e9rise lorsque de nombreuses cr\u00e9ances sont dues par les clients et que l\u2019argent disponible sur le compte bancaire ne suffit pas \u00e0 couvrir les d\u00e9penses imm\u00e9diates.<\/p>\n<h2>QUELLES SONT LES SOLUTIONS POUR OPTIMISER LA TR\u00c9SORERIE ?<\/h2>\n<p>Une bonne gestion de tr\u00e9sorerie doit tenir compte des d\u00e9lais. Il convient, en effet, de planifier un tableau pr\u00e9visionnel de tr\u00e9sorerie incluant les mouvements financiers de d\u00e9caissements et d\u2019encaissements, c\u2019est \u00e0 dire des d\u00e9penses et des recettes. G\u00e9rer la tr\u00e9sorerie de mani\u00e8re efficace, c\u2019est veiller \u00e0 ce qu\u2019au jour J, il y ait suffisamment d\u2019argent disponible en banque. Cette gestion du risque de liquidit\u00e9 se doit d\u2019\u00eatre active, c\u2019est \u00e0 dire r\u00e9guli\u00e8rement mise \u00e0 jour par le calcul du fonds de roulement n\u00e9cessaire. Optimiser la gestion de tr\u00e9sorerie c\u2019est faire tendre celle-ci le plus possible vers 0 en ma\u00eetrisant les mouvements financiers de d\u00e9caissement, tout en veillant \u00e0 assurer de bons taux de rentabilit\u00e9 pour les exc\u00e9dents, \u00e0 moyen terme.<\/p>\n<h2>QUELS SONT LES PARAM\u00c8TRES \u00c0 OPTIMISER POUR UNE GESTION DE TR\u00c9SORERIE EFFICACE ?<\/h2>\n<p>1- Le chiffre d\u2019affaires. L\u2019augmentation du chiffre d\u2019affaires ne se traduit pas forc\u00e9ment par un accroissement de la tr\u00e9sorerie. La raison tient au fait que plus le CA est important, plus grand est le besoin en financement, ce qui a tendance \u00e0 fragiliser le fonds de roulement. Il est possible de solutionner ce probl\u00e8me en se faisant financer par votre banque, par un recours \u00e0 un emprunt \u00e0 court terme ou en proc\u00e9dant \u00e0 une augmentation de capital.<br \/>\n2- Le BFR. Il est recommand\u00e9 de calculer votre besoin en fonds de roulement au moins une fois par mois pour avoir le temps de d\u00e9placer les curseurs si n\u00e9cessaire. Il faut se focaliser pour ce faire, sur la r\u00e9duction des stocks et sur la diminution des cr\u00e9ances de votre client\u00e8le.<br \/>\n3- Le cr\u00e9dit. Lorsque les taux de placement \u00e0 plus ou moins long terme sont plus rentables que les taux d\u2019emprunt \u00e0 court terme, recourir au cr\u00e9dit et placer ses fonds propres est un bon moyen d\u2019optimiser la gestion de tr\u00e9sorerie.<br \/>\n4- La politique commerciale. Optimiser la tr\u00e9sorerie c\u2019est enfin optimiser la politique de gestion commerciale de mani\u00e8re \u00e0 atteindre le seuil de rentabilit\u00e9 de votre entreprise en ma\u00eetrisant les charges.<\/p>\n<h2>FAIRE APPEL \u00c0 UN DAF DE TRANSITION<\/h2>\n<p>Afin d\u2019optimiser la tr\u00e9sorerie d\u2019une entreprise de mani\u00e8re durable, la solution consiste \u00e0 faire appel au savoir-faire d\u2019un expert des techniques financi\u00e8res et des normes : le\u00a0<strong><a href=\"https:\/\/nimeurope.com\/en\/directeur-financier-transition-nim-europe\/\" target=\"_blank\" rel=\"noopener noreferrer\">Directeur administratif et financier de transition<\/a><\/strong>. Son r\u00f4le consiste \u00e0 optimiser les r\u00e9sultats d\u2019une entreprise. Il peut remplir pour cela, diff\u00e9rentes missions :<br \/>\n1- l\u2019assainissement de la gestion des comptes dans l\u2019optique d\u2019optimiser la rentabilit\u00e9.<br \/>\n2- la pr\u00e9paration des budgets et la mise en place de business plans.<br \/>\n3- l\u2019audit des process de gestion et de reporting.<br \/>\n4- la coordination et la gestion des services administratifs et financiers.<br \/>\n5- l\u2019administration des t\u00e2ches li\u00e9es au personnel.<br \/>\n6- la dynamisation des \u00e9quipes et la transmission des savoirs.<br \/>\nLe DAF de transition remplit ses fonctions durant une dur\u00e9e d\u00e9termin\u00e9e et pour une mission ponctuelle aux contours fix\u00e9s d\u2019avance. Il travaille naturellement en \u00e9troite collaboration avec les autres directions de l\u2019entreprise : la direction g\u00e9n\u00e9rale, la direction comptable et la direction des ressources humaines.<\/p>\n<p>D\u00e9couvrez les diff\u00e9rentes fonctions de Manager de Transition :<\/p>\n<ul>\n<li><strong><a href=\"https:\/\/nimeurope.com\/en\/directeur-general-transition\/\" target=\"_blank\" rel=\"noopener noreferrer\">DG de transition<\/a><\/strong><\/li>\n<li><strong><a href=\"https:\/\/nimeurope.com\/en\/directeur-financier-transition-nim-europe\/\" target=\"_blank\" rel=\"noopener noreferrer\">DAF de transition<\/a><\/strong><\/li>\n<li><strong><a href=\"https:\/\/nimeurope.com\/en\/production-industrie-supply-chain-nim-europe\/\" target=\"_blank\" rel=\"noopener noreferrer\">Direction Production, Op\u00e9rations, Supply-chain<\/a><\/strong><\/li>\n<li><strong><a href=\"https:\/\/nimeurope.com\/en\/drh-transition-nim-europe\/\" target=\"_blank\" rel=\"noopener noreferrer\">DRH de transition<\/a><\/strong><\/li>\n<li><strong><a href=\"\/directeur-marketing-commercial-nim-europe\/\" target=\"_blank\" rel=\"noopener noreferrer\">Direction Marketing et Commerciale<\/a><\/strong><\/li>\n<li><strong><a href=\"https:\/\/nimeurope.com\/en\/dsi-de-transition-nim-europe\/\" target=\"_blank\" rel=\"noopener noreferrer\">DSI de transition<\/a><\/strong><\/li>\n<li><a href=\"https:\/\/nimeurope.com\/en\/directeur-expert-transition-nim-europe\/\" target=\"_blank\" rel=\"noopener noreferrer\"><strong>Directions Expertes<\/strong><\/a><\/li>\n<\/ul>\n<p>Vous serez \u00e9galement int\u00e9ress\u00e9 par :<\/p>\n<ul>\n<li><strong><a href=\"https:\/\/nimeurope.com\/en\/gerer-situation-de-crise-entreprise\/\" target=\"_blank\" rel=\"noopener noreferrer\">La gestion d\u2019une situation de crise<\/a><\/strong><\/li>\n<li><strong><a href=\"https:\/\/nimeurope.com\/en\/redressement-retournement-filiale-nim-europe\/\" target=\"_blank\" rel=\"noopener noreferrer\">Retournement \/ redressement de filiale\u00a0<\/a>\u00a0<\/strong><\/li>\n<li style=\"list-style-type: none;\"><\/li>\n<\/ul>\n\t\t\t\t\t\t\t\t<\/div>\n\t\t\t\t<\/div>\n\t\t\t\t\t<\/div>\n\t\t<\/div>\n\t\t\t\t\t<\/div>\n\t\t<\/section>\n\t\t\t\t<section class=\"elementor-section elementor-top-section elementor-element elementor-element-30fdb424 elementor-section-boxed elementor-section-height-default elementor-section-height-default\" data-id=\"30fdb424\" data-element_type=\"section\">\n\t\t\t\t\t\t<div class=\"elementor-container elementor-column-gap-default\">\n\t\t\t\t\t<div class=\"elementor-column elementor-col-50 elementor-top-column elementor-element elementor-element-76f0f68\" data-id=\"76f0f68\" data-element_type=\"column\" data-settings=\"{&quot;background_background&quot;:&quot;classic&quot;}\">\n\t\t\t<div class=\"elementor-widget-wrap elementor-element-populated\">\n\t\t\t\t\t\t<div class=\"elementor-element elementor-element-605ec559 elementor-widget elementor-widget-heading\" data-id=\"605ec559\" data-element_type=\"widget\" data-widget_type=\"heading.default\">\n\t\t\t\t<div class=\"elementor-widget-container\">\n\t\t\t\t\t<span class=\"elementor-heading-title elementor-size-default\">Are you looking for an executive interim manager?<\/span>\t\t\t\t<\/div>\n\t\t\t\t<\/div>\n\t\t\t\t<div class=\"elementor-element elementor-element-5e2d1050 bullet-arrow-2 elementor-widget elementor-widget-text-editor\" data-id=\"5e2d1050\" data-element_type=\"widget\" data-widget_type=\"text-editor.default\">\n\t\t\t\t<div class=\"elementor-widget-container\">\n\t\t\t\t\t\t\t\t\t<ul class=\"bullet-arrow black\">\n<li><a href=\"tel:+33146248571\">+33 1 46 24 85 71<\/a><\/li>\n<li><a href=\"mailto:mail@nimeurope.com\">mail@nimeurope.com<\/a><\/li>\n<li><a href=\"https:\/\/nimeurope.com\/en\/contact\/\" target=\"_blank\" rel=\"noopener noreferrer\">contact us<\/a><\/li>\n<\/ul>\n\t\t\t\t\t\t\t\t<\/div>\n\t\t\t\t<\/div>\n\t\t\t\t\t<\/div>\n\t\t<\/div>\n\t\t\t\t<div class=\"elementor-column elementor-col-50 elementor-top-column elementor-element elementor-element-60ca86d0\" data-id=\"60ca86d0\" data-element_type=\"column\" data-settings=\"{&quot;background_background&quot;:&quot;classic&quot;}\">\n\t\t\t<div class=\"elementor-widget-wrap elementor-element-populated\">\n\t\t\t\t\t\t<div class=\"elementor-element elementor-element-7e12f55f elementor-widget elementor-widget-heading\" data-id=\"7e12f55f\" data-element_type=\"widget\" data-widget_type=\"heading.default\">\n\t\t\t\t<div class=\"elementor-widget-container\">\n\t\t\t\t\t<span class=\"elementor-heading-title elementor-size-default\"><span class=\"\" style=\"font-size: 16px;font-weight: 600;font-family: Poppins, sans-serif;font-style: normal\">Become one of our executive interim managers&nbsp;?<\/span><\/span>\t\t\t\t<\/div>\n\t\t\t\t<\/div>\n\t\t\t\t<div class=\"elementor-element elementor-element-16edb9ca cta elementor-widget elementor-widget-text-editor\" data-id=\"16edb9ca\" data-element_type=\"widget\" data-widget_type=\"text-editor.default\">\n\t\t\t\t<div class=\"elementor-widget-container\">\n\t\t\t\t\t\t\t\t\t<p><a href=\"https:\/\/nimeurope.com\/en\/deposer-votre-cv\/\">Submit your CV<\/a><\/p>\n\t\t\t\t\t\t\t\t<\/div>\n\t\t\t\t<\/div>\n\t\t\t\t\t<\/div>\n\t\t<\/div>\n\t\t\t\t\t<\/div>\n\t\t<\/section>\n\t\t\t\t<section class=\"elementor-section elementor-top-section elementor-element elementor-element-458c90b1 elementor-section-boxed elementor-section-height-default elementor-section-height-default\" data-id=\"458c90b1\" data-element_type=\"section\">\n\t\t\t\t\t\t<div class=\"elementor-container elementor-column-gap-default\">\n\t\t\t\t\t<div class=\"elementor-column elementor-col-100 elementor-top-column elementor-element elementor-element-245af64b\" data-id=\"245af64b\" data-element_type=\"column\">\n\t\t\t<div class=\"elementor-widget-wrap elementor-element-populated\">\n\t\t\t\t\t\t<div class=\"elementor-element elementor-element-83492e5 elementor-widget elementor-widget-spacer\" data-id=\"83492e5\" data-element_type=\"widget\" data-widget_type=\"spacer.default\">\n\t\t\t\t<div class=\"elementor-widget-container\">\n\t\t\t\t\t\t\t<div class=\"elementor-spacer\">\n\t\t\t<div class=\"elementor-spacer-inner\"><\/div>\n\t\t<\/div>\n\t\t\t\t\t\t<\/div>\n\t\t\t\t<\/div>\n\t\t\t\t\t<\/div>\n\t\t<\/div>\n\t\t\t\t\t<\/div>\n\t\t<\/section>\n\t\t\t\t<\/div>\n\t\t","protected":false},"excerpt":{"rendered":"<p>(Fran\u00e7ais)Comment obtenir une optimisation de tr\u00e9sorerie efficace ? | NIM Europe L\u2019OPTIMISATION DE TR\u00c9SORERIE La p\u00e9rennisation de l\u2019activit\u00e9 de toute entreprise passe par une bonne gestion g\u00e9n\u00e9rale. G\u00e9rer le risque de manque de tr\u00e9sorerie est, \u00e0 cet \u00e9gard, un imp\u00e9ratif. Cela consiste \u00e0 optimiser la tr\u00e9sorerie afin de ne pas rencontrer des difficult\u00e9s financi\u00e8res, qui [&hellip;]<\/p>\n","protected":false},"author":13,"featured_media":0,"parent":0,"menu_order":0,"comment_status":"closed","ping_status":"closed","template":"","meta":{"footnotes":""},"class_list":["post-18866","page","type-page","status-publish","hentry","entry"],"yoast_head":"<!-- This site is optimized with the Yoast SEO plugin v26.8 - https:\/\/yoast.com\/product\/yoast-seo-wordpress\/ -->\n<title>(Fran\u00e7ais) Comment obtenir une optimisation de tr\u00e9sorerie efficace ? | NIM Europe - NIM Europe<\/title>\n<meta name=\"description\" content=\"Une bonne optimisation de tr\u00e9sorerie est un imp\u00e9ratif de bonne gestion d\u2019entreprise. Faites appel au management de transition et \u00e0 Nim Europe pour votre tr\u00e9sorerie.\" \/>\n<meta name=\"robots\" content=\"index, follow, max-snippet:-1, max-image-preview:large, max-video-preview:-1\" \/>\n<link rel=\"canonical\" href=\"https:\/\/nimeurope.com\/en\/optimisation-tresorerie-nim-europe\/\" \/>\n<meta property=\"og:locale\" content=\"en_US\" \/>\n<meta property=\"og:type\" content=\"article\" \/>\n<meta property=\"og:title\" content=\"(Fran\u00e7ais) Comment obtenir une optimisation de tr\u00e9sorerie efficace ? | NIM Europe - NIM Europe\" \/>\n<meta property=\"og:description\" content=\"Une bonne optimisation de tr\u00e9sorerie est un imp\u00e9ratif de bonne gestion d\u2019entreprise. Faites appel au management de transition et \u00e0 Nim Europe pour votre tr\u00e9sorerie.\" \/>\n<meta property=\"og:url\" content=\"https:\/\/nimeurope.com\/en\/optimisation-tresorerie-nim-europe\/\" \/>\n<meta property=\"og:site_name\" content=\"NIM Europe\" \/>\n<meta property=\"article:modified_time\" content=\"2024-06-21T10:07:36+00:00\" \/>\n<meta property=\"og:image\" content=\"https:\/\/nimeurope.com\/wp-content\/uploads\/2019\/05\/nim_logo_m-min.jpg\" \/>\n\t<meta property=\"og:image:width\" content=\"600\" \/>\n\t<meta property=\"og:image:height\" content=\"300\" \/>\n\t<meta property=\"og:image:type\" content=\"image\/jpeg\" \/>\n<meta name=\"twitter:label1\" content=\"Est. reading time\" \/>\n\t<meta name=\"twitter:data1\" content=\"4 minutes\" \/>\n<script type=\"application\/ld+json\" class=\"yoast-schema-graph\">{\"@context\":\"https:\/\/schema.org\",\"@graph\":[{\"@type\":\"WebPage\",\"@id\":\"https:\/\/nimeurope.com\/en\/optimisation-tresorerie-nim-europe\/\",\"url\":\"https:\/\/nimeurope.com\/en\/optimisation-tresorerie-nim-europe\/\",\"name\":\"(Fran\u00e7ais) Comment obtenir une optimisation de tr\u00e9sorerie efficace ? | NIM Europe - NIM Europe\",\"isPartOf\":{\"@id\":\"https:\/\/nimeurope.com\/en\/#website\"},\"datePublished\":\"2020-09-18T15:23:34+00:00\",\"dateModified\":\"2024-06-21T10:07:36+00:00\",\"description\":\"Une bonne optimisation de tr\u00e9sorerie est un imp\u00e9ratif de bonne gestion d\u2019entreprise. Faites appel au management de transition et \u00e0 Nim Europe pour votre tr\u00e9sorerie.\",\"breadcrumb\":{\"@id\":\"https:\/\/nimeurope.com\/en\/optimisation-tresorerie-nim-europe\/#breadcrumb\"},\"inLanguage\":\"en-US\",\"potentialAction\":[{\"@type\":\"ReadAction\",\"target\":[\"https:\/\/nimeurope.com\/en\/optimisation-tresorerie-nim-europe\/\"]}]},{\"@type\":\"BreadcrumbList\",\"@id\":\"https:\/\/nimeurope.com\/en\/optimisation-tresorerie-nim-europe\/#breadcrumb\",\"itemListElement\":[{\"@type\":\"ListItem\",\"position\":1,\"name\":\"Home\",\"item\":\"https:\/\/nimeurope.com\/en\/home\/\"},{\"@type\":\"ListItem\",\"position\":2,\"name\":\"(Fran\u00e7ais) Comment obtenir une optimisation de tr\u00e9sorerie efficace ? | NIM Europe\"}]},{\"@type\":\"WebSite\",\"@id\":\"https:\/\/nimeurope.com\/en\/#website\",\"url\":\"https:\/\/nimeurope.com\/en\/\",\"name\":\"NIM Europe\",\"description\":\"Nimeurope\",\"potentialAction\":[{\"@type\":\"SearchAction\",\"target\":{\"@type\":\"EntryPoint\",\"urlTemplate\":\"https:\/\/nimeurope.com\/en\/?s={search_term_string}\"},\"query-input\":{\"@type\":\"PropertyValueSpecification\",\"valueRequired\":true,\"valueName\":\"search_term_string\"}}],\"inLanguage\":\"en-US\"}]}<\/script>\n<!-- \/ Yoast SEO plugin. -->","yoast_head_json":{"title":"(Fran\u00e7ais) Comment obtenir une optimisation de tr\u00e9sorerie efficace ? | NIM Europe - NIM Europe","description":"Une bonne optimisation de tr\u00e9sorerie est un imp\u00e9ratif de bonne gestion d\u2019entreprise. Faites appel au management de transition et \u00e0 Nim Europe pour votre tr\u00e9sorerie.","robots":{"index":"index","follow":"follow","max-snippet":"max-snippet:-1","max-image-preview":"max-image-preview:large","max-video-preview":"max-video-preview:-1"},"canonical":"https:\/\/nimeurope.com\/en\/optimisation-tresorerie-nim-europe\/","og_locale":"en_US","og_type":"article","og_title":"(Fran\u00e7ais) Comment obtenir une optimisation de tr\u00e9sorerie efficace ? | NIM Europe - NIM Europe","og_description":"Une bonne optimisation de tr\u00e9sorerie est un imp\u00e9ratif de bonne gestion d\u2019entreprise. Faites appel au management de transition et \u00e0 Nim Europe pour votre tr\u00e9sorerie.","og_url":"https:\/\/nimeurope.com\/en\/optimisation-tresorerie-nim-europe\/","og_site_name":"NIM Europe","article_modified_time":"2024-06-21T10:07:36+00:00","og_image":[{"width":600,"height":300,"url":"https:\/\/nimeurope.com\/wp-content\/uploads\/2019\/05\/nim_logo_m-min.jpg","type":"image\/jpeg"}],"twitter_misc":{"Est. reading time":"4 minutes"},"schema":{"@context":"https:\/\/schema.org","@graph":[{"@type":"WebPage","@id":"https:\/\/nimeurope.com\/en\/optimisation-tresorerie-nim-europe\/","url":"https:\/\/nimeurope.com\/en\/optimisation-tresorerie-nim-europe\/","name":"(Fran\u00e7ais) Comment obtenir une optimisation de tr\u00e9sorerie efficace ? | NIM Europe - NIM Europe","isPartOf":{"@id":"https:\/\/nimeurope.com\/en\/#website"},"datePublished":"2020-09-18T15:23:34+00:00","dateModified":"2024-06-21T10:07:36+00:00","description":"Une bonne optimisation de tr\u00e9sorerie est un imp\u00e9ratif de bonne gestion d\u2019entreprise. Faites appel au management de transition et \u00e0 Nim Europe pour votre tr\u00e9sorerie.","breadcrumb":{"@id":"https:\/\/nimeurope.com\/en\/optimisation-tresorerie-nim-europe\/#breadcrumb"},"inLanguage":"en-US","potentialAction":[{"@type":"ReadAction","target":["https:\/\/nimeurope.com\/en\/optimisation-tresorerie-nim-europe\/"]}]},{"@type":"BreadcrumbList","@id":"https:\/\/nimeurope.com\/en\/optimisation-tresorerie-nim-europe\/#breadcrumb","itemListElement":[{"@type":"ListItem","position":1,"name":"Home","item":"https:\/\/nimeurope.com\/en\/home\/"},{"@type":"ListItem","position":2,"name":"(Fran\u00e7ais) Comment obtenir une optimisation de tr\u00e9sorerie efficace ? | NIM Europe"}]},{"@type":"WebSite","@id":"https:\/\/nimeurope.com\/en\/#website","url":"https:\/\/nimeurope.com\/en\/","name":"NIM Europe","description":"Nimeurope","potentialAction":[{"@type":"SearchAction","target":{"@type":"EntryPoint","urlTemplate":"https:\/\/nimeurope.com\/en\/?s={search_term_string}"},"query-input":{"@type":"PropertyValueSpecification","valueRequired":true,"valueName":"search_term_string"}}],"inLanguage":"en-US"}]}},"_links":{"self":[{"href":"https:\/\/nimeurope.com\/en\/wp-json\/wp\/v2\/pages\/18866","targetHints":{"allow":["GET"]}}],"collection":[{"href":"https:\/\/nimeurope.com\/en\/wp-json\/wp\/v2\/pages"}],"about":[{"href":"https:\/\/nimeurope.com\/en\/wp-json\/wp\/v2\/types\/page"}],"author":[{"embeddable":true,"href":"https:\/\/nimeurope.com\/en\/wp-json\/wp\/v2\/users\/13"}],"replies":[{"embeddable":true,"href":"https:\/\/nimeurope.com\/en\/wp-json\/wp\/v2\/comments?post=18866"}],"version-history":[{"count":0,"href":"https:\/\/nimeurope.com\/en\/wp-json\/wp\/v2\/pages\/18866\/revisions"}],"wp:attachment":[{"href":"https:\/\/nimeurope.com\/en\/wp-json\/wp\/v2\/media?parent=18866"}],"curies":[{"name":"wp","href":"https:\/\/api.w.org\/{rel}","templated":true}]}}