{"id":18864,"date":"2020-09-25T13:08:51","date_gmt":"2020-09-25T12:08:51","guid":{"rendered":"https:\/\/nim.yupeek.com\/leviers-de-croissance-management-de-transition-nim-europe\/"},"modified":"2024-06-21T11:07:17","modified_gmt":"2024-06-21T10:07:17","slug":"leviers-de-croissance-management-de-transition-nim-europe","status":"publish","type":"page","link":"https:\/\/nimeurope.com\/en\/leviers-de-croissance-management-de-transition-nim-europe\/","title":{"rendered":"(Fran\u00e7ais) Comment identifier les leviers de croissance ? | Nim Europe"},"content":{"rendered":"\t\t<div data-elementor-type=\"wp-page\" data-elementor-id=\"18864\" class=\"elementor elementor-18864 elementor-3414\" data-elementor-post-type=\"page\">\n\t\t\t\t\t\t<section class=\"elementor-section elementor-top-section elementor-element elementor-element-fd349f1 elementor-section-boxed elementor-section-height-default elementor-section-height-default\" data-id=\"fd349f1\" data-element_type=\"section\">\n\t\t\t\t\t\t<div class=\"elementor-container elementor-column-gap-default\">\n\t\t\t\t\t<div class=\"elementor-column elementor-col-100 elementor-top-column elementor-element elementor-element-43e5136a\" data-id=\"43e5136a\" data-element_type=\"column\">\n\t\t\t<div class=\"elementor-widget-wrap elementor-element-populated\">\n\t\t\t\t\t\t<div class=\"elementor-element elementor-element-2d4ccd2b elementor-widget elementor-widget-text-editor\" data-id=\"2d4ccd2b\" data-element_type=\"widget\" data-widget_type=\"text-editor.default\">\n\t\t\t\t<div class=\"elementor-widget-container\">\n\t\t\t\t\t\t\t\t\t<h1>(Fran\u00e7ais) Comment identifier les leviers de croissance ? | Nim Europe<\/h1>\n\t\t\t\t\t\t\t\t<\/div>\n\t\t\t\t<\/div>\n\t\t\t\t\t<\/div>\n\t\t<\/div>\n\t\t\t\t\t<\/div>\n\t\t<\/section>\n\t\t\t\t<section class=\"elementor-section elementor-top-section elementor-element elementor-element-3dd0f267 elementor-section-boxed elementor-section-height-default elementor-section-height-default\" data-id=\"3dd0f267\" data-element_type=\"section\">\n\t\t\t\t\t\t<div class=\"elementor-container elementor-column-gap-default\">\n\t\t\t\t\t<div class=\"elementor-column elementor-col-50 elementor-top-column elementor-element elementor-element-7813319a\" data-id=\"7813319a\" data-element_type=\"column\" data-settings=\"{&quot;background_background&quot;:&quot;classic&quot;}\">\n\t\t\t<div class=\"elementor-widget-wrap elementor-element-populated\">\n\t\t\t\t\t\t<div class=\"elementor-element elementor-element-4aceff5e elementor-widget elementor-widget-heading\" data-id=\"4aceff5e\" data-element_type=\"widget\" data-widget_type=\"heading.default\">\n\t\t\t\t<div class=\"elementor-widget-container\">\n\t\t\t\t\t<span class=\"elementor-heading-title elementor-size-default\">Are you looking for an executive interim manager?<\/span>\t\t\t\t<\/div>\n\t\t\t\t<\/div>\n\t\t\t\t<div class=\"elementor-element elementor-element-6d4a7f02 bullet-arrow-2 elementor-widget elementor-widget-text-editor\" data-id=\"6d4a7f02\" data-element_type=\"widget\" data-widget_type=\"text-editor.default\">\n\t\t\t\t<div class=\"elementor-widget-container\">\n\t\t\t\t\t\t\t\t\t<ul class=\"bullet-arrow black\">\n<li><a href=\"tel:+33146248571\">+33 1 46 24 85 71<\/a><\/li>\n<li><a href=\"mailto:mail@nimeurope.com\">mail@nimeurope.com<\/a><\/li>\n<li><a href=\"https:\/\/nimeurope.com\/en\/contact\/\" target=\"_blank\" rel=\"noopener noreferrer\">contact us<\/a><\/li>\n<\/ul>\n\t\t\t\t\t\t\t\t<\/div>\n\t\t\t\t<\/div>\n\t\t\t\t\t<\/div>\n\t\t<\/div>\n\t\t\t\t<div class=\"elementor-column elementor-col-50 elementor-top-column elementor-element elementor-element-2633e90f\" data-id=\"2633e90f\" data-element_type=\"column\" data-settings=\"{&quot;background_background&quot;:&quot;classic&quot;}\">\n\t\t\t<div class=\"elementor-widget-wrap elementor-element-populated\">\n\t\t\t\t\t\t<div class=\"elementor-element elementor-element-4571a1fb elementor-widget elementor-widget-heading\" data-id=\"4571a1fb\" data-element_type=\"widget\" data-widget_type=\"heading.default\">\n\t\t\t\t<div class=\"elementor-widget-container\">\n\t\t\t\t\t<span class=\"elementor-heading-title elementor-size-default\"><span class=\"\" style=\"font-size: 16px;font-weight: 600;font-family: Poppins, sans-serif;font-style: normal\">Become one of our executive interim managers&nbsp;?<\/span><\/span>\t\t\t\t<\/div>\n\t\t\t\t<\/div>\n\t\t\t\t<div class=\"elementor-element elementor-element-14e3f368 cta elementor-widget elementor-widget-text-editor\" data-id=\"14e3f368\" data-element_type=\"widget\" data-widget_type=\"text-editor.default\">\n\t\t\t\t<div class=\"elementor-widget-container\">\n\t\t\t\t\t\t\t\t\t<p><a href=\"https:\/\/nimeurope.com\/en\/deposer-votre-cv\/\">Submit your CV<\/a><\/p>\n\t\t\t\t\t\t\t\t<\/div>\n\t\t\t\t<\/div>\n\t\t\t\t\t<\/div>\n\t\t<\/div>\n\t\t\t\t\t<\/div>\n\t\t<\/section>\n\t\t\t\t<section class=\"elementor-section elementor-top-section elementor-element elementor-element-7551ce79 elementor-section-boxed elementor-section-height-default elementor-section-height-default\" data-id=\"7551ce79\" data-element_type=\"section\">\n\t\t\t\t\t\t<div class=\"elementor-container elementor-column-gap-default\">\n\t\t\t\t\t<div class=\"elementor-column elementor-col-100 elementor-top-column elementor-element elementor-element-7c1231eb\" data-id=\"7c1231eb\" data-element_type=\"column\">\n\t\t\t<div class=\"elementor-widget-wrap elementor-element-populated\">\n\t\t\t\t\t\t<div class=\"elementor-element elementor-element-3755a023 elementor-widget elementor-widget-text-editor\" data-id=\"3755a023\" data-element_type=\"widget\" data-widget_type=\"text-editor.default\">\n\t\t\t\t<div class=\"elementor-widget-container\">\n\t\t\t\t\t\t\t\t\t<h2>LEVIERS DE CROISSANCE<\/h2>\n<p>Toute entreprise, quelle que soit sa taille, doit veiller en permanence \u00e0 l\u2019\u00e9tat de la concurrence dans son secteur d\u2019activit\u00e9 afin de pouvoir s\u2019adapter au march\u00e9, voire m\u00eame s\u2019ouvrir \u00e0 un nouveau march\u00e9 si elle y d\u00e9tecte des opportunit\u00e9s.<\/p>\n<h2>QUELS SONT LES LEVIERS DE CROISSANCE ?<\/h2>\n<p>Mettre en place un mod\u00e8le \u00e9conomique, \u00e9laborer une strat\u00e9gie de croissance externe, optimiser la gestion financi\u00e8re de la tr\u00e9sorerie, initier des actions commerciales et de gestion de la relation client, mener des actions marketing fortes, mettre l\u2019accent sur la communication, anticiper les nouveaux besoins, poursuivre le d\u00e9veloppement du secteur d\u2019activit\u00e9 en s\u2019ouvrant peut-\u00eatre sur l\u2019international, etc., sont autant d\u2019imp\u00e9ratifs de management d\u2019une entreprise. Mais tout cela n\u2019est rien si ces actions ne sont pas accompagn\u00e9es par des leviers de croissance. Quels sont-ils ?<\/p>\n<h3>Les outils de business intelligence<\/h3>\n<p>Ces outils de reporting permettent d\u2019\u00e9valuer les chiffres de l\u2019entreprise de mani\u00e8re r\u00e9guli\u00e8re et rapproch\u00e9e. Cela peut \u00eatre r\u00e9alis\u00e9 au moyen de tableaux de bord dont le reporting est une v\u00e9ritable aide \u00e0 la d\u00e9cision. Ce sont l\u00e0 de formidables leviers de croissance indispensables pour adapter le management aux r\u00e9sultats en modifiant la priorit\u00e9, en bougeant tel ou tel curseur, voire en changeant de business model, sans perte de temps.<\/p>\n<h3>La gestion financi\u00e8re<\/h3>\n<p><a href=\"https:\/\/nimeurope.com\/en\/optimisation-tresorerie-nim-europe\/\" target=\"_blank\" rel=\"noopener noreferrer\">L\u2019optimisation du niveau de tr\u00e9sorerie<\/a>\u00a0permet une gestion financi\u00e8re saine, permettant d\u2019\u00e9carter les risques de manque de liquidit\u00e9s.<\/p>\n<h3>Le d\u00e9veloppement r\u00e9actif<\/h3>\n<p>C\u2019est le march\u00e9 qui guide l\u2019\u00e9conomie. Les entreprises qui s\u2019adaptent le plus rapidement aux besoins des consommateurs sont, en effet, celles qui tirent le mieux leur \u00e9pingle du jeu. Il s\u2019agit l\u00e0 d\u2019un des leviers essentiels de croissance, qui n\u2019est pas toujours simple \u00e0 mettre en application.<\/p>\n<h3>Le management \u00e9volutif<\/h3>\n<p>Un management efficace se veut actif, proactif et r\u00e9actif en suivant les indications que lui donne le march\u00e9. Les nouveaux dirigeants doivent \u00e9galement privil\u00e9gier la communication horizontale au sein de l\u2019entreprise, faisant montre d\u2019empathie et de souplesse \u00e0 l\u2019\u00e9gard de leurs collaborateurs. Le cadre professionnel doit pouvoir permettre les relations personnelles.<\/p>\n<h3>L\u2019outil num\u00e9rique<\/h3>\n<p>La digitalisation de l\u2019\u00e9conomie est largement act\u00e9e. Les leviers de croissance sur ce plan s\u2019exercent dans le domaine commercial bien s\u00fbr, mais \u00e9galement de gestion, de production, de management, etc. Les instruments du business digital sont les diff\u00e9rents sites vitrine ou e-commerce, les plateformes collaboratives, les r\u00e9seaux sociaux, mais \u00e9galement l\u2019intranet et les progiciels num\u00e9riques internes disponibles en ligne et accessibles de partout.<\/p>\n<h3>Les innovations<\/h3>\n<p>Autre levier de croissance, l\u2019innovation n\u2019est plus seulement aux mains d\u2019experts impliqu\u00e9s dans la recherche et le d\u00e9veloppement. L\u2019innovation est d\u00e9sormais participative : elle implique le personnel de l\u2019entreprise, mais elle est \u00e9galement externe, puisqu\u2019elle fait appel aux clients et aux fournisseurs.<\/p>\n<h3>La dimension sociale et environnementale<\/h3>\n<p>L\u2019entreprise a dor\u00e9navant aux yeux du grand public, une responsabilit\u00e9 de solidarit\u00e9 et une obligation de respect de l\u2019environnement. Ce double engagement doit se concr\u00e9tiser en actions de communication digitale, en cultivant l\u2019esprit d\u2019entreprise autour de valeurs communes et sous forme de participation financi\u00e8re en faveur de bonnes causes.<\/p>\n<h3>Le management de transition<\/h3>\n<p>La mise en place de tous ces leviers de croissance requiert une gestion manag\u00e9riale ne laissant rien au hasard. D\u2019o\u00f9 l\u2019utilit\u00e9 de\u00a0<a href=\"https:\/\/nimeurope.com\/en\/devenir-manager-de-transition-chez-nim-europe\/\" target=\"_blank\" rel=\"noopener noreferrer\"><b>faire appel \u00e0 un manager de transition<\/b><\/a>. Fort d\u2019une solide exp\u00e9rience, celui-ci va mettre en place une strat\u00e9gie de d\u00e9veloppement bas\u00e9e sur l\u2019ensemble des points ci-dessus \u00e9voqu\u00e9s, afin que votre entreprise demeure comp\u00e9titive.<br \/>\nNim Europe, expert en\u00a0<a href=\"https:\/\/nimeurope.com\/en\/management-de-transition-connaitre\/\" target=\"_blank\" rel=\"noopener noreferrer\"><b>management de transition<\/b><\/a>, vous propose des managers permettant \u00e0 toute entreprise d\u2019identifier les leviers de croissance et faire face \u00e0 l\u2019avenir.<\/p>\n<p>D\u00e9couvrez les diff\u00e9rentes fonctions de Manager de Transition :<\/p>\n<ul>\n<li><strong><a href=\"https:\/\/nimeurope.com\/en\/directeur-general-transition\/\" target=\"_blank\" rel=\"noopener noreferrer\">DG de transition<\/a><\/strong><\/li>\n<li><strong><a href=\"https:\/\/nimeurope.com\/en\/directeur-financier-transition-nim-europe\/\" target=\"_blank\" rel=\"noopener noreferrer\">DAF de transition<\/a><\/strong><\/li>\n<li><strong><a href=\"https:\/\/nimeurope.com\/en\/production-industrie-supply-chain-nim-europe\/\" target=\"_blank\" rel=\"noopener noreferrer\">Direction Production, Op\u00e9rations, Supply-chain<\/a><\/strong><\/li>\n<li><strong><a href=\"https:\/\/nimeurope.com\/en\/drh-transition-nim-europe\/\" target=\"_blank\" rel=\"noopener noreferrer\">DRH de transition<\/a><\/strong><\/li>\n<li><strong><a href=\"\/directeur-marketing-commercial-nim-europe\/\" target=\"_blank\" rel=\"noopener noreferrer\">Direction Marketing et Commerciale<\/a><\/strong><\/li>\n<li><strong><a href=\"https:\/\/nimeurope.com\/en\/dsi-de-transition-nim-europe\/\" target=\"_blank\" rel=\"noopener noreferrer\">DSI de transition<\/a><\/strong><\/li>\n<li><a href=\"https:\/\/nimeurope.com\/en\/directeur-expert-transition-nim-europe\/\" target=\"_blank\" rel=\"noopener noreferrer\"><strong>Directions Expertes<\/strong><\/a><\/li>\n<\/ul>\n<p>Vous serez \u00e9galement int\u00e9ress\u00e9 par :<\/p>\n<ul>\n<li><a href=\"https:\/\/nimeurope.com\/en\/gerer-situation-de-crise-entreprise\/\" target=\"_blank\" rel=\"noopener noreferrer\"><b>La gestion d\u2019une situation de crise<\/b><\/a><\/li>\n<li><a href=\"https:\/\/nimeurope.com\/en\/optimisation-tresorerie-nim-europe\/\" target=\"_blank\" rel=\"noopener noreferrer\"><b>L\u2019optimisation de la tr\u00e9sorerie<\/b><\/a><\/li>\n<li><a href=\"https:\/\/nimeurope.com\/en\/climat-social-tendu-nim-europe\/\" target=\"_blank\" rel=\"noopener noreferrer\"><b>Faire face \u00e0 un climat social tendu<\/b><\/a><\/li>\n<li><a href=\"https:\/\/nimeurope.com\/en\/reorganisation-interne-management-de-transition-nim-europe\/\" target=\"_blank\" rel=\"noopener noreferrer\"><b>Mettre en place une r\u00e9organisation en interne<\/b><\/a><\/li>\n<\/ul>\n\t\t\t\t\t\t\t\t<\/div>\n\t\t\t\t<\/div>\n\t\t\t\t\t<\/div>\n\t\t<\/div>\n\t\t\t\t\t<\/div>\n\t\t<\/section>\n\t\t\t\t<section class=\"elementor-section elementor-top-section elementor-element elementor-element-69669361 elementor-section-boxed elementor-section-height-default elementor-section-height-default\" data-id=\"69669361\" data-element_type=\"section\">\n\t\t\t\t\t\t<div class=\"elementor-container elementor-column-gap-default\">\n\t\t\t\t\t<div class=\"elementor-column elementor-col-100 elementor-top-column elementor-element elementor-element-6f7488f6\" data-id=\"6f7488f6\" data-element_type=\"column\">\n\t\t\t<div class=\"elementor-widget-wrap elementor-element-populated\">\n\t\t\t\t\t\t<div class=\"elementor-element elementor-element-2cc6a798 elementor-widget elementor-widget-spacer\" data-id=\"2cc6a798\" data-element_type=\"widget\" data-widget_type=\"spacer.default\">\n\t\t\t\t<div class=\"elementor-widget-container\">\n\t\t\t\t\t\t\t<div class=\"elementor-spacer\">\n\t\t\t<div class=\"elementor-spacer-inner\"><\/div>\n\t\t<\/div>\n\t\t\t\t\t\t<\/div>\n\t\t\t\t<\/div>\n\t\t\t\t\t<\/div>\n\t\t<\/div>\n\t\t\t\t\t<\/div>\n\t\t<\/section>\n\t\t\t\t<\/div>\n\t\t","protected":false},"excerpt":{"rendered":"<p>(Fran\u00e7ais) Comment identifier les leviers de croissance ? | Nim Europe Are you looking for an executive interim manager? +33 1 46 24 85 71 mail@nimeurope.com contact us Become one of our executive interim managers&nbsp;? Submit your CV LEVIERS DE CROISSANCE Toute entreprise, quelle que soit sa taille, doit veiller en permanence \u00e0 l\u2019\u00e9tat de [&hellip;]<\/p>\n","protected":false},"author":13,"featured_media":0,"parent":0,"menu_order":0,"comment_status":"closed","ping_status":"closed","template":"","meta":{"footnotes":""},"class_list":["post-18864","page","type-page","status-publish","hentry","entry"],"yoast_head":"<!-- This site is optimized with the Yoast SEO plugin v26.8 - https:\/\/yoast.com\/product\/yoast-seo-wordpress\/ -->\n<title>(Fran\u00e7ais) Comment identifier les leviers de croissance ? | Nim Europe - NIM Europe<\/title>\n<meta name=\"description\" content=\"Identifier les leviers de croissance d\u2019une entreprise pour l\u2019aider \u00e0 se d\u00e9velopper. Faites appel \u00e0 nos managers de transition dans cette d\u00e9marche.\" \/>\n<meta name=\"robots\" content=\"index, follow, max-snippet:-1, max-image-preview:large, max-video-preview:-1\" \/>\n<link rel=\"canonical\" href=\"https:\/\/nimeurope.com\/en\/leviers-de-croissance-management-de-transition-nim-europe\/\" \/>\n<meta property=\"og:locale\" content=\"en_US\" \/>\n<meta property=\"og:type\" content=\"article\" \/>\n<meta property=\"og:title\" content=\"(Fran\u00e7ais) Comment identifier les leviers de croissance ? | Nim Europe - NIM Europe\" \/>\n<meta property=\"og:description\" content=\"Identifier les leviers de croissance d\u2019une entreprise pour l\u2019aider \u00e0 se d\u00e9velopper. Faites appel \u00e0 nos managers de transition dans cette d\u00e9marche.\" \/>\n<meta property=\"og:url\" content=\"https:\/\/nimeurope.com\/en\/leviers-de-croissance-management-de-transition-nim-europe\/\" \/>\n<meta property=\"og:site_name\" content=\"NIM Europe\" \/>\n<meta property=\"article:modified_time\" content=\"2024-06-21T10:07:17+00:00\" \/>\n<meta property=\"og:image\" content=\"https:\/\/nimeurope.com\/wp-content\/uploads\/2019\/05\/nim_logo_m-min.jpg\" \/>\n\t<meta property=\"og:image:width\" content=\"600\" \/>\n\t<meta property=\"og:image:height\" content=\"300\" \/>\n\t<meta property=\"og:image:type\" content=\"image\/jpeg\" \/>\n<meta name=\"twitter:label1\" content=\"Est. reading time\" \/>\n\t<meta name=\"twitter:data1\" content=\"3 minutes\" \/>\n<script type=\"application\/ld+json\" class=\"yoast-schema-graph\">{\"@context\":\"https:\/\/schema.org\",\"@graph\":[{\"@type\":\"WebPage\",\"@id\":\"https:\/\/nimeurope.com\/en\/leviers-de-croissance-management-de-transition-nim-europe\/\",\"url\":\"https:\/\/nimeurope.com\/en\/leviers-de-croissance-management-de-transition-nim-europe\/\",\"name\":\"(Fran\u00e7ais) Comment identifier les leviers de croissance ? | Nim Europe - NIM Europe\",\"isPartOf\":{\"@id\":\"https:\/\/nimeurope.com\/en\/#website\"},\"datePublished\":\"2020-09-25T12:08:51+00:00\",\"dateModified\":\"2024-06-21T10:07:17+00:00\",\"description\":\"Identifier les leviers de croissance d\u2019une entreprise pour l\u2019aider \u00e0 se d\u00e9velopper. Faites appel \u00e0 nos managers de transition dans cette d\u00e9marche.\",\"breadcrumb\":{\"@id\":\"https:\/\/nimeurope.com\/en\/leviers-de-croissance-management-de-transition-nim-europe\/#breadcrumb\"},\"inLanguage\":\"en-US\",\"potentialAction\":[{\"@type\":\"ReadAction\",\"target\":[\"https:\/\/nimeurope.com\/en\/leviers-de-croissance-management-de-transition-nim-europe\/\"]}]},{\"@type\":\"BreadcrumbList\",\"@id\":\"https:\/\/nimeurope.com\/en\/leviers-de-croissance-management-de-transition-nim-europe\/#breadcrumb\",\"itemListElement\":[{\"@type\":\"ListItem\",\"position\":1,\"name\":\"Home\",\"item\":\"https:\/\/nimeurope.com\/en\/home\/\"},{\"@type\":\"ListItem\",\"position\":2,\"name\":\"(Fran\u00e7ais) Comment identifier les leviers de croissance ? | Nim Europe\"}]},{\"@type\":\"WebSite\",\"@id\":\"https:\/\/nimeurope.com\/en\/#website\",\"url\":\"https:\/\/nimeurope.com\/en\/\",\"name\":\"NIM Europe\",\"description\":\"Nimeurope\",\"potentialAction\":[{\"@type\":\"SearchAction\",\"target\":{\"@type\":\"EntryPoint\",\"urlTemplate\":\"https:\/\/nimeurope.com\/en\/?s={search_term_string}\"},\"query-input\":{\"@type\":\"PropertyValueSpecification\",\"valueRequired\":true,\"valueName\":\"search_term_string\"}}],\"inLanguage\":\"en-US\"}]}<\/script>\n<!-- \/ Yoast SEO plugin. -->","yoast_head_json":{"title":"(Fran\u00e7ais) Comment identifier les leviers de croissance ? | Nim Europe - NIM Europe","description":"Identifier les leviers de croissance d\u2019une entreprise pour l\u2019aider \u00e0 se d\u00e9velopper. Faites appel \u00e0 nos managers de transition dans cette d\u00e9marche.","robots":{"index":"index","follow":"follow","max-snippet":"max-snippet:-1","max-image-preview":"max-image-preview:large","max-video-preview":"max-video-preview:-1"},"canonical":"https:\/\/nimeurope.com\/en\/leviers-de-croissance-management-de-transition-nim-europe\/","og_locale":"en_US","og_type":"article","og_title":"(Fran\u00e7ais) Comment identifier les leviers de croissance ? | Nim Europe - NIM Europe","og_description":"Identifier les leviers de croissance d\u2019une entreprise pour l\u2019aider \u00e0 se d\u00e9velopper. Faites appel \u00e0 nos managers de transition dans cette d\u00e9marche.","og_url":"https:\/\/nimeurope.com\/en\/leviers-de-croissance-management-de-transition-nim-europe\/","og_site_name":"NIM Europe","article_modified_time":"2024-06-21T10:07:17+00:00","og_image":[{"width":600,"height":300,"url":"https:\/\/nimeurope.com\/wp-content\/uploads\/2019\/05\/nim_logo_m-min.jpg","type":"image\/jpeg"}],"twitter_misc":{"Est. reading time":"3 minutes"},"schema":{"@context":"https:\/\/schema.org","@graph":[{"@type":"WebPage","@id":"https:\/\/nimeurope.com\/en\/leviers-de-croissance-management-de-transition-nim-europe\/","url":"https:\/\/nimeurope.com\/en\/leviers-de-croissance-management-de-transition-nim-europe\/","name":"(Fran\u00e7ais) Comment identifier les leviers de croissance ? | Nim Europe - NIM Europe","isPartOf":{"@id":"https:\/\/nimeurope.com\/en\/#website"},"datePublished":"2020-09-25T12:08:51+00:00","dateModified":"2024-06-21T10:07:17+00:00","description":"Identifier les leviers de croissance d\u2019une entreprise pour l\u2019aider \u00e0 se d\u00e9velopper. Faites appel \u00e0 nos managers de transition dans cette d\u00e9marche.","breadcrumb":{"@id":"https:\/\/nimeurope.com\/en\/leviers-de-croissance-management-de-transition-nim-europe\/#breadcrumb"},"inLanguage":"en-US","potentialAction":[{"@type":"ReadAction","target":["https:\/\/nimeurope.com\/en\/leviers-de-croissance-management-de-transition-nim-europe\/"]}]},{"@type":"BreadcrumbList","@id":"https:\/\/nimeurope.com\/en\/leviers-de-croissance-management-de-transition-nim-europe\/#breadcrumb","itemListElement":[{"@type":"ListItem","position":1,"name":"Home","item":"https:\/\/nimeurope.com\/en\/home\/"},{"@type":"ListItem","position":2,"name":"(Fran\u00e7ais) Comment identifier les leviers de croissance ? | Nim Europe"}]},{"@type":"WebSite","@id":"https:\/\/nimeurope.com\/en\/#website","url":"https:\/\/nimeurope.com\/en\/","name":"NIM Europe","description":"Nimeurope","potentialAction":[{"@type":"SearchAction","target":{"@type":"EntryPoint","urlTemplate":"https:\/\/nimeurope.com\/en\/?s={search_term_string}"},"query-input":{"@type":"PropertyValueSpecification","valueRequired":true,"valueName":"search_term_string"}}],"inLanguage":"en-US"}]}},"_links":{"self":[{"href":"https:\/\/nimeurope.com\/en\/wp-json\/wp\/v2\/pages\/18864","targetHints":{"allow":["GET"]}}],"collection":[{"href":"https:\/\/nimeurope.com\/en\/wp-json\/wp\/v2\/pages"}],"about":[{"href":"https:\/\/nimeurope.com\/en\/wp-json\/wp\/v2\/types\/page"}],"author":[{"embeddable":true,"href":"https:\/\/nimeurope.com\/en\/wp-json\/wp\/v2\/users\/13"}],"replies":[{"embeddable":true,"href":"https:\/\/nimeurope.com\/en\/wp-json\/wp\/v2\/comments?post=18864"}],"version-history":[{"count":0,"href":"https:\/\/nimeurope.com\/en\/wp-json\/wp\/v2\/pages\/18864\/revisions"}],"wp:attachment":[{"href":"https:\/\/nimeurope.com\/en\/wp-json\/wp\/v2\/media?parent=18864"}],"curies":[{"name":"wp","href":"https:\/\/api.w.org\/{rel}","templated":true}]}}