{"id":18862,"date":"2023-09-06T17:04:40","date_gmt":"2023-09-06T16:04:40","guid":{"rendered":"https:\/\/nim.yupeek.com\/maj-consentement-rgpd\/"},"modified":"2024-06-11T09:58:08","modified_gmt":"2024-06-11T08:58:08","slug":"maj-consentement-rgpd","status":"publish","type":"page","link":"https:\/\/nimeurope.com\/en\/maj-consentement-rgpd\/","title":{"rendered":"(Fran\u00e7ais) Mettez \u00e0 jour votre Consentement RGPD"},"content":{"rendered":"\t\t<div data-elementor-type=\"wp-page\" data-elementor-id=\"18862\" class=\"elementor elementor-18862 elementor-15722\" data-elementor-post-type=\"page\">\n\t\t\t\t\t\t<section class=\"elementor-section elementor-top-section elementor-element elementor-element-45ddb9f3 elementor-section-boxed elementor-section-height-default elementor-section-height-default\" data-id=\"45ddb9f3\" data-element_type=\"section\">\n\t\t\t\t\t\t<div class=\"elementor-container elementor-column-gap-default\">\n\t\t\t\t\t<div class=\"elementor-column elementor-col-100 elementor-top-column elementor-element elementor-element-2da52c4e\" data-id=\"2da52c4e\" data-element_type=\"column\">\n\t\t\t<div class=\"elementor-widget-wrap elementor-element-populated\">\n\t\t\t\t\t\t<div class=\"elementor-element elementor-element-4a9b0225 elementor-widget elementor-widget-text-editor\" data-id=\"4a9b0225\" data-element_type=\"widget\" data-widget_type=\"text-editor.default\">\n\t\t\t\t<div class=\"elementor-widget-container\">\n\t\t\t\t\t\t\t\t\t<h1>(Fran\u00e7ais)\u00a0Mettez \u00e0 jour votre Consentement RGPD<\/h1>\n\t\t\t\t\t\t\t\t<\/div>\n\t\t\t\t<\/div>\n\t\t\t\t\t<\/div>\n\t\t<\/div>\n\t\t\t\t\t<\/div>\n\t\t<\/section>\n\t\t\t\t<section class=\"elementor-section elementor-top-section elementor-element elementor-element-36c786a5 elementor-section-boxed elementor-section-height-default elementor-section-height-default\" data-id=\"36c786a5\" data-element_type=\"section\">\n\t\t\t\t\t\t<div class=\"elementor-container elementor-column-gap-default\">\n\t\t\t\t\t<div class=\"elementor-column elementor-col-100 elementor-top-column elementor-element elementor-element-2e4569e2\" data-id=\"2e4569e2\" data-element_type=\"column\">\n\t\t\t<div class=\"elementor-widget-wrap elementor-element-populated\">\n\t\t\t\t\t\t<div class=\"elementor-element elementor-element-191ac127 elementor-widget elementor-widget-text-editor\" data-id=\"191ac127\" data-element_type=\"widget\" data-widget_type=\"text-editor.default\">\n\t\t\t\t<div class=\"elementor-widget-container\">\n\t\t\t\t\t\t\t\t\t<p>Votre int\u00e9r\u00eat pour NIM Europe signifie beaucoup pour nous, et nous sommes ravis de continuer \u00e0 partager notre expertise avec vous au travers de nos communications r\u00e9guli\u00e8res. Conform\u00e9ment \u00e0 la r\u00e9glementation RGPD (R\u00e8glement G\u00e9n\u00e9ral sur la Protection des Donn\u00e9es), nous avons besoin de votre consentement explicite pour continuer \u00e0 vous envoyer nos communications.<\/p>\n<h2>POURQUOI RENOUVELER VOTRE CONSENTEMENT ?<\/h2>\n<p><strong>1. Restez inform\u00e9(e) :<\/strong>\u00a0Recevez r\u00e9guli\u00e8rement nos actualit\u00e9s, analyses et points de vue sur les tendances du march\u00e9 du Management de Transition dans votre secteur.<\/p>\n<p><strong>2. D\u00e9couvrez nos missions :<\/strong>\u00a0Soyez parmi les premiers \u00e0 d\u00e9couvrir nos \u00e9tudes de cas et exemples de missions r\u00e9ussies.<\/p>\n<p><strong>3. B\u00e9n\u00e9ficiez de nos conseils :<\/strong>\u00a0Acc\u00e9dez \u00e0 des conseils d\u2019experts pour vous aider dans vos projets et vos d\u00e9fis professionnels.<\/p>\n<h2><\/h2>\n<h2>COMMENT RENOUVELER VOTRE CONSENTEMENT ?<\/h2>\n<p>C\u2019est facile ! Il vous suffit remplir le formulaire ci-dessous : \u00a0 En renouvelant votre consentement, vous continuerez \u00e0 recevoir nos communications informatives et utiles directement dans votre bo\u00eete de r\u00e9ception. [**Renouveler mon consentement RGPD**](lien vers le formulaire de consentement) Nous tenons \u00e0 vous assurer que vos donn\u00e9es resteront en s\u00e9curit\u00e9 et que nous les utiliserons uniquement pour vous fournir des informations pertinentes li\u00e9es \u00e0 NIM Europe. Vous pouvez \u00e0 tout moment modifier vos pr\u00e9f\u00e9rences de communication ou retirer votre consentement en nous contactant \u00e0 [adresse e-mail de contact]. Nous appr\u00e9cions votre confiance et esp\u00e9rons continuer \u00e0 vous fournir des informations de qualit\u00e9. Merci de prendre un moment pour renouveler votre consentement RGPD avec NIM Europe. Restons connect\u00e9s pour un avenir enrichissant et informatif !<\/p>\n\t\t\t\t\t\t\t\t<\/div>\n\t\t\t\t<\/div>\n\t\t\t\t\t<\/div>\n\t\t<\/div>\n\t\t\t\t\t<\/div>\n\t\t<\/section>\n\t\t\t\t<section class=\"elementor-section elementor-top-section elementor-element elementor-element-128983c7 elementor-section-boxed elementor-section-height-default elementor-section-height-default\" data-id=\"128983c7\" data-element_type=\"section\">\n\t\t\t\t\t\t<div class=\"elementor-container elementor-column-gap-default\">\n\t\t\t\t\t<div class=\"elementor-column elementor-col-100 elementor-top-column elementor-element elementor-element-62c8bd31\" data-id=\"62c8bd31\" data-element_type=\"column\">\n\t\t\t<div class=\"elementor-widget-wrap elementor-element-populated\">\n\t\t\t\t\t\t<div class=\"elementor-element elementor-element-4d721682 elementor-widget elementor-widget-spacer\" data-id=\"4d721682\" data-element_type=\"widget\" data-widget_type=\"spacer.default\">\n\t\t\t\t<div class=\"elementor-widget-container\">\n\t\t\t\t\t\t\t<div class=\"elementor-spacer\">\n\t\t\t<div class=\"elementor-spacer-inner\"><\/div>\n\t\t<\/div>\n\t\t\t\t\t\t<\/div>\n\t\t\t\t<\/div>\n\t\t\t\t\t<\/div>\n\t\t<\/div>\n\t\t\t\t\t<\/div>\n\t\t<\/section>\n\t\t\t\t<\/div>\n\t\t","protected":false},"excerpt":{"rendered":"<p>(Fran\u00e7ais)\u00a0Mettez \u00e0 jour votre Consentement RGPD Votre int\u00e9r\u00eat pour NIM Europe signifie beaucoup pour nous, et nous sommes ravis de continuer \u00e0 partager notre expertise avec vous au travers de nos communications r\u00e9guli\u00e8res. Conform\u00e9ment \u00e0 la r\u00e9glementation RGPD (R\u00e8glement G\u00e9n\u00e9ral sur la Protection des Donn\u00e9es), nous avons besoin de votre consentement explicite pour continuer \u00e0 [&hellip;]<\/p>\n","protected":false},"author":13,"featured_media":0,"parent":0,"menu_order":0,"comment_status":"closed","ping_status":"closed","template":"","meta":{"footnotes":""},"class_list":["post-18862","page","type-page","status-publish","hentry","entry"],"yoast_head":"<!-- This site is optimized with the Yoast SEO plugin v26.8 - https:\/\/yoast.com\/product\/yoast-seo-wordpress\/ -->\n<title>(Fran\u00e7ais) Mettez \u00e0 jour votre Consentement RGPD - NIM Europe<\/title>\n<meta name=\"description\" content=\"Devenez Manager de Transition chez NIM Europe en quelques clics. NIM Europe s&#039;engage \u00e0 vous proposer des missions de transition de qualit\u00e9 en lien direct avec votre exp\u00e9rience.\" \/>\n<meta name=\"robots\" content=\"index, follow, max-snippet:-1, max-image-preview:large, max-video-preview:-1\" \/>\n<link rel=\"canonical\" href=\"https:\/\/nimeurope.com\/en\/maj-consentement-rgpd\/\" \/>\n<meta property=\"og:locale\" content=\"en_US\" \/>\n<meta property=\"og:type\" content=\"article\" \/>\n<meta property=\"og:title\" content=\"(Fran\u00e7ais) Mettez \u00e0 jour votre Consentement RGPD - NIM Europe\" \/>\n<meta property=\"og:description\" content=\"Devenez Manager de Transition chez NIM Europe en quelques clics. NIM Europe s&#039;engage \u00e0 vous proposer des missions de transition de qualit\u00e9 en lien direct avec votre exp\u00e9rience.\" \/>\n<meta property=\"og:url\" content=\"https:\/\/nimeurope.com\/en\/maj-consentement-rgpd\/\" \/>\n<meta property=\"og:site_name\" content=\"NIM Europe\" \/>\n<meta property=\"article:modified_time\" content=\"2024-06-11T08:58:08+00:00\" \/>\n<meta property=\"og:image\" content=\"https:\/\/nimeurope.com\/wp-content\/uploads\/2019\/05\/nim_logo_m-min.jpg\" \/>\n\t<meta property=\"og:image:width\" content=\"600\" \/>\n\t<meta property=\"og:image:height\" content=\"300\" \/>\n\t<meta property=\"og:image:type\" content=\"image\/jpeg\" \/>\n<meta name=\"twitter:label1\" content=\"Est. reading time\" \/>\n\t<meta name=\"twitter:data1\" content=\"2 minutes\" \/>\n<script type=\"application\/ld+json\" class=\"yoast-schema-graph\">{\"@context\":\"https:\/\/schema.org\",\"@graph\":[{\"@type\":\"WebPage\",\"@id\":\"https:\/\/nimeurope.com\/en\/maj-consentement-rgpd\/\",\"url\":\"https:\/\/nimeurope.com\/en\/maj-consentement-rgpd\/\",\"name\":\"(Fran\u00e7ais) Mettez \u00e0 jour votre Consentement RGPD - NIM Europe\",\"isPartOf\":{\"@id\":\"https:\/\/nimeurope.com\/en\/#website\"},\"datePublished\":\"2023-09-06T16:04:40+00:00\",\"dateModified\":\"2024-06-11T08:58:08+00:00\",\"description\":\"Devenez Manager de Transition chez NIM Europe en quelques clics. NIM Europe s'engage \u00e0 vous proposer des missions de transition de qualit\u00e9 en lien direct avec votre exp\u00e9rience.\",\"breadcrumb\":{\"@id\":\"https:\/\/nimeurope.com\/en\/maj-consentement-rgpd\/#breadcrumb\"},\"inLanguage\":\"en-US\",\"potentialAction\":[{\"@type\":\"ReadAction\",\"target\":[\"https:\/\/nimeurope.com\/en\/maj-consentement-rgpd\/\"]}]},{\"@type\":\"BreadcrumbList\",\"@id\":\"https:\/\/nimeurope.com\/en\/maj-consentement-rgpd\/#breadcrumb\",\"itemListElement\":[{\"@type\":\"ListItem\",\"position\":1,\"name\":\"Home\",\"item\":\"https:\/\/nimeurope.com\/en\/home\/\"},{\"@type\":\"ListItem\",\"position\":2,\"name\":\"(Fran\u00e7ais) Mettez \u00e0 jour votre Consentement RGPD\"}]},{\"@type\":\"WebSite\",\"@id\":\"https:\/\/nimeurope.com\/en\/#website\",\"url\":\"https:\/\/nimeurope.com\/en\/\",\"name\":\"NIM Europe\",\"description\":\"Nimeurope\",\"potentialAction\":[{\"@type\":\"SearchAction\",\"target\":{\"@type\":\"EntryPoint\",\"urlTemplate\":\"https:\/\/nimeurope.com\/en\/?s={search_term_string}\"},\"query-input\":{\"@type\":\"PropertyValueSpecification\",\"valueRequired\":true,\"valueName\":\"search_term_string\"}}],\"inLanguage\":\"en-US\"}]}<\/script>\n<!-- \/ Yoast SEO plugin. -->","yoast_head_json":{"title":"(Fran\u00e7ais) Mettez \u00e0 jour votre Consentement RGPD - NIM Europe","description":"Devenez Manager de Transition chez NIM Europe en quelques clics. NIM Europe s'engage \u00e0 vous proposer des missions de transition de qualit\u00e9 en lien direct avec votre exp\u00e9rience.","robots":{"index":"index","follow":"follow","max-snippet":"max-snippet:-1","max-image-preview":"max-image-preview:large","max-video-preview":"max-video-preview:-1"},"canonical":"https:\/\/nimeurope.com\/en\/maj-consentement-rgpd\/","og_locale":"en_US","og_type":"article","og_title":"(Fran\u00e7ais) Mettez \u00e0 jour votre Consentement RGPD - NIM Europe","og_description":"Devenez Manager de Transition chez NIM Europe en quelques clics. NIM Europe s'engage \u00e0 vous proposer des missions de transition de qualit\u00e9 en lien direct avec votre exp\u00e9rience.","og_url":"https:\/\/nimeurope.com\/en\/maj-consentement-rgpd\/","og_site_name":"NIM Europe","article_modified_time":"2024-06-11T08:58:08+00:00","og_image":[{"width":600,"height":300,"url":"https:\/\/nimeurope.com\/wp-content\/uploads\/2019\/05\/nim_logo_m-min.jpg","type":"image\/jpeg"}],"twitter_misc":{"Est. reading time":"2 minutes"},"schema":{"@context":"https:\/\/schema.org","@graph":[{"@type":"WebPage","@id":"https:\/\/nimeurope.com\/en\/maj-consentement-rgpd\/","url":"https:\/\/nimeurope.com\/en\/maj-consentement-rgpd\/","name":"(Fran\u00e7ais) Mettez \u00e0 jour votre Consentement RGPD - NIM Europe","isPartOf":{"@id":"https:\/\/nimeurope.com\/en\/#website"},"datePublished":"2023-09-06T16:04:40+00:00","dateModified":"2024-06-11T08:58:08+00:00","description":"Devenez Manager de Transition chez NIM Europe en quelques clics. NIM Europe s'engage \u00e0 vous proposer des missions de transition de qualit\u00e9 en lien direct avec votre exp\u00e9rience.","breadcrumb":{"@id":"https:\/\/nimeurope.com\/en\/maj-consentement-rgpd\/#breadcrumb"},"inLanguage":"en-US","potentialAction":[{"@type":"ReadAction","target":["https:\/\/nimeurope.com\/en\/maj-consentement-rgpd\/"]}]},{"@type":"BreadcrumbList","@id":"https:\/\/nimeurope.com\/en\/maj-consentement-rgpd\/#breadcrumb","itemListElement":[{"@type":"ListItem","position":1,"name":"Home","item":"https:\/\/nimeurope.com\/en\/home\/"},{"@type":"ListItem","position":2,"name":"(Fran\u00e7ais) Mettez \u00e0 jour votre Consentement RGPD"}]},{"@type":"WebSite","@id":"https:\/\/nimeurope.com\/en\/#website","url":"https:\/\/nimeurope.com\/en\/","name":"NIM Europe","description":"Nimeurope","potentialAction":[{"@type":"SearchAction","target":{"@type":"EntryPoint","urlTemplate":"https:\/\/nimeurope.com\/en\/?s={search_term_string}"},"query-input":{"@type":"PropertyValueSpecification","valueRequired":true,"valueName":"search_term_string"}}],"inLanguage":"en-US"}]}},"_links":{"self":[{"href":"https:\/\/nimeurope.com\/en\/wp-json\/wp\/v2\/pages\/18862","targetHints":{"allow":["GET"]}}],"collection":[{"href":"https:\/\/nimeurope.com\/en\/wp-json\/wp\/v2\/pages"}],"about":[{"href":"https:\/\/nimeurope.com\/en\/wp-json\/wp\/v2\/types\/page"}],"author":[{"embeddable":true,"href":"https:\/\/nimeurope.com\/en\/wp-json\/wp\/v2\/users\/13"}],"replies":[{"embeddable":true,"href":"https:\/\/nimeurope.com\/en\/wp-json\/wp\/v2\/comments?post=18862"}],"version-history":[{"count":0,"href":"https:\/\/nimeurope.com\/en\/wp-json\/wp\/v2\/pages\/18862\/revisions"}],"wp:attachment":[{"href":"https:\/\/nimeurope.com\/en\/wp-json\/wp\/v2\/media?parent=18862"}],"curies":[{"name":"wp","href":"https:\/\/api.w.org\/{rel}","templated":true}]}}