{"id":18861,"date":"2014-09-04T09:49:59","date_gmt":"2014-09-04T07:49:59","guid":{"rendered":"https:\/\/nim.yupeek.com\/mentions-legales\/"},"modified":"2024-06-21T10:42:18","modified_gmt":"2024-06-21T09:42:18","slug":"mentions-legales","status":"publish","type":"page","link":"https:\/\/nimeurope.com\/en\/mentions-legales\/","title":{"rendered":"Legal Notice"},"content":{"rendered":"\t\t<div data-elementor-type=\"wp-page\" data-elementor-id=\"18861\" class=\"elementor elementor-18861 elementor-1402\" data-elementor-post-type=\"page\">\n\t\t\t\t\t\t<section class=\"elementor-section elementor-top-section elementor-element elementor-element-489dd224 elementor-section-boxed elementor-section-height-default elementor-section-height-default\" data-id=\"489dd224\" data-element_type=\"section\">\n\t\t\t\t\t\t<div class=\"elementor-container elementor-column-gap-default\">\n\t\t\t\t\t<div class=\"elementor-column elementor-col-100 elementor-top-column elementor-element elementor-element-6559ff1e\" data-id=\"6559ff1e\" data-element_type=\"column\">\n\t\t\t<div class=\"elementor-widget-wrap elementor-element-populated\">\n\t\t\t\t\t\t<div class=\"elementor-element elementor-element-7308e879 elementor-widget elementor-widget-text-editor\" data-id=\"7308e879\" data-element_type=\"widget\" data-widget_type=\"text-editor.default\">\n\t\t\t\t<div class=\"elementor-widget-container\">\n\t\t\t\t\t\t\t\t\t<h1>Legal Notice<\/h1>\n\t\t\t\t\t\t\t\t<\/div>\n\t\t\t\t<\/div>\n\t\t\t\t\t<\/div>\n\t\t<\/div>\n\t\t\t\t\t<\/div>\n\t\t<\/section>\n\t\t\t\t<section class=\"elementor-section elementor-top-section elementor-element elementor-element-1151b717 elementor-section-boxed elementor-section-height-default elementor-section-height-default\" data-id=\"1151b717\" data-element_type=\"section\">\n\t\t\t\t\t\t<div class=\"elementor-container elementor-column-gap-default\">\n\t\t\t\t\t<div class=\"elementor-column elementor-col-100 elementor-top-column elementor-element elementor-element-18a7fefc\" data-id=\"18a7fefc\" data-element_type=\"column\">\n\t\t\t<div class=\"elementor-widget-wrap elementor-element-populated\">\n\t\t\t\t\t\t<div class=\"elementor-element elementor-element-5057d8ac elementor-widget elementor-widget-text-editor\" data-id=\"5057d8ac\" data-element_type=\"widget\" data-widget_type=\"text-editor.default\">\n\t\t\t\t<div class=\"elementor-widget-container\">\n\t\t\t\t\t\t\t\t\t<h3>SAS Nim<\/h3>\n<p><strong>Responsable de la publication :<\/strong>\u00a0St\u00e9phane Mellinger<\/p>\n<h3>Adresse :<\/h3>\n<p>82, boulevard Haussmann \u2013 75008 Paris, France\u00a0<strong>T\u00e9l. :<\/strong>\u00a0+ 33 (0) 1 46 24 85 71\u00a0<strong>E-mail :<\/strong>\u00a0<strong><a href=\"mailto:%20contact@nimeurope.com\" target=\"_blank\" rel=\"noopener noreferrer\">contact@nimeurope.com<\/a><\/strong><\/p>\n<h3>Cr\u00e9dits<\/h3>\n<p><strong>Photographies :<\/strong>\u00a0NIM Europe\u00a0<strong>Cr\u00e9ation graphique, D\u00e9veloppement &amp; int\u00e9gration\u00a0:<\/strong>\u00a0NetInteractive, Webpublication.fr\u00a0<strong>H\u00e9bergement :<\/strong>\u00a0SAS OVH \u2013 2, rue Kellermann \u2013 BP 80157 \u2013 59100 Roubaix<\/p>\n\t\t\t\t\t\t\t\t<\/div>\n\t\t\t\t<\/div>\n\t\t\t\t\t<\/div>\n\t\t<\/div>\n\t\t\t\t\t<\/div>\n\t\t<\/section>\n\t\t\t\t<section class=\"elementor-section elementor-top-section elementor-element elementor-element-7194a2c8 elementor-section-boxed elementor-section-height-default elementor-section-height-default\" data-id=\"7194a2c8\" data-element_type=\"section\">\n\t\t\t\t\t\t<div class=\"elementor-container elementor-column-gap-default\">\n\t\t\t\t\t<div class=\"elementor-column elementor-col-100 elementor-top-column elementor-element elementor-element-26a65d73\" data-id=\"26a65d73\" data-element_type=\"column\">\n\t\t\t<div class=\"elementor-widget-wrap elementor-element-populated\">\n\t\t\t\t\t\t<div class=\"elementor-element elementor-element-29ecb8b1 elementor-widget elementor-widget-spacer\" data-id=\"29ecb8b1\" data-element_type=\"widget\" data-widget_type=\"spacer.default\">\n\t\t\t\t<div class=\"elementor-widget-container\">\n\t\t\t\t\t\t\t<div class=\"elementor-spacer\">\n\t\t\t<div class=\"elementor-spacer-inner\"><\/div>\n\t\t<\/div>\n\t\t\t\t\t\t<\/div>\n\t\t\t\t<\/div>\n\t\t\t\t\t<\/div>\n\t\t<\/div>\n\t\t\t\t\t<\/div>\n\t\t<\/section>\n\t\t\t\t<\/div>\n\t\t","protected":false},"excerpt":{"rendered":"<p>Legal Notice SAS Nim Responsable de la publication :\u00a0St\u00e9phane Mellinger Adresse : 82, boulevard Haussmann \u2013 75008 Paris, France\u00a0T\u00e9l. :\u00a0+ 33 (0) 1 46 24 85 71\u00a0E-mail :\u00a0contact@nimeurope.com Cr\u00e9dits Photographies :\u00a0NIM Europe\u00a0Cr\u00e9ation graphique, D\u00e9veloppement &amp; int\u00e9gration\u00a0:\u00a0NetInteractive, Webpublication.fr\u00a0H\u00e9bergement :\u00a0SAS OVH \u2013 2, rue Kellermann \u2013 BP 80157 \u2013 59100 Roubaix<\/p>\n","protected":false},"author":13,"featured_media":0,"parent":0,"menu_order":0,"comment_status":"closed","ping_status":"closed","template":"","meta":{"footnotes":""},"class_list":["post-18861","page","type-page","status-publish","hentry","entry"],"yoast_head":"<!-- This site is optimized with the Yoast SEO plugin v26.8 - https:\/\/yoast.com\/product\/yoast-seo-wordpress\/ -->\n<title>Legal Notice - NIM Europe<\/title>\n<meta name=\"description\" content=\"NIM s&#039;engage \u00e0 respecter la confidentialit\u00e9 de ses utilisateurs. Nous voulons en effet vous fournir un service des plus s\u00fbrs et c&#039;est la raison pour laquelle nous ferons le maximum pour que les informations que vous nous transmettez demeurent confidentielles.\" \/>\n<meta name=\"robots\" content=\"index, follow, max-snippet:-1, max-image-preview:large, max-video-preview:-1\" \/>\n<link rel=\"canonical\" href=\"https:\/\/nimeurope.com\/en\/mentions-legales\/\" \/>\n<meta property=\"og:locale\" content=\"en_US\" \/>\n<meta property=\"og:type\" content=\"article\" \/>\n<meta property=\"og:title\" content=\"Legal Notice - NIM Europe\" \/>\n<meta property=\"og:description\" content=\"NIM s&#039;engage \u00e0 respecter la confidentialit\u00e9 de ses utilisateurs. Nous voulons en effet vous fournir un service des plus s\u00fbrs et c&#039;est la raison pour laquelle nous ferons le maximum pour que les informations que vous nous transmettez demeurent confidentielles.\" \/>\n<meta property=\"og:url\" content=\"https:\/\/nimeurope.com\/en\/mentions-legales\/\" \/>\n<meta property=\"og:site_name\" content=\"NIM Europe\" \/>\n<meta property=\"article:modified_time\" content=\"2024-06-21T09:42:18+00:00\" \/>\n<meta property=\"og:image\" content=\"https:\/\/nimeurope.com\/wp-content\/uploads\/2019\/05\/nim_logo_m-min.jpg\" \/>\n\t<meta property=\"og:image:width\" content=\"600\" \/>\n\t<meta property=\"og:image:height\" content=\"300\" \/>\n\t<meta property=\"og:image:type\" content=\"image\/jpeg\" \/>\n<meta name=\"twitter:label1\" content=\"Est. reading time\" \/>\n\t<meta name=\"twitter:data1\" content=\"1 minute\" \/>\n<script type=\"application\/ld+json\" class=\"yoast-schema-graph\">{\"@context\":\"https:\/\/schema.org\",\"@graph\":[{\"@type\":\"WebPage\",\"@id\":\"https:\/\/nimeurope.com\/en\/mentions-legales\/\",\"url\":\"https:\/\/nimeurope.com\/en\/mentions-legales\/\",\"name\":\"Legal Notice - NIM Europe\",\"isPartOf\":{\"@id\":\"https:\/\/nimeurope.com\/en\/#website\"},\"datePublished\":\"2014-09-04T07:49:59+00:00\",\"dateModified\":\"2024-06-21T09:42:18+00:00\",\"description\":\"NIM s'engage \u00e0 respecter la confidentialit\u00e9 de ses utilisateurs. Nous voulons en effet vous fournir un service des plus s\u00fbrs et c'est la raison pour laquelle nous ferons le maximum pour que les informations que vous nous transmettez demeurent confidentielles.\",\"breadcrumb\":{\"@id\":\"https:\/\/nimeurope.com\/en\/mentions-legales\/#breadcrumb\"},\"inLanguage\":\"en-US\",\"potentialAction\":[{\"@type\":\"ReadAction\",\"target\":[\"https:\/\/nimeurope.com\/en\/mentions-legales\/\"]}]},{\"@type\":\"BreadcrumbList\",\"@id\":\"https:\/\/nimeurope.com\/en\/mentions-legales\/#breadcrumb\",\"itemListElement\":[{\"@type\":\"ListItem\",\"position\":1,\"name\":\"Home\",\"item\":\"https:\/\/nimeurope.com\/en\/home\/\"},{\"@type\":\"ListItem\",\"position\":2,\"name\":\"Legal Notice\"}]},{\"@type\":\"WebSite\",\"@id\":\"https:\/\/nimeurope.com\/en\/#website\",\"url\":\"https:\/\/nimeurope.com\/en\/\",\"name\":\"NIM Europe\",\"description\":\"Nimeurope\",\"potentialAction\":[{\"@type\":\"SearchAction\",\"target\":{\"@type\":\"EntryPoint\",\"urlTemplate\":\"https:\/\/nimeurope.com\/en\/?s={search_term_string}\"},\"query-input\":{\"@type\":\"PropertyValueSpecification\",\"valueRequired\":true,\"valueName\":\"search_term_string\"}}],\"inLanguage\":\"en-US\"}]}<\/script>\n<!-- \/ Yoast SEO plugin. -->","yoast_head_json":{"title":"Legal Notice - NIM Europe","description":"NIM s'engage \u00e0 respecter la confidentialit\u00e9 de ses utilisateurs. Nous voulons en effet vous fournir un service des plus s\u00fbrs et c'est la raison pour laquelle nous ferons le maximum pour que les informations que vous nous transmettez demeurent confidentielles.","robots":{"index":"index","follow":"follow","max-snippet":"max-snippet:-1","max-image-preview":"max-image-preview:large","max-video-preview":"max-video-preview:-1"},"canonical":"https:\/\/nimeurope.com\/en\/mentions-legales\/","og_locale":"en_US","og_type":"article","og_title":"Legal Notice - NIM Europe","og_description":"NIM s'engage \u00e0 respecter la confidentialit\u00e9 de ses utilisateurs. Nous voulons en effet vous fournir un service des plus s\u00fbrs et c'est la raison pour laquelle nous ferons le maximum pour que les informations que vous nous transmettez demeurent confidentielles.","og_url":"https:\/\/nimeurope.com\/en\/mentions-legales\/","og_site_name":"NIM Europe","article_modified_time":"2024-06-21T09:42:18+00:00","og_image":[{"width":600,"height":300,"url":"https:\/\/nimeurope.com\/wp-content\/uploads\/2019\/05\/nim_logo_m-min.jpg","type":"image\/jpeg"}],"twitter_misc":{"Est. reading time":"1 minute"},"schema":{"@context":"https:\/\/schema.org","@graph":[{"@type":"WebPage","@id":"https:\/\/nimeurope.com\/en\/mentions-legales\/","url":"https:\/\/nimeurope.com\/en\/mentions-legales\/","name":"Legal Notice - NIM Europe","isPartOf":{"@id":"https:\/\/nimeurope.com\/en\/#website"},"datePublished":"2014-09-04T07:49:59+00:00","dateModified":"2024-06-21T09:42:18+00:00","description":"NIM s'engage \u00e0 respecter la confidentialit\u00e9 de ses utilisateurs. Nous voulons en effet vous fournir un service des plus s\u00fbrs et c'est la raison pour laquelle nous ferons le maximum pour que les informations que vous nous transmettez demeurent confidentielles.","breadcrumb":{"@id":"https:\/\/nimeurope.com\/en\/mentions-legales\/#breadcrumb"},"inLanguage":"en-US","potentialAction":[{"@type":"ReadAction","target":["https:\/\/nimeurope.com\/en\/mentions-legales\/"]}]},{"@type":"BreadcrumbList","@id":"https:\/\/nimeurope.com\/en\/mentions-legales\/#breadcrumb","itemListElement":[{"@type":"ListItem","position":1,"name":"Home","item":"https:\/\/nimeurope.com\/en\/home\/"},{"@type":"ListItem","position":2,"name":"Legal Notice"}]},{"@type":"WebSite","@id":"https:\/\/nimeurope.com\/en\/#website","url":"https:\/\/nimeurope.com\/en\/","name":"NIM Europe","description":"Nimeurope","potentialAction":[{"@type":"SearchAction","target":{"@type":"EntryPoint","urlTemplate":"https:\/\/nimeurope.com\/en\/?s={search_term_string}"},"query-input":{"@type":"PropertyValueSpecification","valueRequired":true,"valueName":"search_term_string"}}],"inLanguage":"en-US"}]}},"_links":{"self":[{"href":"https:\/\/nimeurope.com\/en\/wp-json\/wp\/v2\/pages\/18861","targetHints":{"allow":["GET"]}}],"collection":[{"href":"https:\/\/nimeurope.com\/en\/wp-json\/wp\/v2\/pages"}],"about":[{"href":"https:\/\/nimeurope.com\/en\/wp-json\/wp\/v2\/types\/page"}],"author":[{"embeddable":true,"href":"https:\/\/nimeurope.com\/en\/wp-json\/wp\/v2\/users\/13"}],"replies":[{"embeddable":true,"href":"https:\/\/nimeurope.com\/en\/wp-json\/wp\/v2\/comments?post=18861"}],"version-history":[{"count":0,"href":"https:\/\/nimeurope.com\/en\/wp-json\/wp\/v2\/pages\/18861\/revisions"}],"wp:attachment":[{"href":"https:\/\/nimeurope.com\/en\/wp-json\/wp\/v2\/media?parent=18861"}],"curies":[{"name":"wp","href":"https:\/\/api.w.org\/{rel}","templated":true}]}}